{"id":4591,"date":"2018-02-14T13:12:42","date_gmt":"2018-02-14T11:12:42","guid":{"rendered":"https:\/\/www.fractioncollector.info\/faq-haeufig-gestellte-fragen-zu-fraktionssammlern\/mehrkanal-anpassung\/"},"modified":"2026-04-28T18:50:49","modified_gmt":"2026-04-28T16:50:49","slug":"mehrkanal-anpassung","status":"publish","type":"page","link":"https:\/\/www.fractioncollector.info\/de\/faq-haeufig-gestellte-fragen-zu-fraktionssammlern\/mehrkanal-anpassung\/","title":{"rendered":"Mehrkanal-Anpassung"},"content":{"rendered":"<div id=\"pl-4591\"  class=\"panel-layout\" ><div id=\"pg-4591-0\"  class=\"panel-grid panel-has-style\"  style=\"margin-bottom: 50px\" ><div class=\"siteorigin-panels-stretch panel-row-style-full-width panel-row-style panel-row-style-for-4591-0\" style=\"padding: 0px 0px 0px 0px;\" data-stretch-type=\"full-width-stretch\" ><div id=\"pgc-4591-0-0\"  class=\"panel-grid-cell\" ><div id=\"panel-4591-0-0-0\" class=\"so-panel widget widget_black-studio-tinymce widget_black_studio_tinymce panel-first-child panel-last-child\" data-index=\"0\" ><div style=\"padding: 50px;\" class=\"panel-widget-style panel-widget-style-for-4591-0-0-0\" ><div class=\"textwidget\"><h1 style=\"color: white; text-align: center; font-size: 35px; text-shadow: 1px 1px #000000; line-height: 100%;\">FAQ - FREQUENTLY ASKED QUESTIONS<\/h1>\n<h2 style=\"color: white; text-align: center; text-shadow: 1px 1px #000000;\">Simultaneous multi-stream customization<\/h2>\n<\/div><\/div><\/div><\/div><\/div><\/div><div id=\"pg-4591-1\"  class=\"panel-grid panel-has-style\"  style=\"margin-bottom: 50px\" ><div class=\"siteorigin-panels-stretch panel-row-style-full-width panel-row-style panel-row-style-for-4591-1\" data-stretch-type=\"full\" ><div id=\"pgc-4591-1-0\"  class=\"panel-grid-cell\" ><div id=\"panel-4591-1-0-0\" class=\"so-panel widget widget_black-studio-tinymce widget_black_studio_tinymce panel-first-child\" data-index=\"1\" style=\"margin-bottom: 50px\" ><div class=\"textwidget\"><h1 class=\"widget-title\">FAQ: Simultaneous multi-stream customization<\/h1>\n<p>Frequently asked questions regarding customization possibilities of multi-channel fraction collection according to the simultaneous experiments.<\/p>\n<p>\u00a0<\/p>\n<\/div><\/div><div id=\"panel-4591-1-0-1\" class=\"so-panel widget widget_black-studio-tinymce widget_black_studio_tinymce\" data-index=\"2\" style=\"margin-bottom: 50px\" ><div class=\"textwidget\"><blockquote>\n<h4 id=\"simultaneous-multi-stream-fraction-collection\"><span style=\"color: #60351d;\"><strong>Do you also sell different heads to the collector that would allow collection into multiple racks at once?<\/strong><\/span><\/h4>\n<\/blockquote>\n<p>We have a special customization for collecting fractions into multiple racks at once, i.e. multi-stream configuration. Please refer\u00a0<a href=\"https:\/\/www.fractioncollector.info\/multi-stream-fraction-collection\/\">www.fractioncollector.info\/multi-stream-fraction-collection\/<\/a>.\u00a0<\/p>\n<p>\u00a0<\/p>\n<\/div><\/div><div id=\"panel-4591-1-0-2\" class=\"so-panel widget widget_black-studio-tinymce widget_black_studio_tinymce panel-last-child\" data-index=\"3\" ><div class=\"textwidget\"><blockquote>\n<h4><span style=\"color: #60351d;\"><strong>Can we do some DIY work, say if we were going to use one stream occasionally, can we remove the other streams and do some X-Y collection by programming it ourselves?<\/strong><\/span><\/h4>\n<\/blockquote>\n<p>Yes, you could remove the other streams set-up from the OMNICOLL control unit and could use only one stream with redone magnetic strip for X-Y collection.<\/p>\n<\/div><\/div><\/div><\/div><\/div><\/div>","protected":false},"excerpt":{"rendered":"<p>FAQ &#8211; FREQUENTLY ASKED QUESTIONS Simultaneous multi-stream customization FAQ: Simultaneous multi-stream customizationFrequently asked questions regarding customization possibilities of multi-channel fraction collection according to the simultaneous experiments.\u00a0 Do you also sell different heads to the collector that would allow collection into multiple racks at once?We have a special customization for collecting fractions into multiple racks at [&hellip;]<\/p>\n","protected":false},"author":2,"featured_media":4388,"parent":4417,"menu_order":1,"comment_status":"closed","ping_status":"closed","template":"","meta":{"footnotes":""},"class_list":["post-4591","page","type-page","status-publish","has-post-thumbnail","hentry","post","post-with-thumbnail","post-with-thumbnail-icon"],"yoast_head":"<!-- This site is optimized with the Yoast SEO plugin v27.6 - https:\/\/yoast.com\/product\/yoast-seo-wordpress\/ -->\n<title>Mehrkanal-Anpassung &#8211; LAMBDA OMNICOLL | LAMBDA Laboratory Instruments<\/title>\n<meta name=\"description\" content=\"H\u00e4ufig gestellte Fragen zu den Anpassungsm\u00f6glichkeiten der Mehrkanal-Fraktionssammlung f\u00fcr simultane chromatographische Experimente.\" \/>\n<meta name=\"robots\" content=\"index, follow, max-snippet:-1, max-image-preview:large, max-video-preview:-1\" \/>\n<link rel=\"canonical\" href=\"https:\/\/www.fractioncollector.info\/de\/faq-haeufig-gestellte-fragen-zu-fraktionssammlern\/mehrkanal-anpassung\/\" \/>\n<meta property=\"og:locale\" content=\"de_DE\" \/>\n<meta property=\"og:type\" content=\"article\" \/>\n<meta property=\"og:title\" content=\"Mehrkanal-Anpassung &#8211; LAMBDA OMNICOLL | LAMBDA Laboratory Instruments\" \/>\n<meta property=\"og:description\" content=\"H\u00e4ufig gestellte Fragen zu den Anpassungsm\u00f6glichkeiten der Mehrkanal-Fraktionssammlung f\u00fcr simultane chromatographische Experimente.\" \/>\n<meta property=\"og:url\" content=\"https:\/\/www.fractioncollector.info\/de\/faq-haeufig-gestellte-fragen-zu-fraktionssammlern\/mehrkanal-anpassung\/\" \/>\n<meta property=\"og:site_name\" content=\"LAMBDA OMNICOLL | LAMBDA Laboratory Instruments\" \/>\n<meta property=\"article:publisher\" content=\"https:\/\/www.facebook.com\/LambdaLaboratoryInstrumentsCzSro\/\" \/>\n<meta property=\"article:modified_time\" content=\"2026-04-28T16:50:49+00:00\" \/>\n<meta property=\"og:image\" content=\"https:\/\/www.fractioncollector.info\/wp-content\/uploads\/OMNICOLL-fraction-collector-Sampler_1x6-mobile-multichannel-configuration-with-96-well-plates.jpg\" \/>\n\t<meta property=\"og:image:width\" content=\"2448\" \/>\n\t<meta property=\"og:image:height\" content=\"2448\" \/>\n\t<meta property=\"og:image:type\" content=\"image\/jpeg\" \/>\n<meta name=\"twitter:card\" content=\"summary_large_image\" \/>\n<meta name=\"twitter:site\" content=\"@LAMBDA_Labinstr\" \/>\n<meta name=\"twitter:label1\" content=\"Gesch\u00e4tzte Lesezeit\" \/>\n\t<meta name=\"twitter:data1\" content=\"1\u00a0Minute\" \/>\n<script type=\"application\/ld+json\" class=\"yoast-schema-graph\">{\"@context\":\"https:\\\/\\\/schema.org\",\"@graph\":[{\"@type\":\"WebPage\",\"@id\":\"https:\\\/\\\/www.fractioncollector.info\\\/de\\\/faq-haeufig-gestellte-fragen-zu-fraktionssammlern\\\/mehrkanal-anpassung\\\/\",\"url\":\"https:\\\/\\\/www.fractioncollector.info\\\/de\\\/faq-haeufig-gestellte-fragen-zu-fraktionssammlern\\\/mehrkanal-anpassung\\\/\",\"name\":\"Mehrkanal-Anpassung &#8211; LAMBDA OMNICOLL | LAMBDA Laboratory Instruments\",\"isPartOf\":{\"@id\":\"https:\\\/\\\/www.fractioncollector.info\\\/de\\\/#website\"},\"primaryImageOfPage\":{\"@id\":\"https:\\\/\\\/www.fractioncollector.info\\\/de\\\/faq-haeufig-gestellte-fragen-zu-fraktionssammlern\\\/mehrkanal-anpassung\\\/#primaryimage\"},\"image\":{\"@id\":\"https:\\\/\\\/www.fractioncollector.info\\\/de\\\/faq-haeufig-gestellte-fragen-zu-fraktionssammlern\\\/mehrkanal-anpassung\\\/#primaryimage\"},\"thumbnailUrl\":\"https:\\\/\\\/www.fractioncollector.info\\\/wp-content\\\/uploads\\\/OMNICOLL-fraction-collector-Sampler_1x6-mobile-multichannel-configuration-with-96-well-plates.jpg\",\"datePublished\":\"2018-02-14T11:12:42+00:00\",\"dateModified\":\"2026-04-28T16:50:49+00:00\",\"description\":\"H\u00e4ufig gestellte Fragen zu den Anpassungsm\u00f6glichkeiten der Mehrkanal-Fraktionssammlung f\u00fcr simultane chromatographische Experimente.\",\"breadcrumb\":{\"@id\":\"https:\\\/\\\/www.fractioncollector.info\\\/de\\\/faq-haeufig-gestellte-fragen-zu-fraktionssammlern\\\/mehrkanal-anpassung\\\/#breadcrumb\"},\"inLanguage\":\"de\",\"potentialAction\":[{\"@type\":\"ReadAction\",\"target\":[\"https:\\\/\\\/www.fractioncollector.info\\\/de\\\/faq-haeufig-gestellte-fragen-zu-fraktionssammlern\\\/mehrkanal-anpassung\\\/\"]}]},{\"@type\":\"ImageObject\",\"inLanguage\":\"de\",\"@id\":\"https:\\\/\\\/www.fractioncollector.info\\\/de\\\/faq-haeufig-gestellte-fragen-zu-fraktionssammlern\\\/mehrkanal-anpassung\\\/#primaryimage\",\"url\":\"https:\\\/\\\/www.fractioncollector.info\\\/wp-content\\\/uploads\\\/OMNICOLL-fraction-collector-Sampler_1x6-mobile-multichannel-configuration-with-96-well-plates.jpg\",\"contentUrl\":\"https:\\\/\\\/www.fractioncollector.info\\\/wp-content\\\/uploads\\\/OMNICOLL-fraction-collector-Sampler_1x6-mobile-multichannel-configuration-with-96-well-plates.jpg\",\"width\":2448,\"height\":2448,\"caption\":\"Automatischer Mehrkanal-Fraktionssammler f\u00fcr 6 simultane Str\u00f6me (1x6) in 96-Well-Platten\"},{\"@type\":\"BreadcrumbList\",\"@id\":\"https:\\\/\\\/www.fractioncollector.info\\\/de\\\/faq-haeufig-gestellte-fragen-zu-fraktionssammlern\\\/mehrkanal-anpassung\\\/#breadcrumb\",\"itemListElement\":[{\"@type\":\"ListItem\",\"position\":1,\"name\":\"Home\",\"item\":\"https:\\\/\\\/www.fractioncollector.info\\\/de\\\/\"},{\"@type\":\"ListItem\",\"position\":2,\"name\":\"FAQ \u2013 H\u00e4ufig gestellte Fragen zu Fraktionssammlern\",\"item\":\"https:\\\/\\\/www.fractioncollector.info\\\/de\\\/faq-haeufig-gestellte-fragen-zu-fraktionssammlern\\\/\"},{\"@type\":\"ListItem\",\"position\":3,\"name\":\"Mehrkanal-Anpassung\"}]},{\"@type\":\"WebSite\",\"@id\":\"https:\\\/\\\/www.fractioncollector.info\\\/de\\\/#website\",\"url\":\"https:\\\/\\\/www.fractioncollector.info\\\/de\\\/\",\"name\":\"LAMBDA OMNICOLL\",\"description\":\"fraction collector &amp; auto-sampler\",\"publisher\":{\"@id\":\"https:\\\/\\\/www.fractioncollector.info\\\/de\\\/#organization\"},\"potentialAction\":[{\"@type\":\"SearchAction\",\"target\":{\"@type\":\"EntryPoint\",\"urlTemplate\":\"https:\\\/\\\/www.fractioncollector.info\\\/de\\\/?s={search_term_string}\"},\"query-input\":{\"@type\":\"PropertyValueSpecification\",\"valueRequired\":true,\"valueName\":\"search_term_string\"}}],\"inLanguage\":\"de\"},{\"@type\":\"Organization\",\"@id\":\"https:\\\/\\\/www.fractioncollector.info\\\/de\\\/#organization\",\"name\":\"LAMBDA Laborger\u00e4te\",\"url\":\"https:\\\/\\\/www.fractioncollector.info\\\/de\\\/\",\"logo\":{\"@type\":\"ImageObject\",\"inLanguage\":\"de\",\"@id\":\"https:\\\/\\\/www.fractioncollector.info\\\/de\\\/#\\\/schema\\\/logo\\\/image\\\/\",\"url\":\"https:\\\/\\\/www.fractioncollector.info\\\/wp-content\\\/uploads\\\/lambda-logo.jpg\",\"contentUrl\":\"https:\\\/\\\/www.fractioncollector.info\\\/wp-content\\\/uploads\\\/lambda-logo.jpg\",\"width\":1599,\"height\":365,\"caption\":\"LAMBDA Laborger\u00e4te\"},\"image\":{\"@id\":\"https:\\\/\\\/www.fractioncollector.info\\\/de\\\/#\\\/schema\\\/logo\\\/image\\\/\"},\"sameAs\":[\"https:\\\/\\\/www.facebook.com\\\/LambdaLaboratoryInstrumentsCzSro\\\/\",\"https:\\\/\\\/x.com\\\/LAMBDA_Labinstr\",\"https:\\\/\\\/www.instagram.com\\\/lambdainstruments\\\/\",\"https:\\\/\\\/www.linkedin.com\\\/company\\\/lambda-laboratory-instruments?trk=biz-companies-cym\",\"https:\\\/\\\/www.pinterest.com\\\/lambdacz\\\/\",\"https:\\\/\\\/www.youtube.com\\\/user\\\/LambdaCZ\"]}]}<\/script>\n<!-- \/ Yoast SEO plugin. -->","yoast_head_json":{"title":"Mehrkanal-Anpassung &#8211; LAMBDA OMNICOLL | LAMBDA Laboratory Instruments","description":"H\u00e4ufig gestellte Fragen zu den Anpassungsm\u00f6glichkeiten der Mehrkanal-Fraktionssammlung f\u00fcr simultane chromatographische Experimente.","robots":{"index":"index","follow":"follow","max-snippet":"max-snippet:-1","max-image-preview":"max-image-preview:large","max-video-preview":"max-video-preview:-1"},"canonical":"https:\/\/www.fractioncollector.info\/de\/faq-haeufig-gestellte-fragen-zu-fraktionssammlern\/mehrkanal-anpassung\/","og_locale":"de_DE","og_type":"article","og_title":"Mehrkanal-Anpassung &#8211; LAMBDA OMNICOLL | LAMBDA Laboratory Instruments","og_description":"H\u00e4ufig gestellte Fragen zu den Anpassungsm\u00f6glichkeiten der Mehrkanal-Fraktionssammlung f\u00fcr simultane chromatographische Experimente.","og_url":"https:\/\/www.fractioncollector.info\/de\/faq-haeufig-gestellte-fragen-zu-fraktionssammlern\/mehrkanal-anpassung\/","og_site_name":"LAMBDA OMNICOLL | LAMBDA Laboratory Instruments","article_publisher":"https:\/\/www.facebook.com\/LambdaLaboratoryInstrumentsCzSro\/","article_modified_time":"2026-04-28T16:50:49+00:00","og_image":[{"width":2448,"height":2448,"url":"https:\/\/www.fractioncollector.info\/wp-content\/uploads\/OMNICOLL-fraction-collector-Sampler_1x6-mobile-multichannel-configuration-with-96-well-plates.jpg","type":"image\/jpeg"}],"twitter_card":"summary_large_image","twitter_site":"@LAMBDA_Labinstr","twitter_misc":{"Gesch\u00e4tzte Lesezeit":"1\u00a0Minute"},"schema":{"@context":"https:\/\/schema.org","@graph":[{"@type":"WebPage","@id":"https:\/\/www.fractioncollector.info\/de\/faq-haeufig-gestellte-fragen-zu-fraktionssammlern\/mehrkanal-anpassung\/","url":"https:\/\/www.fractioncollector.info\/de\/faq-haeufig-gestellte-fragen-zu-fraktionssammlern\/mehrkanal-anpassung\/","name":"Mehrkanal-Anpassung &#8211; LAMBDA OMNICOLL | LAMBDA Laboratory Instruments","isPartOf":{"@id":"https:\/\/www.fractioncollector.info\/de\/#website"},"primaryImageOfPage":{"@id":"https:\/\/www.fractioncollector.info\/de\/faq-haeufig-gestellte-fragen-zu-fraktionssammlern\/mehrkanal-anpassung\/#primaryimage"},"image":{"@id":"https:\/\/www.fractioncollector.info\/de\/faq-haeufig-gestellte-fragen-zu-fraktionssammlern\/mehrkanal-anpassung\/#primaryimage"},"thumbnailUrl":"https:\/\/www.fractioncollector.info\/wp-content\/uploads\/OMNICOLL-fraction-collector-Sampler_1x6-mobile-multichannel-configuration-with-96-well-plates.jpg","datePublished":"2018-02-14T11:12:42+00:00","dateModified":"2026-04-28T16:50:49+00:00","description":"H\u00e4ufig gestellte Fragen zu den Anpassungsm\u00f6glichkeiten der Mehrkanal-Fraktionssammlung f\u00fcr simultane chromatographische Experimente.","breadcrumb":{"@id":"https:\/\/www.fractioncollector.info\/de\/faq-haeufig-gestellte-fragen-zu-fraktionssammlern\/mehrkanal-anpassung\/#breadcrumb"},"inLanguage":"de","potentialAction":[{"@type":"ReadAction","target":["https:\/\/www.fractioncollector.info\/de\/faq-haeufig-gestellte-fragen-zu-fraktionssammlern\/mehrkanal-anpassung\/"]}]},{"@type":"ImageObject","inLanguage":"de","@id":"https:\/\/www.fractioncollector.info\/de\/faq-haeufig-gestellte-fragen-zu-fraktionssammlern\/mehrkanal-anpassung\/#primaryimage","url":"https:\/\/www.fractioncollector.info\/wp-content\/uploads\/OMNICOLL-fraction-collector-Sampler_1x6-mobile-multichannel-configuration-with-96-well-plates.jpg","contentUrl":"https:\/\/www.fractioncollector.info\/wp-content\/uploads\/OMNICOLL-fraction-collector-Sampler_1x6-mobile-multichannel-configuration-with-96-well-plates.jpg","width":2448,"height":2448,"caption":"Automatischer Mehrkanal-Fraktionssammler f\u00fcr 6 simultane Str\u00f6me (1x6) in 96-Well-Platten"},{"@type":"BreadcrumbList","@id":"https:\/\/www.fractioncollector.info\/de\/faq-haeufig-gestellte-fragen-zu-fraktionssammlern\/mehrkanal-anpassung\/#breadcrumb","itemListElement":[{"@type":"ListItem","position":1,"name":"Home","item":"https:\/\/www.fractioncollector.info\/de\/"},{"@type":"ListItem","position":2,"name":"FAQ \u2013 H\u00e4ufig gestellte Fragen zu Fraktionssammlern","item":"https:\/\/www.fractioncollector.info\/de\/faq-haeufig-gestellte-fragen-zu-fraktionssammlern\/"},{"@type":"ListItem","position":3,"name":"Mehrkanal-Anpassung"}]},{"@type":"WebSite","@id":"https:\/\/www.fractioncollector.info\/de\/#website","url":"https:\/\/www.fractioncollector.info\/de\/","name":"LAMBDA OMNICOLL","description":"fraction collector &amp; auto-sampler","publisher":{"@id":"https:\/\/www.fractioncollector.info\/de\/#organization"},"potentialAction":[{"@type":"SearchAction","target":{"@type":"EntryPoint","urlTemplate":"https:\/\/www.fractioncollector.info\/de\/?s={search_term_string}"},"query-input":{"@type":"PropertyValueSpecification","valueRequired":true,"valueName":"search_term_string"}}],"inLanguage":"de"},{"@type":"Organization","@id":"https:\/\/www.fractioncollector.info\/de\/#organization","name":"LAMBDA Laborger\u00e4te","url":"https:\/\/www.fractioncollector.info\/de\/","logo":{"@type":"ImageObject","inLanguage":"de","@id":"https:\/\/www.fractioncollector.info\/de\/#\/schema\/logo\/image\/","url":"https:\/\/www.fractioncollector.info\/wp-content\/uploads\/lambda-logo.jpg","contentUrl":"https:\/\/www.fractioncollector.info\/wp-content\/uploads\/lambda-logo.jpg","width":1599,"height":365,"caption":"LAMBDA Laborger\u00e4te"},"image":{"@id":"https:\/\/www.fractioncollector.info\/de\/#\/schema\/logo\/image\/"},"sameAs":["https:\/\/www.facebook.com\/LambdaLaboratoryInstrumentsCzSro\/","https:\/\/x.com\/LAMBDA_Labinstr","https:\/\/www.instagram.com\/lambdainstruments\/","https:\/\/www.linkedin.com\/company\/lambda-laboratory-instruments?trk=biz-companies-cym","https:\/\/www.pinterest.com\/lambdacz\/","https:\/\/www.youtube.com\/user\/LambdaCZ"]}]}},"_links":{"self":[{"href":"https:\/\/www.fractioncollector.info\/de\/wp-json\/wp\/v2\/pages\/4591","targetHints":{"allow":["GET"]}}],"collection":[{"href":"https:\/\/www.fractioncollector.info\/de\/wp-json\/wp\/v2\/pages"}],"about":[{"href":"https:\/\/www.fractioncollector.info\/de\/wp-json\/wp\/v2\/types\/page"}],"author":[{"embeddable":true,"href":"https:\/\/www.fractioncollector.info\/de\/wp-json\/wp\/v2\/users\/2"}],"replies":[{"embeddable":true,"href":"https:\/\/www.fractioncollector.info\/de\/wp-json\/wp\/v2\/comments?post=4591"}],"version-history":[{"count":1,"href":"https:\/\/www.fractioncollector.info\/de\/wp-json\/wp\/v2\/pages\/4591\/revisions"}],"predecessor-version":[{"id":4593,"href":"https:\/\/www.fractioncollector.info\/de\/wp-json\/wp\/v2\/pages\/4591\/revisions\/4593"}],"up":[{"embeddable":true,"href":"https:\/\/www.fractioncollector.info\/de\/wp-json\/wp\/v2\/pages\/4417"}],"wp:featuredmedia":[{"embeddable":true,"href":"https:\/\/www.fractioncollector.info\/de\/wp-json\/wp\/v2\/media\/4388"}],"wp:attachment":[{"href":"https:\/\/www.fractioncollector.info\/de\/wp-json\/wp\/v2\/media?parent=4591"}],"curies":[{"name":"wp","href":"https:\/\/api.w.org\/{rel}","templated":true}]}}