{"id":4627,"date":"2018-05-23T17:47:26","date_gmt":"2018-05-23T15:47:26","guid":{"rendered":"https:\/\/www.fractioncollector.info\/datenschutzrichtlinie\/"},"modified":"2026-04-28T18:50:59","modified_gmt":"2026-04-28T16:50:59","slug":"datenschutzrichtlinie","status":"publish","type":"page","link":"https:\/\/www.fractioncollector.info\/de\/datenschutzrichtlinie\/","title":{"rendered":"Datenschutzrichtlinie"},"content":{"rendered":"<div id=\"comp-jhg3i7ks\" class=\"txtNew\" data-packed=\"true\">\n<h2 class=\"font_2\"><span class=\"color_14\">LAMBDA CZ s.r.o. Datenschutzrichtlinie<\/span><\/h2>\n<\/div>\n<div id=\"comp-jhg3jcul\" class=\"txtNew\" data-packed=\"true\">\n<p class=\"font_7\">Diese Datenschutzrichtlinie beschreibt, wie Ihre pers\u00f6nlichen Daten erfasst, verwendet und weitergegeben werden, wenn Sie www.fractioncollector.info (<strong>die \u201eWebsite\u201c<\/strong>) besuchen oder dort einen Kauf t\u00e4tigen.<\/p>\n<\/div>\n<div id=\"comp-jhg3k6or\" class=\"txtNew\" data-packed=\"true\">\n<h3 class=\"font_5\">PERS\u00d6NLICHE DATEN, DIE WIR ERFASSEN<\/h3>\n<\/div>\n<div id=\"comp-jhg3l3zn\" class=\"txtNew\" data-packed=\"true\">\n<p class=\"font_8\">Wenn Sie die Website besuchen, erfassen wir automatisch bestimmte Informationen \u00fcber Ihr Ger\u00e4t, einschlie\u00dflich Informationen \u00fcber Ihren Webbrowser, Ihre IP-Adresse, Ihre Zeitzone und einige der Cookies, die auf Ihrem Ger\u00e4t installiert sind. Wenn Sie auf der Website surfen, erfassen wir au\u00dferdem Informationen \u00fcber die einzelnen Webseiten oder Produkte, die Sie sich ansehen, welche Websites oder Suchbegriffe Sie auf die Website verwiesen haben, und Informationen dar\u00fcber, wie Sie mit der Website interagieren. Wir bezeichnen diese automatisch erfassten Informationen als <strong>\u201eGer\u00e4teinformationen\u201c<\/strong>.  <\/p>\n<p class=\"font_8\">Wir erfassen Ger\u00e4teinformationen mithilfe der folgenden Technologien:<\/p>\n<ul>\n<li class=\"font_8\">\u201eCookies\u201c sind Datendateien, die auf Ihrem Ger\u00e4t oder Computer platziert werden und oft eine anonyme eindeutige Kennung enthalten. Weitere Informationen \u00fcber Cookies und wie Sie Cookies deaktivieren k\u00f6nnen, finden Sie unter <a href=\"http:\/\/www.allaboutcookies.org\/\" target=\"_blank\" rel=\"noopener undefined noreferrer\" data-content=\"http:\/\/www.allaboutcookies.org\" data-type=\"external\">www.allaboutcookies.org<\/a>. <\/li>\n<li class=\"font_8\">\u201eLogdateien\u201c protokollieren Aktionen, die auf der Website stattfinden, und erfassen Daten wie Ihre IP-Adresse, Ihren Browsertyp, Ihren Internetdienstanbieter, Verweis-\/Ausgangsseiten und Datums-\/Zeitstempel.<\/li>\n<li class=\"font_8\">Web Beacons\u201c, \u201eTags\u201c und \u201ePixel\u201c sind elektronische Dateien, die verwendet werden, um Informationen dar\u00fcber aufzuzeichnen, wie Sie auf der Website surfen.<\/li>\n<\/ul>\n<p class=\"font_8\">Wenn Sie einen Kauf \u00fcber die Website t\u00e4tigen oder versuchen, einen Kauf zu t\u00e4tigen, erfassen wir au\u00dferdem bestimmte Informationen von Ihnen, einschlie\u00dflich Ihres Namens, Ihrer Rechnungsadresse, Ihrer Lieferadresse, Zahlungsinformationen (PayPal), E-Mail-Adresse und Telefonnummer. Wir bezeichnen diese Informationen als \u201eBestellinformationen\u201c. <\/p>\n<p class=\"font_8\">Wenn wir in dieser Datenschutzrichtlinie von \u201ePersonenbezogenen Daten\u201c sprechen, meinen wir sowohl Ger\u00e4teinformationen als auch Bestellinformationen.<\/p>\n<\/div>\n<div id=\"comp-jhg3nu5z\" class=\"txtNew\" data-packed=\"true\">\n<h3 class=\"font_5\">WIE VERWENDEN WIR IHRE PERSONENBEZOGENEN DATEN?<\/h3>\n<\/div>\n<div id=\"comp-jhg3pmyc\" class=\"txtNew\" data-packed=\"true\">\n<p class=\"font_8\">Wir verwenden die Bestellinformationen, die wir erfassen, im Allgemeinen, um alle \u00fcber die Website aufgegebenen Bestellungen zu erf\u00fcllen (einschlie\u00dflich der Verarbeitung Ihrer Zahlungsinformationen, der Organisation des Versands und der Bereitstellung von Rechnungen und\/oder Bestellbest\u00e4tigungen).<\/p>\n<p class=\"font_8\">Dar\u00fcber hinaus verwenden wir diese Bestellinformationen, um:<\/p>\n<ul>\n<li class=\"font_8\">Mit Ihnen zu kommunizieren;<\/li>\n<li class=\"font_8\">Unsere Bestellungen auf potenzielle Risiken oder Betrug zu \u00fcberpr\u00fcfen; und<\/li>\n<li class=\"font_8\">Ihnen, in \u00dcbereinstimmung mit den Pr\u00e4ferenzen, die Sie uns mitgeteilt haben, Informationen oder Werbung in Bezug auf unsere Produkte oder Dienstleistungen zukommen zu lassen.<\/li>\n<\/ul>\n<p class=\"font_8\">Wir verwenden die Ger\u00e4teinformationen, die wir erfassen, um potenzielle Risiken und Betrugsf\u00e4lle aufzudecken (insbesondere Ihre IP-Adresse) und um unsere Website im Allgemeinen zu verbessern und zu optimieren (z. B. durch die Erstellung von Analysen dar\u00fcber, wie unsere Kunden auf der Website surfen und mit ihr interagieren, und um den Erfolg unserer Marketing- und Werbekampagnen zu bewerten).<\/p>\n<\/div>\n<div id=\"comp-jhg3uxi1\" class=\"txtNew\" data-packed=\"true\">\n<h3 class=\"font_5\">VERHALTENSBEZOGENE WERBUNG<\/h3>\n<\/div>\n<div id=\"comp-jhg3vtcj\" class=\"txtNew\" data-packed=\"true\">\n<p class=\"font_8\">Wie oben beschrieben, verwenden wir Ihre pers\u00f6nlichen Daten, um Ihnen gezielte Werbung oder Marketingmitteilungen zukommen zu lassen, von denen wir glauben, dass sie f\u00fcr Sie von Interesse sein k\u00f6nnten. Weitere Informationen dar\u00fcber, wie gezielte Werbung funktioniert, finden Sie auf der Bildungsseite der Network Advertising Initiative (\u201eNAI\u201c) unter <a class=\"auto-generated-link\" href=\"http:\/\/www.networkadvertising.org\/understanding-online-advertising\/how-does-it-work\" target=\"_blank\" rel=\"noopener noreferrer\" data-auto-recognition=\"true\" data-content=\"http:\/\/www.networkadvertising.org\/understanding-online-advertising\/how-does-it-work.\" data-type=\"external\">www.networkadvertising.org\/understanding-online-advertising\/how-does-it-work<\/a><span class=\"wixGuard\"> \u200b.<\/span> <\/p>\n<p class=\"font_8\">Dar\u00fcber hinaus k\u00f6nnen Sie einige dieser Dienste abbestellen, indem Sie das Opt-out-Portal der Digital Advertising Alliance unter <a href=\"http:\/\/optout.aboutads.info\/\" target=\"_blank\" rel=\"noopener noreferrer\">http:\/\/optout.aboutads.info\/<\/a> besuchen.<\/p>\n<\/div>\n<div id=\"comp-jhg3x4yx\" class=\"txtNew\" data-packed=\"true\">\n<h3 class=\"font_5\">IHRE RECHTE<\/h3>\n<\/div>\n<div id=\"comp-jhg3xv2c\" class=\"txtNew\" data-packed=\"true\">\n<p class=\"font_8\">Wenn Sie in Europa ans\u00e4ssig sind, haben Sie das Recht, auf die pers\u00f6nlichen Daten zuzugreifen, die wir \u00fcber Sie gespeichert haben, und zu verlangen, dass Ihre pers\u00f6nlichen Daten korrigiert, aktualisiert oder gel\u00f6scht werden. Wenn Sie dieses Recht aus\u00fcben m\u00f6chten, kontaktieren Sie uns bitte \u00fcber die unten angegebenen Kontaktinformationen. <\/p>\n<p class=\"font_8\">Wenn Sie in Europa ans\u00e4ssig sind, weisen wir au\u00dferdem darauf hin, dass wir Ihre Daten verarbeiten, um Vertr\u00e4ge zu erf\u00fcllen, die wir m\u00f6glicherweise mit Ihnen haben (z. B. wenn Sie eine Bestellung \u00fcber die Website aufgeben), oder um unsere oben genannten legitimen Gesch\u00e4ftsinteressen zu verfolgen. Bitte beachten Sie au\u00dferdem, dass Ihre Daten au\u00dferhalb Europas \u00fcbertragen werden, auch nach Kanada und in die Vereinigten Staaten. <\/p>\n<\/div>\n<div id=\"comp-jhg3s3y1\" class=\"txtNew\" data-packed=\"true\">\n<h3 class=\"font_5\">DATENSPEICHERUNG<\/h3>\n<\/div>\n<div id=\"comp-jhg3t2yk\" class=\"txtNew\" data-packed=\"true\">\n<p class=\"font_7\">Wenn Sie eine Bestellung \u00fcber die Website aufgeben, speichern wir Ihre Bestellinformationen f\u00fcr unsere Aufzeichnungen, es sei denn, Sie bitten uns, diese Informationen zu l\u00f6schen.<span class=\"wixGuard\">\u200b<\/span><\/p>\n<\/div>\n<div id=\"comp-jhg433tg\" class=\"txtNew\" data-packed=\"true\">\n<h3 class=\"font_5\">\u00c4NDERUNGEN<\/h3>\n<\/div>\n<div id=\"comp-jhg4450x\" class=\"txtNew\" data-packed=\"true\">\n<p class=\"font_7\">Wir k\u00f6nnen diese Datenschutzrichtlinie von Zeit zu Zeit aktualisieren, um beispielsweise \u00c4nderungen unserer Praktiken oder andere betriebliche, rechtliche oder regulatorische Gr\u00fcnde zu ber\u00fccksichtigen.<\/p>\n<\/div>\n<div id=\"comp-jhg44zdg\" class=\"txtNew\" data-packed=\"true\">\n<h3 class=\"font_5\">KONTAKTIEREN SIE UNS<\/h3>\n<\/div>\n<div id=\"comp-jhg45tjc\" class=\"txtNew\" data-packed=\"true\">\n<p class=\"font_8\">Wenn Sie weitere Informationen \u00fcber unsere Datenschutzpraktiken w\u00fcnschen, Fragen haben oder eine Beschwerde einreichen m\u00f6chten, kontaktieren Sie uns bitte per E-Mail unter <span class=\"color_24\"><a href=\"mailto:support@lambda-instruments.com?subject=LAMBDA%20Privacy%20Policy\" target=\"_self\" rel=\"noopener noreferrer\" data-content=\"support@lambda-instruments.com\" data-type=\"mail\">support@lambda-instruments.com<\/a><\/span> oder per Post unter den unten angegebenen Details:<\/p>\n<p class=\"font_8\">Lozibky 1, Brno, 61400, Tschechische Republik<\/p>\n<\/div>\n","protected":false},"excerpt":{"rendered":"<p>LAMBDA CZ s.r.o. Datenschutzrichtlinie Diese Datenschutzrichtlinie beschreibt, wie Ihre pers\u00f6nlichen Daten erfasst, verwendet und weitergegeben werden, wenn Sie www.fractioncollector.info (die \u201eWebsite\u201c) besuchen oder dort einen Kauf t\u00e4tigen. PERS\u00d6NLICHE DATEN, DIE WIR ERFASSEN Wenn Sie die Website besuchen, erfassen wir automatisch bestimmte Informationen \u00fcber Ihr Ger\u00e4t, einschlie\u00dflich Informationen \u00fcber Ihren Webbrowser, Ihre IP-Adresse, Ihre Zeitzone und [&hellip;]<\/p>\n","protected":false},"author":2,"featured_media":0,"parent":0,"menu_order":0,"comment_status":"closed","ping_status":"closed","template":"","meta":{"footnotes":""},"class_list":["post-4627","page","type-page","status-publish","hentry","post"],"yoast_head":"<!-- This site is optimized with the Yoast SEO plugin v27.5 - https:\/\/yoast.com\/product\/yoast-seo-wordpress\/ -->\n<title>Datenschutzrichtlinie &#8211; LAMBDA OMNICOLL | LAMBDA Laboratory Instruments<\/title>\n<meta name=\"robots\" content=\"index, follow, max-snippet:-1, max-image-preview:large, max-video-preview:-1\" \/>\n<link rel=\"canonical\" href=\"https:\/\/www.fractioncollector.info\/de\/datenschutzrichtlinie\/\" \/>\n<meta property=\"og:locale\" content=\"de_DE\" \/>\n<meta property=\"og:type\" content=\"article\" \/>\n<meta property=\"og:title\" content=\"Datenschutzrichtlinie &#8211; LAMBDA OMNICOLL | LAMBDA Laboratory Instruments\" \/>\n<meta property=\"og:description\" content=\"LAMBDA CZ s.r.o. Datenschutzrichtlinie Diese Datenschutzrichtlinie beschreibt, wie Ihre pers\u00f6nlichen Daten erfasst, verwendet und weitergegeben werden, wenn Sie www.fractioncollector.info (die \u201eWebsite\u201c) besuchen oder dort einen Kauf t\u00e4tigen. PERS\u00d6NLICHE DATEN, DIE WIR ERFASSEN Wenn Sie die Website besuchen, erfassen wir automatisch bestimmte Informationen \u00fcber Ihr Ger\u00e4t, einschlie\u00dflich Informationen \u00fcber Ihren Webbrowser, Ihre IP-Adresse, Ihre Zeitzone und [&hellip;]\" \/>\n<meta property=\"og:url\" content=\"https:\/\/www.fractioncollector.info\/de\/datenschutzrichtlinie\/\" \/>\n<meta property=\"og:site_name\" content=\"LAMBDA OMNICOLL | LAMBDA Laboratory Instruments\" \/>\n<meta property=\"article:publisher\" content=\"https:\/\/www.facebook.com\/LambdaLaboratoryInstrumentsCzSro\/\" \/>\n<meta property=\"article:modified_time\" content=\"2026-04-28T16:50:59+00:00\" \/>\n<meta name=\"twitter:card\" content=\"summary_large_image\" \/>\n<meta name=\"twitter:site\" content=\"@LAMBDA_Labinstr\" \/>\n<meta name=\"twitter:label1\" content=\"Gesch\u00e4tzte Lesezeit\" \/>\n\t<meta name=\"twitter:data1\" content=\"4\u00a0Minute\" \/>\n<script type=\"application\/ld+json\" class=\"yoast-schema-graph\">{\"@context\":\"https:\\\/\\\/schema.org\",\"@graph\":[{\"@type\":\"WebPage\",\"@id\":\"https:\\\/\\\/www.fractioncollector.info\\\/de\\\/datenschutzrichtlinie\\\/\",\"url\":\"https:\\\/\\\/www.fractioncollector.info\\\/de\\\/datenschutzrichtlinie\\\/\",\"name\":\"Datenschutzrichtlinie &#8211; LAMBDA OMNICOLL | LAMBDA Laboratory Instruments\",\"isPartOf\":{\"@id\":\"https:\\\/\\\/www.fractioncollector.info\\\/de\\\/#website\"},\"datePublished\":\"2018-05-23T15:47:26+00:00\",\"dateModified\":\"2026-04-28T16:50:59+00:00\",\"breadcrumb\":{\"@id\":\"https:\\\/\\\/www.fractioncollector.info\\\/de\\\/datenschutzrichtlinie\\\/#breadcrumb\"},\"inLanguage\":\"de\",\"potentialAction\":[{\"@type\":\"ReadAction\",\"target\":[\"https:\\\/\\\/www.fractioncollector.info\\\/de\\\/datenschutzrichtlinie\\\/\"]}]},{\"@type\":\"BreadcrumbList\",\"@id\":\"https:\\\/\\\/www.fractioncollector.info\\\/de\\\/datenschutzrichtlinie\\\/#breadcrumb\",\"itemListElement\":[{\"@type\":\"ListItem\",\"position\":1,\"name\":\"Home\",\"item\":\"https:\\\/\\\/www.fractioncollector.info\\\/de\\\/lambda-omnicoll-fraktionssammler-und-probengeber\\\/\"},{\"@type\":\"ListItem\",\"position\":2,\"name\":\"Datenschutzrichtlinie\"}]},{\"@type\":\"WebSite\",\"@id\":\"https:\\\/\\\/www.fractioncollector.info\\\/de\\\/#website\",\"url\":\"https:\\\/\\\/www.fractioncollector.info\\\/de\\\/\",\"name\":\"LAMBDA OMNICOLL\",\"description\":\"fraction collector &amp; auto-sampler\",\"publisher\":{\"@id\":\"https:\\\/\\\/www.fractioncollector.info\\\/de\\\/#organization\"},\"potentialAction\":[{\"@type\":\"SearchAction\",\"target\":{\"@type\":\"EntryPoint\",\"urlTemplate\":\"https:\\\/\\\/www.fractioncollector.info\\\/de\\\/?s={search_term_string}\"},\"query-input\":{\"@type\":\"PropertyValueSpecification\",\"valueRequired\":true,\"valueName\":\"search_term_string\"}}],\"inLanguage\":\"de\"},{\"@type\":\"Organization\",\"@id\":\"https:\\\/\\\/www.fractioncollector.info\\\/de\\\/#organization\",\"name\":\"LAMBDA Laborger\u00e4te\",\"url\":\"https:\\\/\\\/www.fractioncollector.info\\\/de\\\/\",\"logo\":{\"@type\":\"ImageObject\",\"inLanguage\":\"de\",\"@id\":\"https:\\\/\\\/www.fractioncollector.info\\\/de\\\/#\\\/schema\\\/logo\\\/image\\\/\",\"url\":\"https:\\\/\\\/www.fractioncollector.info\\\/wp-content\\\/uploads\\\/lambda-logo.jpg\",\"contentUrl\":\"https:\\\/\\\/www.fractioncollector.info\\\/wp-content\\\/uploads\\\/lambda-logo.jpg\",\"width\":1599,\"height\":365,\"caption\":\"LAMBDA Laborger\u00e4te\"},\"image\":{\"@id\":\"https:\\\/\\\/www.fractioncollector.info\\\/de\\\/#\\\/schema\\\/logo\\\/image\\\/\"},\"sameAs\":[\"https:\\\/\\\/www.facebook.com\\\/LambdaLaboratoryInstrumentsCzSro\\\/\",\"https:\\\/\\\/x.com\\\/LAMBDA_Labinstr\",\"https:\\\/\\\/www.instagram.com\\\/lambdainstruments\\\/\",\"https:\\\/\\\/www.linkedin.com\\\/company\\\/lambda-laboratory-instruments?trk=biz-companies-cym\",\"https:\\\/\\\/www.pinterest.com\\\/lambdacz\\\/\",\"https:\\\/\\\/www.youtube.com\\\/user\\\/LambdaCZ\"]}]}<\/script>\n<!-- \/ Yoast SEO plugin. -->","yoast_head_json":{"title":"Datenschutzrichtlinie &#8211; LAMBDA OMNICOLL | LAMBDA Laboratory Instruments","robots":{"index":"index","follow":"follow","max-snippet":"max-snippet:-1","max-image-preview":"max-image-preview:large","max-video-preview":"max-video-preview:-1"},"canonical":"https:\/\/www.fractioncollector.info\/de\/datenschutzrichtlinie\/","og_locale":"de_DE","og_type":"article","og_title":"Datenschutzrichtlinie &#8211; LAMBDA OMNICOLL | LAMBDA Laboratory Instruments","og_description":"LAMBDA CZ s.r.o. Datenschutzrichtlinie Diese Datenschutzrichtlinie beschreibt, wie Ihre pers\u00f6nlichen Daten erfasst, verwendet und weitergegeben werden, wenn Sie www.fractioncollector.info (die \u201eWebsite\u201c) besuchen oder dort einen Kauf t\u00e4tigen. PERS\u00d6NLICHE DATEN, DIE WIR ERFASSEN Wenn Sie die Website besuchen, erfassen wir automatisch bestimmte Informationen \u00fcber Ihr Ger\u00e4t, einschlie\u00dflich Informationen \u00fcber Ihren Webbrowser, Ihre IP-Adresse, Ihre Zeitzone und [&hellip;]","og_url":"https:\/\/www.fractioncollector.info\/de\/datenschutzrichtlinie\/","og_site_name":"LAMBDA OMNICOLL | LAMBDA Laboratory Instruments","article_publisher":"https:\/\/www.facebook.com\/LambdaLaboratoryInstrumentsCzSro\/","article_modified_time":"2026-04-28T16:50:59+00:00","twitter_card":"summary_large_image","twitter_site":"@LAMBDA_Labinstr","twitter_misc":{"Gesch\u00e4tzte Lesezeit":"4\u00a0Minute"},"schema":{"@context":"https:\/\/schema.org","@graph":[{"@type":"WebPage","@id":"https:\/\/www.fractioncollector.info\/de\/datenschutzrichtlinie\/","url":"https:\/\/www.fractioncollector.info\/de\/datenschutzrichtlinie\/","name":"Datenschutzrichtlinie &#8211; LAMBDA OMNICOLL | LAMBDA Laboratory Instruments","isPartOf":{"@id":"https:\/\/www.fractioncollector.info\/de\/#website"},"datePublished":"2018-05-23T15:47:26+00:00","dateModified":"2026-04-28T16:50:59+00:00","breadcrumb":{"@id":"https:\/\/www.fractioncollector.info\/de\/datenschutzrichtlinie\/#breadcrumb"},"inLanguage":"de","potentialAction":[{"@type":"ReadAction","target":["https:\/\/www.fractioncollector.info\/de\/datenschutzrichtlinie\/"]}]},{"@type":"BreadcrumbList","@id":"https:\/\/www.fractioncollector.info\/de\/datenschutzrichtlinie\/#breadcrumb","itemListElement":[{"@type":"ListItem","position":1,"name":"Home","item":"https:\/\/www.fractioncollector.info\/de\/lambda-omnicoll-fraktionssammler-und-probengeber\/"},{"@type":"ListItem","position":2,"name":"Datenschutzrichtlinie"}]},{"@type":"WebSite","@id":"https:\/\/www.fractioncollector.info\/de\/#website","url":"https:\/\/www.fractioncollector.info\/de\/","name":"LAMBDA OMNICOLL","description":"fraction collector &amp; auto-sampler","publisher":{"@id":"https:\/\/www.fractioncollector.info\/de\/#organization"},"potentialAction":[{"@type":"SearchAction","target":{"@type":"EntryPoint","urlTemplate":"https:\/\/www.fractioncollector.info\/de\/?s={search_term_string}"},"query-input":{"@type":"PropertyValueSpecification","valueRequired":true,"valueName":"search_term_string"}}],"inLanguage":"de"},{"@type":"Organization","@id":"https:\/\/www.fractioncollector.info\/de\/#organization","name":"LAMBDA Laborger\u00e4te","url":"https:\/\/www.fractioncollector.info\/de\/","logo":{"@type":"ImageObject","inLanguage":"de","@id":"https:\/\/www.fractioncollector.info\/de\/#\/schema\/logo\/image\/","url":"https:\/\/www.fractioncollector.info\/wp-content\/uploads\/lambda-logo.jpg","contentUrl":"https:\/\/www.fractioncollector.info\/wp-content\/uploads\/lambda-logo.jpg","width":1599,"height":365,"caption":"LAMBDA Laborger\u00e4te"},"image":{"@id":"https:\/\/www.fractioncollector.info\/de\/#\/schema\/logo\/image\/"},"sameAs":["https:\/\/www.facebook.com\/LambdaLaboratoryInstrumentsCzSro\/","https:\/\/x.com\/LAMBDA_Labinstr","https:\/\/www.instagram.com\/lambdainstruments\/","https:\/\/www.linkedin.com\/company\/lambda-laboratory-instruments?trk=biz-companies-cym","https:\/\/www.pinterest.com\/lambdacz\/","https:\/\/www.youtube.com\/user\/LambdaCZ"]}]}},"_links":{"self":[{"href":"https:\/\/www.fractioncollector.info\/de\/wp-json\/wp\/v2\/pages\/4627","targetHints":{"allow":["GET"]}}],"collection":[{"href":"https:\/\/www.fractioncollector.info\/de\/wp-json\/wp\/v2\/pages"}],"about":[{"href":"https:\/\/www.fractioncollector.info\/de\/wp-json\/wp\/v2\/types\/page"}],"author":[{"embeddable":true,"href":"https:\/\/www.fractioncollector.info\/de\/wp-json\/wp\/v2\/users\/2"}],"replies":[{"embeddable":true,"href":"https:\/\/www.fractioncollector.info\/de\/wp-json\/wp\/v2\/comments?post=4627"}],"version-history":[{"count":1,"href":"https:\/\/www.fractioncollector.info\/de\/wp-json\/wp\/v2\/pages\/4627\/revisions"}],"predecessor-version":[{"id":4714,"href":"https:\/\/www.fractioncollector.info\/de\/wp-json\/wp\/v2\/pages\/4627\/revisions\/4714"}],"wp:attachment":[{"href":"https:\/\/www.fractioncollector.info\/de\/wp-json\/wp\/v2\/media?parent=4627"}],"curies":[{"name":"wp","href":"https:\/\/api.w.org\/{rel}","templated":true}]}}