{"id":4948,"date":"2018-01-11T10:45:47","date_gmt":"2018-01-11T08:45:47","guid":{"rendered":"https:\/\/www.fractioncollector.info\/anwendungen-von-fraktionssammlern-und-autosamplern\/"},"modified":"2026-04-28T18:55:22","modified_gmt":"2026-04-28T16:55:22","slug":"anwendungen-von-fraktionssammlern-und-autosamplern","status":"publish","type":"page","link":"https:\/\/www.fractioncollector.info\/de\/anwendungen-von-fraktionssammlern-und-autosamplern\/","title":{"rendered":"Anwendungen von Fraktionssammlern und Autosamplern"},"content":{"rendered":"<div id=\"pl-4948\"  class=\"panel-layout\" ><div id=\"pg-4948-0\"  class=\"panel-grid panel-has-style\"  style=\"margin-bottom: 50px\" ><div class=\"siteorigin-panels-stretch panel-row-style-full-width panel-row-style panel-row-style-for-4948-0\" style=\"padding: 0px 0px 0px;\" data-stretch-type=\"full-width-stretch\" ><div id=\"pgc-4948-0-0\"  class=\"panel-grid-cell\" ><div id=\"panel-4948-0-0-0\" class=\"so-panel widget widget_black-studio-tinymce widget_black_studio_tinymce panel-first-child panel-last-child\" data-index=\"0\" ><div class=\"so-parallax panel-widget-style panel-widget-style-for-4948-0-0-0\" style=\"padding: 50px;\" ><img fetchpriority=\"high\" decoding=\"async\" width=\"6016\" height=\"4016\" src=\"https:\/\/www.fractioncollector.info\/wp-content\/uploads\/Applications-of-OMNICOLL-fraction-collector-and-autosampler.jpg\" class=\"attachment-full size-full\" alt=\"Applications of OMNICOLL fraction collector and autosampler\" data-siteorigin-parallax=\"true\" loading=\"eager\" srcset=\"https:\/\/www.fractioncollector.info\/wp-content\/uploads\/Applications-of-OMNICOLL-fraction-collector-and-autosampler.jpg 6016w, https:\/\/www.fractioncollector.info\/wp-content\/uploads\/Applications-of-OMNICOLL-fraction-collector-and-autosampler-150x100.jpg 150w, https:\/\/www.fractioncollector.info\/wp-content\/uploads\/Applications-of-OMNICOLL-fraction-collector-and-autosampler-416x278.jpg 416w, https:\/\/www.fractioncollector.info\/wp-content\/uploads\/Applications-of-OMNICOLL-fraction-collector-and-autosampler-768x513.jpg 768w, https:\/\/www.fractioncollector.info\/wp-content\/uploads\/Applications-of-OMNICOLL-fraction-collector-and-autosampler-1534x1024.jpg 1534w, https:\/\/www.fractioncollector.info\/wp-content\/uploads\/Applications-of-OMNICOLL-fraction-collector-and-autosampler-272x182.jpg 272w\" sizes=\"(max-width: 6016px) 100vw, 6016px\" \/><div class=\"textwidget\"><h1 style=\"color: white; text-align: center; font-size: 35px; text-shadow: 1px 1px #000000; line-height: 100%;\">APPLICATIONS OF LAMBDA OMNICOLL AUTOMATIC FRACTION COLLECTORS &amp; AUTOSAMPLERS<\/h1>\n<\/div><\/div><\/div><\/div><\/div><\/div><div id=\"pg-4948-1\"  class=\"panel-grid panel-no-style\"  style=\"margin-bottom: 0px\" ><div id=\"pgc-4948-1-0\"  class=\"panel-grid-cell\" ><div id=\"panel-4948-1-0-0\" class=\"so-panel widget widget_black-studio-tinymce widget_black_studio_tinymce panel-first-child panel-last-child\" data-index=\"1\" ><div class=\"textwidget\"><p>Biochemists, chemists and other researchers in R&amp;D have extensively documented the various applications of LAMBDA OMNICOLL fraction collectors and autosamplers. To explore these scientific works in detail, refer to <a href=\"https:\/\/www.lambda-instruments.com\/fraction-collector\/#publications\" target=\"_blank\" rel=\"noopener\">the collection of publications<\/a>, please.<\/p>\n<p>Here, you'll find a curated selection of applications for fraction collectors and autosamplers, complete with additional background information:<\/p>\n<\/div><\/div><\/div><\/div><div id=\"pg-4948-2\"  class=\"panel-grid panel-no-style\"  style=\"margin-bottom: 0px\" ><div id=\"pgc-4948-2-0\"  class=\"panel-grid-cell\" ><div id=\"panel-4948-2-0-0\" class=\"so-panel widget widget_siteorigin-panels-postloop panel-first-child\" data-index=\"2\" style=\"margin-bottom: 50px\" >\n\t<div id=\"vantage-grid-loop\" class=\"vantage-grid-loop grid-loop-columns-2\">\n\t\t\t\t\t<article class=\"grid-post post-4269 post type-post status-publish format-standard has-post-thumbnail hentry category-unkategorisiert tag-fraktionssammler tag-lkb-superfrac post-with-thumbnail post-with-thumbnail-icon\">\n\n\t\t\t\t\t\t\t\t\t<a class=\"grid-thumbnail\" href=\"https:\/\/www.fractioncollector.info\/de\/wie-kann-ich-den-fraktionssammler-lkb-superfrac-frac-950-frag-920-ersetzen\/\">\n\t\t\t\t\t\t<img loading=\"lazy\" decoding=\"async\" width=\"436\" height=\"272\" src=\"https:\/\/www.fractioncollector.info\/wp-content\/uploads\/lkb-superfrac-436x272.jpg\" class=\"attachment-vantage-grid-loop size-vantage-grid-loop wp-post-image\" alt=\"Der Fraktionssammler LAMBDA OMNICOLL ersetzt den LKB Superfrac (Frac-950, Frag-920, ...)\" \/>\t\t\t\t\t<\/a>\n\t\t\t\t\n\t\t\t\t<h3><a href=\"https:\/\/www.fractioncollector.info\/de\/wie-kann-ich-den-fraktionssammler-lkb-superfrac-frac-950-frag-920-ersetzen\/\">Wie kann ich den Fraktionssammler LKB Superfrac (Frac-950, Frag-920) ersetzen?<\/a><\/h3>\n\t\t\t\t<div class=\"excerpt\"><p>LAMBDA OMNICOLL ersetzt den Fraktionssammler LKB Superfrac (Frac-950, Frag-920)<\/p>\n<\/div>\n\t\t\t\t\t\t\t\t\t\t\t<\/article>\n\t\t\t\t\t\t\t\t<article class=\"grid-post post-4297 post type-post status-publish format-standard has-post-thumbnail hentry category-anwendungen tag-4-kanal tag-96-well-platten tag-automatisierter-fraktionssammler tag-insel-perifusion tag-ismatec-mehrkanalpumpe tag-pankreasinseln post-with-thumbnail post-with-thumbnail-icon\">\n\n\t\t\t\t\t\t\t\t\t<a class=\"grid-thumbnail\" href=\"https:\/\/www.fractioncollector.info\/de\/insel-perifusion-mit-automatisiertem-fraktionssammler\/\">\n\t\t\t\t\t\t<img loading=\"lazy\" decoding=\"async\" width=\"436\" height=\"272\" src=\"https:\/\/www.fractioncollector.info\/wp-content\/uploads\/Islets-perifusion-with-automated-fraction-collector-Omnicoll-96-well-plates-436x272.jpg\" class=\"attachment-vantage-grid-loop size-vantage-grid-loop wp-post-image\" alt=\"Perifusion von Inselchen mit dem automatischen Fraktionssammler Omnicoll in 96-Well-Platten\" \/>\t\t\t\t\t<\/a>\n\t\t\t\t\n\t\t\t\t<h3><a href=\"https:\/\/www.fractioncollector.info\/de\/insel-perifusion-mit-automatisiertem-fraktionssammler\/\">Insel-Perifusion mit automatisiertem Fraktionssammler<\/a><\/h3>\n\t\t\t\t<div class=\"excerpt\"><p>ISLET PERIFUSION: Automated multi-channel fraction collection with LAMBDA OMNICOLL<\/p>\n<\/div>\n\t\t\t\t\t\t\t\t\t\t\t<\/article>\n\t\t\t<div class=\"clear\"><\/div>\t\t\t\t\t<article class=\"grid-post post-4268 post type-post status-publish format-standard has-post-thumbnail hentry category-anwendungen category-unkategorisiert tag-allelopathische-verbindungen tag-chemische-synthese tag-flussigkeits-saulenchromatographie tag-fraktionssammler tag-strukturaufklarung post-with-thumbnail post-with-thumbnail-icon\">\n\n\t\t\t\t\t\t\t\t\t<a class=\"grid-thumbnail\" href=\"https:\/\/www.fractioncollector.info\/de\/isolierung-reinigung-und-charakterisierung-von-allelopathischen-verbindungen\/\">\n\t\t\t\t\t\t<img loading=\"lazy\" decoding=\"async\" width=\"436\" height=\"272\" src=\"https:\/\/www.fractioncollector.info\/wp-content\/uploads\/Omnicoll-fraction-collector-for-isolation-of-allelopathic-chemicals-from-crude-extracts-436x272-1.jpg\" class=\"attachment-vantage-grid-loop size-vantage-grid-loop wp-post-image\" alt=\"Omnicoll Fraktionssammler zur Isolierung von allelopathischen Chemikalien aus Rohextrakten\" srcset=\"https:\/\/www.fractioncollector.info\/wp-content\/uploads\/Omnicoll-fraction-collector-for-isolation-of-allelopathic-chemicals-from-crude-extracts-436x272-1.jpg 436w, https:\/\/www.fractioncollector.info\/wp-content\/uploads\/Omnicoll-fraction-collector-for-isolation-of-allelopathic-chemicals-from-crude-extracts-436x272-1-150x94.jpg 150w, https:\/\/www.fractioncollector.info\/wp-content\/uploads\/Omnicoll-fraction-collector-for-isolation-of-allelopathic-chemicals-from-crude-extracts-436x272-1-418x261.jpg 418w\" sizes=\"auto, (max-width: 436px) 100vw, 436px\" \/>\t\t\t\t\t<\/a>\n\t\t\t\t\n\t\t\t\t<h3><a href=\"https:\/\/www.fractioncollector.info\/de\/isolierung-reinigung-und-charakterisierung-von-allelopathischen-verbindungen\/\">Isolierung, Reinigung und Charakterisierung von allelopathischen Verbindungen<\/a><\/h3>\n\t\t\t\t<div class=\"excerpt\"><p>Isolation and characterization of allelopathic compounds by column chromatography and fraction collector LAMBDA OMNICOLL Isolation, structural elucidation and chemical synthesis of allelopathic compounds from plants, fungi, and other microorganisms are a very labor-exhausting and time-consuming studies. However, the identification of highly potent biological structures (used as natural herbicides, medicaments, antioxidants, etc.) is worth the time [&hellip;]<\/p>\n<\/div>\n\t\t\t\t\t\t\t\t\t\t\t<\/article>\n\t\t\t\t\t\t<\/div>\n\n\t\n<\/div><div id=\"panel-4948-2-0-1\" class=\"so-panel widget widget_black-studio-tinymce widget_black_studio_tinymce panel-last-child\" data-index=\"3\" ><div class=\"textwidget\"><\/div><\/div><\/div><\/div><div id=\"pg-4948-3\"  class=\"panel-grid panel-no-style\"  style=\"margin-bottom: 50px\" ><div id=\"pgc-4948-3-0\"  class=\"panel-grid-cell\" ><div id=\"panel-4948-3-0-0\" class=\"so-panel widget widget_black-studio-tinymce widget_black_studio_tinymce panel-first-child panel-last-child\" data-index=\"4\" ><div class=\"textwidget\"><h2>Applications of fraction collectors<\/h2>\n<p>LAMBDA OMNICOLL fraction collectors are used for all types of chromatographic techniques such as<\/p>\n<ul>\n<li>normal or low pressure chromatography (LPLC),<\/li>\n<li>medium pressure chromatography (MPLC),<\/li>\n<li>fast protein liquid chromatography (FPLC),<\/li>\n<li>high pressure or high performance liquid chromatography (HPLC),<\/li>\n<li>ion chromatography (IC),<\/li>\n<li>multicolumn countercurrent solvent gradient purification (MCSGP).<\/li>\n<\/ul>\n<h2>Applications of autosampler<\/h2>\n<p>When connected to pumps, LAMBDA OMNICOLL units function as autosamplers for automatic sampling of water or samples during chemical and biochemical processes. The autosamplers are also used for automatic liquid handling or dispensing during cell culture, fermentations and chemical reactions.<\/p>\n<\/div><\/div><\/div><\/div><\/div>","protected":false},"excerpt":{"rendered":"<p>APPLICATIONS OF LAMBDA OMNICOLL AUTOMATIC FRACTION COLLECTORS &amp; AUTOSAMPLERS Biochemists, chemists and other researchers in R&amp;D have extensively documented the various applications of LAMBDA OMNICOLL fraction collectors and autosamplers. To explore these scientific works in detail, refer to the collection of publications, please. Here, you&#8217;ll find a curated selection of applications for fraction collectors and [&hellip;]<\/p>\n","protected":false},"author":2,"featured_media":4949,"parent":0,"menu_order":0,"comment_status":"closed","ping_status":"closed","template":"","meta":{"footnotes":""},"class_list":["post-4948","page","type-page","status-publish","has-post-thumbnail","hentry","post","post-with-thumbnail","post-with-thumbnail-icon"],"yoast_head":"<!-- This site is optimized with the Yoast SEO plugin v27.5 - https:\/\/yoast.com\/product\/yoast-seo-wordpress\/ -->\n<title>Anwendungen von Fraktionssammlern und Autosamplern &#8211; LAMBDA OMNICOLL | LAMBDA Laboratory Instruments<\/title>\n<meta name=\"description\" content=\"Entdecken Sie verschiedene Anwendungen der LAMBDA OMNICOLL Fraktionssammler\/Autosampler in der LC, Proteinaufreinigung und automatisierten Fl\u00fcssigkeitshandhabung.\" \/>\n<meta name=\"robots\" content=\"index, follow, max-snippet:-1, max-image-preview:large, max-video-preview:-1\" \/>\n<link rel=\"canonical\" href=\"https:\/\/www.fractioncollector.info\/de\/anwendungen-von-fraktionssammlern-und-autosamplern\/\" \/>\n<meta property=\"og:locale\" content=\"de_DE\" \/>\n<meta property=\"og:type\" content=\"article\" \/>\n<meta property=\"og:title\" content=\"Anwendungen von Fraktionssammlern und Autosamplern &#8211; LAMBDA OMNICOLL | LAMBDA Laboratory Instruments\" \/>\n<meta property=\"og:description\" content=\"Entdecken Sie verschiedene Anwendungen der LAMBDA OMNICOLL Fraktionssammler\/Autosampler in der LC, Proteinaufreinigung und automatisierten Fl\u00fcssigkeitshandhabung.\" \/>\n<meta property=\"og:url\" content=\"https:\/\/www.fractioncollector.info\/de\/anwendungen-von-fraktionssammlern-und-autosamplern\/\" \/>\n<meta property=\"og:site_name\" content=\"LAMBDA OMNICOLL | LAMBDA Laboratory Instruments\" \/>\n<meta property=\"article:publisher\" content=\"https:\/\/www.facebook.com\/LambdaLaboratoryInstrumentsCzSro\/\" \/>\n<meta property=\"article:modified_time\" content=\"2026-04-28T16:55:22+00:00\" \/>\n<meta property=\"og:image\" content=\"https:\/\/www.fractioncollector.info\/wp-content\/uploads\/Omnicoll-fraction-collector-for-isolation-of-allelopathic-chemicals-from-crude-extracts.jpg\" \/>\n\t<meta property=\"og:image:width\" content=\"600\" \/>\n\t<meta property=\"og:image:height\" content=\"800\" \/>\n\t<meta property=\"og:image:type\" content=\"image\/jpeg\" \/>\n<meta name=\"twitter:card\" content=\"summary_large_image\" \/>\n<meta name=\"twitter:site\" content=\"@LAMBDA_Labinstr\" \/>\n<meta name=\"twitter:label1\" content=\"Gesch\u00e4tzte Lesezeit\" \/>\n\t<meta name=\"twitter:data1\" content=\"1\u00a0Minute\" \/>\n<script type=\"application\/ld+json\" class=\"yoast-schema-graph\">{\"@context\":\"https:\\\/\\\/schema.org\",\"@graph\":[{\"@type\":\"WebPage\",\"@id\":\"https:\\\/\\\/www.fractioncollector.info\\\/de\\\/anwendungen-von-fraktionssammlern-und-autosamplern\\\/\",\"url\":\"https:\\\/\\\/www.fractioncollector.info\\\/de\\\/anwendungen-von-fraktionssammlern-und-autosamplern\\\/\",\"name\":\"Anwendungen von Fraktionssammlern und Autosamplern &#8211; LAMBDA OMNICOLL | LAMBDA Laboratory Instruments\",\"isPartOf\":{\"@id\":\"https:\\\/\\\/www.fractioncollector.info\\\/de\\\/#website\"},\"primaryImageOfPage\":{\"@id\":\"https:\\\/\\\/www.fractioncollector.info\\\/de\\\/anwendungen-von-fraktionssammlern-und-autosamplern\\\/#primaryimage\"},\"image\":{\"@id\":\"https:\\\/\\\/www.fractioncollector.info\\\/de\\\/anwendungen-von-fraktionssammlern-und-autosamplern\\\/#primaryimage\"},\"thumbnailUrl\":\"https:\\\/\\\/www.fractioncollector.info\\\/wp-content\\\/uploads\\\/Omnicoll-fraction-collector-for-isolation-of-allelopathic-chemicals-from-crude-extracts.jpg\",\"datePublished\":\"2018-01-11T08:45:47+00:00\",\"dateModified\":\"2026-04-28T16:55:22+00:00\",\"description\":\"Entdecken Sie verschiedene Anwendungen der LAMBDA OMNICOLL Fraktionssammler\\\/Autosampler in der LC, Proteinaufreinigung und automatisierten Fl\u00fcssigkeitshandhabung.\",\"breadcrumb\":{\"@id\":\"https:\\\/\\\/www.fractioncollector.info\\\/de\\\/anwendungen-von-fraktionssammlern-und-autosamplern\\\/#breadcrumb\"},\"inLanguage\":\"de\",\"potentialAction\":[{\"@type\":\"ReadAction\",\"target\":[\"https:\\\/\\\/www.fractioncollector.info\\\/de\\\/anwendungen-von-fraktionssammlern-und-autosamplern\\\/\"]}]},{\"@type\":\"ImageObject\",\"inLanguage\":\"de\",\"@id\":\"https:\\\/\\\/www.fractioncollector.info\\\/de\\\/anwendungen-von-fraktionssammlern-und-autosamplern\\\/#primaryimage\",\"url\":\"https:\\\/\\\/www.fractioncollector.info\\\/wp-content\\\/uploads\\\/Omnicoll-fraction-collector-for-isolation-of-allelopathic-chemicals-from-crude-extracts.jpg\",\"contentUrl\":\"https:\\\/\\\/www.fractioncollector.info\\\/wp-content\\\/uploads\\\/Omnicoll-fraction-collector-for-isolation-of-allelopathic-chemicals-from-crude-extracts.jpg\",\"width\":600,\"height\":800,\"caption\":\"Isolierung und Reinigung von allelopathischen Verbindungen mittels S\u00e4ulenchromatographie an Kieselgel, zeitgesteuerte Fraktionssammlung mit dem LAMBDA OMNICOLL Fraktionssammler und D\u00fcnnschichtchromatographie (TLC). Die gereinigten Verbindungen k\u00f6nnen mittels UV-, IR-, LC-MS- und NMR-spektroskopischer Studien charakterisiert werden.\"},{\"@type\":\"BreadcrumbList\",\"@id\":\"https:\\\/\\\/www.fractioncollector.info\\\/de\\\/anwendungen-von-fraktionssammlern-und-autosamplern\\\/#breadcrumb\",\"itemListElement\":[{\"@type\":\"ListItem\",\"position\":1,\"name\":\"Home\",\"item\":\"https:\\\/\\\/www.fractioncollector.info\\\/de\\\/lambda-omnicoll-fraktionssammler-und-probengeber\\\/\"},{\"@type\":\"ListItem\",\"position\":2,\"name\":\"Anwendungen von Fraktionssammlern und Autosamplern\"}]},{\"@type\":\"WebSite\",\"@id\":\"https:\\\/\\\/www.fractioncollector.info\\\/de\\\/#website\",\"url\":\"https:\\\/\\\/www.fractioncollector.info\\\/de\\\/\",\"name\":\"LAMBDA OMNICOLL\",\"description\":\"fraction collector &amp; auto-sampler\",\"publisher\":{\"@id\":\"https:\\\/\\\/www.fractioncollector.info\\\/de\\\/#organization\"},\"potentialAction\":[{\"@type\":\"SearchAction\",\"target\":{\"@type\":\"EntryPoint\",\"urlTemplate\":\"https:\\\/\\\/www.fractioncollector.info\\\/de\\\/?s={search_term_string}\"},\"query-input\":{\"@type\":\"PropertyValueSpecification\",\"valueRequired\":true,\"valueName\":\"search_term_string\"}}],\"inLanguage\":\"de\"},{\"@type\":\"Organization\",\"@id\":\"https:\\\/\\\/www.fractioncollector.info\\\/de\\\/#organization\",\"name\":\"LAMBDA Laborger\u00e4te\",\"url\":\"https:\\\/\\\/www.fractioncollector.info\\\/de\\\/\",\"logo\":{\"@type\":\"ImageObject\",\"inLanguage\":\"de\",\"@id\":\"https:\\\/\\\/www.fractioncollector.info\\\/de\\\/#\\\/schema\\\/logo\\\/image\\\/\",\"url\":\"https:\\\/\\\/www.fractioncollector.info\\\/wp-content\\\/uploads\\\/lambda-logo.jpg\",\"contentUrl\":\"https:\\\/\\\/www.fractioncollector.info\\\/wp-content\\\/uploads\\\/lambda-logo.jpg\",\"width\":1599,\"height\":365,\"caption\":\"LAMBDA Laborger\u00e4te\"},\"image\":{\"@id\":\"https:\\\/\\\/www.fractioncollector.info\\\/de\\\/#\\\/schema\\\/logo\\\/image\\\/\"},\"sameAs\":[\"https:\\\/\\\/www.facebook.com\\\/LambdaLaboratoryInstrumentsCzSro\\\/\",\"https:\\\/\\\/x.com\\\/LAMBDA_Labinstr\",\"https:\\\/\\\/www.instagram.com\\\/lambdainstruments\\\/\",\"https:\\\/\\\/www.linkedin.com\\\/company\\\/lambda-laboratory-instruments?trk=biz-companies-cym\",\"https:\\\/\\\/www.pinterest.com\\\/lambdacz\\\/\",\"https:\\\/\\\/www.youtube.com\\\/user\\\/LambdaCZ\"]}]}<\/script>\n<!-- \/ Yoast SEO plugin. -->","yoast_head_json":{"title":"Anwendungen von Fraktionssammlern und Autosamplern &#8211; LAMBDA OMNICOLL | LAMBDA Laboratory Instruments","description":"Entdecken Sie verschiedene Anwendungen der LAMBDA OMNICOLL Fraktionssammler\/Autosampler in der LC, Proteinaufreinigung und automatisierten Fl\u00fcssigkeitshandhabung.","robots":{"index":"index","follow":"follow","max-snippet":"max-snippet:-1","max-image-preview":"max-image-preview:large","max-video-preview":"max-video-preview:-1"},"canonical":"https:\/\/www.fractioncollector.info\/de\/anwendungen-von-fraktionssammlern-und-autosamplern\/","og_locale":"de_DE","og_type":"article","og_title":"Anwendungen von Fraktionssammlern und Autosamplern &#8211; LAMBDA OMNICOLL | LAMBDA Laboratory Instruments","og_description":"Entdecken Sie verschiedene Anwendungen der LAMBDA OMNICOLL Fraktionssammler\/Autosampler in der LC, Proteinaufreinigung und automatisierten Fl\u00fcssigkeitshandhabung.","og_url":"https:\/\/www.fractioncollector.info\/de\/anwendungen-von-fraktionssammlern-und-autosamplern\/","og_site_name":"LAMBDA OMNICOLL | LAMBDA Laboratory Instruments","article_publisher":"https:\/\/www.facebook.com\/LambdaLaboratoryInstrumentsCzSro\/","article_modified_time":"2026-04-28T16:55:22+00:00","og_image":[{"width":600,"height":800,"url":"https:\/\/www.fractioncollector.info\/wp-content\/uploads\/Omnicoll-fraction-collector-for-isolation-of-allelopathic-chemicals-from-crude-extracts.jpg","type":"image\/jpeg"}],"twitter_card":"summary_large_image","twitter_site":"@LAMBDA_Labinstr","twitter_misc":{"Gesch\u00e4tzte Lesezeit":"1\u00a0Minute"},"schema":{"@context":"https:\/\/schema.org","@graph":[{"@type":"WebPage","@id":"https:\/\/www.fractioncollector.info\/de\/anwendungen-von-fraktionssammlern-und-autosamplern\/","url":"https:\/\/www.fractioncollector.info\/de\/anwendungen-von-fraktionssammlern-und-autosamplern\/","name":"Anwendungen von Fraktionssammlern und Autosamplern &#8211; LAMBDA OMNICOLL | LAMBDA Laboratory Instruments","isPartOf":{"@id":"https:\/\/www.fractioncollector.info\/de\/#website"},"primaryImageOfPage":{"@id":"https:\/\/www.fractioncollector.info\/de\/anwendungen-von-fraktionssammlern-und-autosamplern\/#primaryimage"},"image":{"@id":"https:\/\/www.fractioncollector.info\/de\/anwendungen-von-fraktionssammlern-und-autosamplern\/#primaryimage"},"thumbnailUrl":"https:\/\/www.fractioncollector.info\/wp-content\/uploads\/Omnicoll-fraction-collector-for-isolation-of-allelopathic-chemicals-from-crude-extracts.jpg","datePublished":"2018-01-11T08:45:47+00:00","dateModified":"2026-04-28T16:55:22+00:00","description":"Entdecken Sie verschiedene Anwendungen der LAMBDA OMNICOLL Fraktionssammler\/Autosampler in der LC, Proteinaufreinigung und automatisierten Fl\u00fcssigkeitshandhabung.","breadcrumb":{"@id":"https:\/\/www.fractioncollector.info\/de\/anwendungen-von-fraktionssammlern-und-autosamplern\/#breadcrumb"},"inLanguage":"de","potentialAction":[{"@type":"ReadAction","target":["https:\/\/www.fractioncollector.info\/de\/anwendungen-von-fraktionssammlern-und-autosamplern\/"]}]},{"@type":"ImageObject","inLanguage":"de","@id":"https:\/\/www.fractioncollector.info\/de\/anwendungen-von-fraktionssammlern-und-autosamplern\/#primaryimage","url":"https:\/\/www.fractioncollector.info\/wp-content\/uploads\/Omnicoll-fraction-collector-for-isolation-of-allelopathic-chemicals-from-crude-extracts.jpg","contentUrl":"https:\/\/www.fractioncollector.info\/wp-content\/uploads\/Omnicoll-fraction-collector-for-isolation-of-allelopathic-chemicals-from-crude-extracts.jpg","width":600,"height":800,"caption":"Isolierung und Reinigung von allelopathischen Verbindungen mittels S\u00e4ulenchromatographie an Kieselgel, zeitgesteuerte Fraktionssammlung mit dem LAMBDA OMNICOLL Fraktionssammler und D\u00fcnnschichtchromatographie (TLC). Die gereinigten Verbindungen k\u00f6nnen mittels UV-, IR-, LC-MS- und NMR-spektroskopischer Studien charakterisiert werden."},{"@type":"BreadcrumbList","@id":"https:\/\/www.fractioncollector.info\/de\/anwendungen-von-fraktionssammlern-und-autosamplern\/#breadcrumb","itemListElement":[{"@type":"ListItem","position":1,"name":"Home","item":"https:\/\/www.fractioncollector.info\/de\/lambda-omnicoll-fraktionssammler-und-probengeber\/"},{"@type":"ListItem","position":2,"name":"Anwendungen von Fraktionssammlern und Autosamplern"}]},{"@type":"WebSite","@id":"https:\/\/www.fractioncollector.info\/de\/#website","url":"https:\/\/www.fractioncollector.info\/de\/","name":"LAMBDA OMNICOLL","description":"fraction collector &amp; auto-sampler","publisher":{"@id":"https:\/\/www.fractioncollector.info\/de\/#organization"},"potentialAction":[{"@type":"SearchAction","target":{"@type":"EntryPoint","urlTemplate":"https:\/\/www.fractioncollector.info\/de\/?s={search_term_string}"},"query-input":{"@type":"PropertyValueSpecification","valueRequired":true,"valueName":"search_term_string"}}],"inLanguage":"de"},{"@type":"Organization","@id":"https:\/\/www.fractioncollector.info\/de\/#organization","name":"LAMBDA Laborger\u00e4te","url":"https:\/\/www.fractioncollector.info\/de\/","logo":{"@type":"ImageObject","inLanguage":"de","@id":"https:\/\/www.fractioncollector.info\/de\/#\/schema\/logo\/image\/","url":"https:\/\/www.fractioncollector.info\/wp-content\/uploads\/lambda-logo.jpg","contentUrl":"https:\/\/www.fractioncollector.info\/wp-content\/uploads\/lambda-logo.jpg","width":1599,"height":365,"caption":"LAMBDA Laborger\u00e4te"},"image":{"@id":"https:\/\/www.fractioncollector.info\/de\/#\/schema\/logo\/image\/"},"sameAs":["https:\/\/www.facebook.com\/LambdaLaboratoryInstrumentsCzSro\/","https:\/\/x.com\/LAMBDA_Labinstr","https:\/\/www.instagram.com\/lambdainstruments\/","https:\/\/www.linkedin.com\/company\/lambda-laboratory-instruments?trk=biz-companies-cym","https:\/\/www.pinterest.com\/lambdacz\/","https:\/\/www.youtube.com\/user\/LambdaCZ"]}]}},"_links":{"self":[{"href":"https:\/\/www.fractioncollector.info\/de\/wp-json\/wp\/v2\/pages\/4948","targetHints":{"allow":["GET"]}}],"collection":[{"href":"https:\/\/www.fractioncollector.info\/de\/wp-json\/wp\/v2\/pages"}],"about":[{"href":"https:\/\/www.fractioncollector.info\/de\/wp-json\/wp\/v2\/types\/page"}],"author":[{"embeddable":true,"href":"https:\/\/www.fractioncollector.info\/de\/wp-json\/wp\/v2\/users\/2"}],"replies":[{"embeddable":true,"href":"https:\/\/www.fractioncollector.info\/de\/wp-json\/wp\/v2\/comments?post=4948"}],"version-history":[{"count":1,"href":"https:\/\/www.fractioncollector.info\/de\/wp-json\/wp\/v2\/pages\/4948\/revisions"}],"predecessor-version":[{"id":4952,"href":"https:\/\/www.fractioncollector.info\/de\/wp-json\/wp\/v2\/pages\/4948\/revisions\/4952"}],"wp:featuredmedia":[{"embeddable":true,"href":"https:\/\/www.fractioncollector.info\/de\/wp-json\/wp\/v2\/media\/4949"}],"wp:attachment":[{"href":"https:\/\/www.fractioncollector.info\/de\/wp-json\/wp\/v2\/media?parent=4948"}],"curies":[{"name":"wp","href":"https:\/\/api.w.org\/{rel}","templated":true}]}}