{"id":4586,"date":"2018-01-12T11:07:47","date_gmt":"2018-01-12T09:07:47","guid":{"rendered":"https:\/\/www.fractioncollector.info\/caracteristicas-de-los-colectores-de-fracciones-y-automuestreadores\/"},"modified":"2018-01-12T11:07:47","modified_gmt":"2018-01-12T09:07:47","slug":"caracteristicas-de-los-colectores-de-fracciones-y-automuestreadores","status":"publish","type":"page","link":"https:\/\/www.fractioncollector.info\/es\/caracteristicas-de-los-colectores-de-fracciones-y-automuestreadores\/","title":{"rendered":"Caracter\u00edsticas de los colectores de fracciones y automuestreadores"},"content":{"rendered":"<div id=\"pl-4586\"  class=\"panel-layout\" ><div id=\"pg-4586-0\"  class=\"panel-grid panel-has-style\"  style=\"margin-bottom: 50px\" ><div class=\"siteorigin-panels-stretch panel-row-style-full-width panel-row-style panel-row-style-for-4586-0\" style=\"padding: 0px 0px 0px 0px;\" data-stretch-type=\"full-width-stretch\" ><div id=\"pgc-4586-0-0\"  class=\"panel-grid-cell\" ><div id=\"panel-4586-0-0-0\" class=\"so-panel widget widget_black-studio-tinymce widget_black_studio_tinymce panel-first-child panel-last-child\" data-index=\"0\" ><div style=\"padding: 60px;\" class=\"panel-widget-style panel-widget-style-for-4586-0-0-0\" ><div class=\"textwidget\"><h1 style=\"color: white; text-align: center; font-size: 35px; text-shadow: 1px 1px #000000; line-height: 100%;\">FEATURES OF FRACTION COLLECTORS &amp; AUTOSAMPLERS<\/h1>\n<p style=\"text-align: center; text-shadow: 1px 1px #000000; line-height: 100%;\">LAMBDA OMNICOLL for safe handling and easy programming<\/p>\n<\/div><\/div><\/div><\/div><\/div><\/div><div id=\"pg-4586-1\"  class=\"panel-grid panel-no-style\"  style=\"margin-bottom: 50px\" ><div id=\"pgc-4586-1-0\"  class=\"panel-grid-cell\" ><div id=\"panel-4586-1-0-0\" class=\"so-panel widget widget_black-studio-tinymce widget_black_studio_tinymce panel-first-child panel-last-child\" data-index=\"1\" ><div id=\"safe-handling\" class=\"panel-widget-style panel-widget-style-for-4586-1-0-0\" ><h3 class=\"widget-title\">Safe handling<\/h3><div class=\"textwidget\"><p data-pm-slice=\"0 0 []\">The LAMBDA OMNICOLL fraction collector \/ autosampler prioritizes user safety with its low voltage operation and innovative design, ensuring minimal spill risk while maintaining optimal conditions for heat-sensitive samples in a robust, easy-to-clean construction:<\/p>\n<ul>\n<li>The highest safety for the user has been attained by supplying fraction collector LAMBDA OMNICOLL with <strong>low voltage current (9 V \/ 12 W).<\/strong><\/li>\n<li>Only the <strong>liquid conducting tubing (i.e. sampling tubing) moves<\/strong>,\u00a0instead of the recipient tubes, which in-turn\u00a0requires much less energy and allows the fraction collector to be miniaturized.<\/li>\n<li>All the electronic and mechanical components have been placed above the fractions, therefore,\u00a0<strong>no danger of spilling<\/strong>\u00a0and the lower part of the collector, for example: can be\u00a0<strong>placed into a thermo-stabilized container or water bath<\/strong>, to maintain the heat-sensitive samples at low temperatures during sample handling.<\/li>\n<li>Solid metal construction makes LAMBDA OMNICOLL<strong>\u00a0insensitive to solvents<\/strong> and easy to clean\/disinfect the external surfaces of the instrument. Thus, the fraction collector and autosampler could be used <strong>under sterile conditions<\/strong>.<\/li>\n<li>The supplied plastic fixing mat helps to keep the desired racks or recipients in position, on the collecting surface of the fraction collector.<\/li>\n<\/ul>\n<\/div><\/div><\/div><\/div><div id=\"pgc-4586-1-1\"  class=\"panel-grid-cell\" ><div id=\"panel-4586-1-1-0\" class=\"so-panel widget widget_black-studio-tinymce widget_black_studio_tinymce panel-first-child panel-last-child\" data-index=\"2\" style=\"margin: 0px 0px 0px 20px;\" ><div style=\"padding: 20px 20px 20px 20px;\" id=\"mini\" class=\"panel-widget-style panel-widget-style-for-4586-1-1-0\" ><div class=\"textwidget\"><h4>NEW!!! <strong>LAMBDA OMNICOLL <em>Mini<\/em><\/strong><br \/>\nwith ideal external dimensions for glove boxes!<\/h4>\n<h4><a href=\"https:\/\/www.lambda-instruments.com\/news\/detail\/lambda-omnicoll-fraction-collector-and-autosampler-for-small-spaces\/\" target=\"_blank\" rel=\"noopener\"><img loading=\"lazy\" decoding=\"async\" class=\"aligncenter wp-image-4155 size-full\" title=\"The new LAMBDA OMNICOLL mini \u2014 ideal external dimensions for glove boxes\" src=\"https:\/\/www.fractioncollector.info\/wp-content\/uploads\/lambda-omnicoll-mini-in-glovebox-for-safety-handling-e1730368700868.jpg\" alt=\"The new LAMBDA OMNICOLL mini \u2014 ideal external dimensions for glove boxes\" width=\"1000\" height=\"820\" srcset=\"https:\/\/www.fractioncollector.info\/wp-content\/uploads\/lambda-omnicoll-mini-in-glovebox-for-safety-handling-e1730368700868.jpg 1000w, https:\/\/www.fractioncollector.info\/wp-content\/uploads\/lambda-omnicoll-mini-in-glovebox-for-safety-handling-e1730368700868-339x278.jpg 339w, https:\/\/www.fractioncollector.info\/wp-content\/uploads\/lambda-omnicoll-mini-in-glovebox-for-safety-handling-e1730368700868-150x123.jpg 150w, https:\/\/www.fractioncollector.info\/wp-content\/uploads\/lambda-omnicoll-mini-in-glovebox-for-safety-handling-e1730368700868-768x630.jpg 768w\" sizes=\"auto, (max-width: 1000px) 100vw, 1000px\" \/><\/a><\/h4>\n<p>Discover the new LAMBDA OMNICOLL <em>Mini<\/em>, a compact fraction collector with <strong>ideal external dimensions for glove boxes<\/strong>, designed for seamless integration in safety containments: <a href=\"https:\/\/www.lambda-instruments.com\/news\/detail\/lambda-omnicoll-fraction-collector-and-autosampler-for-small-spaces\/\" target=\"_blank\" rel=\"noopener\">www.lambda-instruments.com\/news\/detail\/lambda-omnicoll-fraction-collector-and-autosampler-for-small-spaces\/<\/a>.<\/p>\n<\/div><\/div><\/div><\/div><\/div><div id=\"pg-4586-2\"  class=\"panel-grid panel-no-style\"  style=\"margin-bottom: 50px\" ><div id=\"pgc-4586-2-0\"  class=\"panel-grid-cell\" ><div id=\"panel-4586-2-0-0\" class=\"so-panel widget widget_black-studio-tinymce widget_black_studio_tinymce panel-first-child panel-last-child\" data-index=\"3\" ><h3 class=\"widget-title\">Programming and operation of fraction collector<\/h3><div class=\"textwidget\"><ul>\n<li>Modern microprocessor system using several <strong>optical sensors<\/strong>, which <strong>register stop signals<\/strong> and\u00a0<strong>time based or volume based fraction collection<\/strong><\/li>\n<li><strong>Pauses<\/strong>\u00a0<em>(from 0.1 to 999.9 min and 1 to 9999 min, almost 7 days)<\/em> <strong>can be programmed between fractions.<\/strong> Hence, OMNICOLL can be used for\u00a0taking samples\u00a0(single or multiples).\u00a0<br \/> The pause function can be used also for an\u00a0automatic startup\u00a0of the fraction collection.\u00a0Washing of tubing between samples\u00a0is possible, as\u00a0the number of fractions in a series can be chosen.<\/li>\n<li>Fraction collection in <strong>lines, row or meander-like <\/strong><em>(zig zag)<\/em><\/li>\n<li>An\u00a0<strong>auto stop\u00a0function\u00a0<\/strong>switches off the collector and the fractionation after a selected rack or at the end of the range<\/li>\n<\/ul>\n<\/div><\/div><\/div><\/div><div id=\"pg-4586-3\"  class=\"panel-grid panel-no-style\"  style=\"margin-bottom: 50px\" ><div id=\"pgc-4586-3-0\"  class=\"panel-grid-cell\" ><div id=\"panel-4586-3-0-0\" class=\"so-panel widget widget_black-studio-tinymce widget_black_studio_tinymce panel-first-child panel-last-child\" data-index=\"4\" ><div id=\"remote-control\" class=\"panel-widget-style panel-widget-style-for-4586-3-0-0\" ><h3 class=\"widget-title\">Remote control, RS-interface and other parameter controls<\/h3><div class=\"textwidget\"><ul>\n<li>Remote control\u00a0allows <strong>sampling after reception of an external signal<\/strong> <em>(parameter controlled auto sampling,\u00a0such as an alarm, TTL, etc.).<\/em><\/li>\n<li>LAMBDA OMNICOLL can be equipped with <a href=\"https:\/\/www.fractioncollector.info\/single-stream-fraction-collector-auto-sampler\/#drop-counter\"><strong>drop counter<\/strong><\/a>\u00a0<em>(1-9999 and 60-599940)<\/em>, inert valve,\u00a0<strong>RS-232\u00a0<\/strong>for\u00a0PC control\u00a0and other accessories (optional)<\/li>\n<li>With the remote control option, it is possible to obtain important samples\u00a0during long continuous processes and even in\u00a0the\u00a0absence of laboratory personnel.<\/li>\n<\/ul>\n<\/div><\/div><\/div><\/div><\/div><div id=\"pg-4586-4\"  class=\"panel-grid panel-no-style\"  style=\"margin-bottom: 50px\" ><div id=\"pgc-4586-4-0\"  class=\"panel-grid-cell\" ><div id=\"panel-4586-4-0-0\" class=\"so-panel widget widget_black-studio-tinymce widget_black_studio_tinymce panel-first-child panel-last-child\" data-index=\"5\" ><h3 class=\"widget-title\">LAMBDA OMNICOLL + Laboratory peristaltic pumps = Autosampler<\/h3><div class=\"textwidget\"><ul>\n<li>Using <strong>peristaltic pumps with LAMBDA OMNICOLL<\/strong> can be used for <strong>automatic sampling\u00a0at regular time intervals<\/strong> during fermentation and other biological or chemical processes.<\/li>\n<li>LAMBDA OMNICOLL automatic liquid sampler can be combined with <strong>LAMBDA peristaltic pumps or any third party multichannel peristaltic pump <\/strong>(if it can be\u00a0controlled remotely by analog signals)\u00a0on the market.<\/li>\n<li>Peristaltic pump\u00a0<strong>flow-stop function<\/strong> during the change from one fraction to the next\u00a0and at the end of the run<\/li>\n<\/ul>\n<\/div><\/div><\/div><div id=\"pgc-4586-4-1\"  class=\"panel-grid-cell\" ><div id=\"panel-4586-4-1-0\" class=\"so-panel widget widget_black-studio-tinymce widget_black_studio_tinymce panel-first-child panel-last-child\" data-index=\"6\" ><div class=\"textwidget\"><p><img loading=\"lazy\" decoding=\"async\" class=\"alignnone wp-image-1756\" title=\"Automated fraction collector LAMBDA OMNICOLL for liquid chromatography\" src=\"https:\/\/www.fractioncollector.info\/wp-content\/uploads\/Fraction-collector-OMNICOLL-for-liquid-chromatography-e1690191570722-227x278.jpg\" alt=\"Automated fraction collector OMNICOLL for liquid chromatography\" width=\"400\" height=\"490\" srcset=\"https:\/\/www.fractioncollector.info\/wp-content\/uploads\/Fraction-collector-OMNICOLL-for-liquid-chromatography-e1690191570722-227x278.jpg 227w, https:\/\/www.fractioncollector.info\/wp-content\/uploads\/Fraction-collector-OMNICOLL-for-liquid-chromatography-e1690191570722-122x150.jpg 122w, https:\/\/www.fractioncollector.info\/wp-content\/uploads\/Fraction-collector-OMNICOLL-for-liquid-chromatography-e1690191570722-768x941.jpg 768w, https:\/\/www.fractioncollector.info\/wp-content\/uploads\/Fraction-collector-OMNICOLL-for-liquid-chromatography-e1690191570722.jpg 782w\" sizes=\"auto, (max-width: 400px) 100vw, 400px\" \/><\/p>\n<\/div><\/div><\/div><\/div><div id=\"pg-4586-5\"  class=\"panel-grid panel-has-style\"  style=\"margin-bottom: 50pxmargin-bottom: 0px;\" ><div class=\"siteorigin-panels-stretch panel-row-style-full-width panel-row-style panel-row-style-for-4586-5\" style=\"border-top: 1px solid #f0f0f0; border-bottom: 1px solid #f0f0f0; background-color: #f0f0f0; \" data-stretch-type=\"full\" ><div id=\"pgc-4586-5-0\"  class=\"panel-grid-cell\" ><div id=\"panel-4586-5-0-0\" class=\"so-panel widget widget_black-studio-tinymce widget_black_studio_tinymce panel-first-child\" data-index=\"7\" style=\"margin-bottom: 50px\" ><div style=\"padding: 0px;\" class=\"panel-widget-style panel-widget-style-for-4586-5-0-0\" ><div class=\"textwidget\"><p style=\"text-align: center;\">LAMBDA OMNICOLL<\/p>\n<p style=\"text-align: center; \"font-size: 200%; line-height: 120%\"><strong>FEATURES<\/strong><\/p><\/div><\/div><\/div><div id=\"panel-4586-5-0-1\" class=\"so-panel widget widget_sow-button panel-last-child\" data-index=\"8\" ><div\n\t\t\t\n\t\t\tclass=\"so-widget-sow-button so-widget-sow-button-wire-c706dad0fe00-4586\"\n\t\t\t\n\t\t><div class=\"ow-button-base ow-button-align-center\"\n>\n\t\t\t<a\n\t\t\t\t\thref=\"https:\/\/www.fractioncollector.info\/es\/recogida-de-fracciones-multi-canal\/\"\n\t\t\t\t\tclass=\"sowb-button ow-icon-placement-left ow-button-hover\" \t>\n\t\t<span>\n\t\t\t\n\t\t\tContinuar con la recogida de fracciones MULTI-STREAM\t\t<\/span>\n\t\t\t<\/a>\n\t<\/div>\n<\/div><\/div><\/div><\/div><\/div><\/div>","protected":false},"excerpt":{"rendered":"<p>El colector de fracciones para cualquier gradilla o recipiente de su elecci\u00f3n: LAMBDA OMNICOLL<\/p>\n","protected":false},"author":2,"featured_media":4588,"parent":0,"menu_order":0,"comment_status":"closed","ping_status":"closed","template":"templates\/template-full-notitle.php","meta":{"footnotes":""},"class_list":["post-4586","page","type-page","status-publish","has-post-thumbnail","hentry","post","post-with-thumbnail","post-with-thumbnail-icon"],"yoast_head":"<!-- This site is optimized with the Yoast SEO plugin v27.5 - https:\/\/yoast.com\/product\/yoast-seo-wordpress\/ -->\n<title>Caracter\u00edsticas de los colectores de fracciones y automuestreadores &#8211; LAMBDA OMNICOLL | LAMBDA Laboratory Instruments<\/title>\n<meta name=\"description\" content=\"El colector de fracciones y automuestreador OMNICOLL es apto para cromatograf\u00eda l\u00edquida en columnas de cualquier tama\u00f1o y puede manipular casi todo tipo de gradillas de muestreo de laboratorio.\" \/>\n<meta name=\"robots\" content=\"index, follow, max-snippet:-1, max-image-preview:large, max-video-preview:-1\" \/>\n<link rel=\"canonical\" href=\"https:\/\/www.fractioncollector.info\/es\/caracteristicas-de-los-colectores-de-fracciones-y-automuestreadores\/\" \/>\n<meta property=\"og:locale\" content=\"es_ES\" \/>\n<meta property=\"og:type\" content=\"article\" \/>\n<meta property=\"og:title\" content=\"Caracter\u00edsticas de los colectores de fracciones y automuestreadores &#8211; LAMBDA OMNICOLL | LAMBDA Laboratory Instruments\" \/>\n<meta property=\"og:description\" content=\"El colector de fracciones y automuestreador OMNICOLL es apto para cromatograf\u00eda l\u00edquida en columnas de cualquier tama\u00f1o y puede manipular casi todo tipo de gradillas de muestreo de laboratorio.\" \/>\n<meta property=\"og:url\" content=\"https:\/\/www.fractioncollector.info\/es\/caracteristicas-de-los-colectores-de-fracciones-y-automuestreadores\/\" \/>\n<meta property=\"og:site_name\" content=\"LAMBDA OMNICOLL | LAMBDA Laboratory Instruments\" \/>\n<meta property=\"article:publisher\" content=\"https:\/\/www.facebook.com\/LambdaLaboratoryInstrumentsCzSro\/\" \/>\n<meta property=\"og:image\" content=\"https:\/\/www.fractioncollector.info\/wp-content\/uploads\/Fraction-collector-OMNICOLL-for-liquid-chromatography-e1690191570722.jpg\" \/>\n\t<meta property=\"og:image:width\" content=\"782\" \/>\n\t<meta property=\"og:image:height\" content=\"958\" \/>\n\t<meta property=\"og:image:type\" content=\"image\/jpeg\" \/>\n<meta name=\"twitter:card\" content=\"summary_large_image\" \/>\n<meta name=\"twitter:site\" content=\"@LAMBDA_Labinstr\" \/>\n<script type=\"application\/ld+json\" class=\"yoast-schema-graph\">{\"@context\":\"https:\\\/\\\/schema.org\",\"@graph\":[{\"@type\":\"WebPage\",\"@id\":\"https:\\\/\\\/www.fractioncollector.info\\\/es\\\/caracteristicas-de-los-colectores-de-fracciones-y-automuestreadores\\\/\",\"url\":\"https:\\\/\\\/www.fractioncollector.info\\\/es\\\/caracteristicas-de-los-colectores-de-fracciones-y-automuestreadores\\\/\",\"name\":\"Caracter\u00edsticas de los colectores de fracciones y automuestreadores &#8211; LAMBDA OMNICOLL | LAMBDA Laboratory Instruments\",\"isPartOf\":{\"@id\":\"https:\\\/\\\/www.fractioncollector.info\\\/es\\\/#website\"},\"primaryImageOfPage\":{\"@id\":\"https:\\\/\\\/www.fractioncollector.info\\\/es\\\/caracteristicas-de-los-colectores-de-fracciones-y-automuestreadores\\\/#primaryimage\"},\"image\":{\"@id\":\"https:\\\/\\\/www.fractioncollector.info\\\/es\\\/caracteristicas-de-los-colectores-de-fracciones-y-automuestreadores\\\/#primaryimage\"},\"thumbnailUrl\":\"https:\\\/\\\/www.fractioncollector.info\\\/wp-content\\\/uploads\\\/Fraction-collector-OMNICOLL-for-liquid-chromatography-e1690191570722.jpg\",\"datePublished\":\"2018-01-12T09:07:47+00:00\",\"description\":\"El colector de fracciones y automuestreador OMNICOLL es apto para cromatograf\u00eda l\u00edquida en columnas de cualquier tama\u00f1o y puede manipular casi todo tipo de gradillas de muestreo de laboratorio.\",\"breadcrumb\":{\"@id\":\"https:\\\/\\\/www.fractioncollector.info\\\/es\\\/caracteristicas-de-los-colectores-de-fracciones-y-automuestreadores\\\/#breadcrumb\"},\"inLanguage\":\"es\",\"potentialAction\":[{\"@type\":\"ReadAction\",\"target\":[\"https:\\\/\\\/www.fractioncollector.info\\\/es\\\/caracteristicas-de-los-colectores-de-fracciones-y-automuestreadores\\\/\"]}]},{\"@type\":\"ImageObject\",\"inLanguage\":\"es\",\"@id\":\"https:\\\/\\\/www.fractioncollector.info\\\/es\\\/caracteristicas-de-los-colectores-de-fracciones-y-automuestreadores\\\/#primaryimage\",\"url\":\"https:\\\/\\\/www.fractioncollector.info\\\/wp-content\\\/uploads\\\/Fraction-collector-OMNICOLL-for-liquid-chromatography-e1690191570722.jpg\",\"contentUrl\":\"https:\\\/\\\/www.fractioncollector.info\\\/wp-content\\\/uploads\\\/Fraction-collector-OMNICOLL-for-liquid-chromatography-e1690191570722.jpg\",\"width\":782,\"height\":958,\"caption\":\"Colector de fracciones OMNICOLL para cromatograf\u00eda l\u00edquida\"},{\"@type\":\"BreadcrumbList\",\"@id\":\"https:\\\/\\\/www.fractioncollector.info\\\/es\\\/caracteristicas-de-los-colectores-de-fracciones-y-automuestreadores\\\/#breadcrumb\",\"itemListElement\":[{\"@type\":\"ListItem\",\"position\":1,\"name\":\"Home\",\"item\":\"https:\\\/\\\/www.fractioncollector.info\\\/es\\\/colector-de-fracciones-y-muestreador-lambda-omnicoll\\\/\"},{\"@type\":\"ListItem\",\"position\":2,\"name\":\"Caracter\u00edsticas de los colectores de fracciones y automuestreadores\"}]},{\"@type\":\"WebSite\",\"@id\":\"https:\\\/\\\/www.fractioncollector.info\\\/es\\\/#website\",\"url\":\"https:\\\/\\\/www.fractioncollector.info\\\/es\\\/\",\"name\":\"LAMBDA OMNICOLL\",\"description\":\"fraction collector &amp; auto-sampler\",\"publisher\":{\"@id\":\"https:\\\/\\\/www.fractioncollector.info\\\/es\\\/#organization\"},\"potentialAction\":[{\"@type\":\"SearchAction\",\"target\":{\"@type\":\"EntryPoint\",\"urlTemplate\":\"https:\\\/\\\/www.fractioncollector.info\\\/es\\\/?s={search_term_string}\"},\"query-input\":{\"@type\":\"PropertyValueSpecification\",\"valueRequired\":true,\"valueName\":\"search_term_string\"}}],\"inLanguage\":\"es\"},{\"@type\":\"Organization\",\"@id\":\"https:\\\/\\\/www.fractioncollector.info\\\/es\\\/#organization\",\"name\":\"Instrumentos de laboratorio LAMBDA\",\"url\":\"https:\\\/\\\/www.fractioncollector.info\\\/es\\\/\",\"logo\":{\"@type\":\"ImageObject\",\"inLanguage\":\"es\",\"@id\":\"https:\\\/\\\/www.fractioncollector.info\\\/es\\\/#\\\/schema\\\/logo\\\/image\\\/\",\"url\":\"https:\\\/\\\/www.fractioncollector.info\\\/wp-content\\\/uploads\\\/lambda-logo.jpg\",\"contentUrl\":\"https:\\\/\\\/www.fractioncollector.info\\\/wp-content\\\/uploads\\\/lambda-logo.jpg\",\"width\":1599,\"height\":365,\"caption\":\"Instrumentos de laboratorio LAMBDA\"},\"image\":{\"@id\":\"https:\\\/\\\/www.fractioncollector.info\\\/es\\\/#\\\/schema\\\/logo\\\/image\\\/\"},\"sameAs\":[\"https:\\\/\\\/www.facebook.com\\\/LambdaLaboratoryInstrumentsCzSro\\\/\",\"https:\\\/\\\/x.com\\\/LAMBDA_Labinstr\",\"https:\\\/\\\/www.instagram.com\\\/lambdainstruments\\\/\",\"https:\\\/\\\/www.linkedin.com\\\/company\\\/lambda-laboratory-instruments?trk=biz-companies-cym\",\"https:\\\/\\\/www.pinterest.com\\\/lambdacz\\\/\",\"https:\\\/\\\/www.youtube.com\\\/user\\\/LambdaCZ\"]}]}<\/script>\n<!-- \/ Yoast SEO plugin. -->","yoast_head_json":{"title":"Caracter\u00edsticas de los colectores de fracciones y automuestreadores &#8211; LAMBDA OMNICOLL | LAMBDA Laboratory Instruments","description":"El colector de fracciones y automuestreador OMNICOLL es apto para cromatograf\u00eda l\u00edquida en columnas de cualquier tama\u00f1o y puede manipular casi todo tipo de gradillas de muestreo de laboratorio.","robots":{"index":"index","follow":"follow","max-snippet":"max-snippet:-1","max-image-preview":"max-image-preview:large","max-video-preview":"max-video-preview:-1"},"canonical":"https:\/\/www.fractioncollector.info\/es\/caracteristicas-de-los-colectores-de-fracciones-y-automuestreadores\/","og_locale":"es_ES","og_type":"article","og_title":"Caracter\u00edsticas de los colectores de fracciones y automuestreadores &#8211; LAMBDA OMNICOLL | LAMBDA Laboratory Instruments","og_description":"El colector de fracciones y automuestreador OMNICOLL es apto para cromatograf\u00eda l\u00edquida en columnas de cualquier tama\u00f1o y puede manipular casi todo tipo de gradillas de muestreo de laboratorio.","og_url":"https:\/\/www.fractioncollector.info\/es\/caracteristicas-de-los-colectores-de-fracciones-y-automuestreadores\/","og_site_name":"LAMBDA OMNICOLL | LAMBDA Laboratory Instruments","article_publisher":"https:\/\/www.facebook.com\/LambdaLaboratoryInstrumentsCzSro\/","og_image":[{"width":782,"height":958,"url":"https:\/\/www.fractioncollector.info\/wp-content\/uploads\/Fraction-collector-OMNICOLL-for-liquid-chromatography-e1690191570722.jpg","type":"image\/jpeg"}],"twitter_card":"summary_large_image","twitter_site":"@LAMBDA_Labinstr","schema":{"@context":"https:\/\/schema.org","@graph":[{"@type":"WebPage","@id":"https:\/\/www.fractioncollector.info\/es\/caracteristicas-de-los-colectores-de-fracciones-y-automuestreadores\/","url":"https:\/\/www.fractioncollector.info\/es\/caracteristicas-de-los-colectores-de-fracciones-y-automuestreadores\/","name":"Caracter\u00edsticas de los colectores de fracciones y automuestreadores &#8211; LAMBDA OMNICOLL | LAMBDA Laboratory Instruments","isPartOf":{"@id":"https:\/\/www.fractioncollector.info\/es\/#website"},"primaryImageOfPage":{"@id":"https:\/\/www.fractioncollector.info\/es\/caracteristicas-de-los-colectores-de-fracciones-y-automuestreadores\/#primaryimage"},"image":{"@id":"https:\/\/www.fractioncollector.info\/es\/caracteristicas-de-los-colectores-de-fracciones-y-automuestreadores\/#primaryimage"},"thumbnailUrl":"https:\/\/www.fractioncollector.info\/wp-content\/uploads\/Fraction-collector-OMNICOLL-for-liquid-chromatography-e1690191570722.jpg","datePublished":"2018-01-12T09:07:47+00:00","description":"El colector de fracciones y automuestreador OMNICOLL es apto para cromatograf\u00eda l\u00edquida en columnas de cualquier tama\u00f1o y puede manipular casi todo tipo de gradillas de muestreo de laboratorio.","breadcrumb":{"@id":"https:\/\/www.fractioncollector.info\/es\/caracteristicas-de-los-colectores-de-fracciones-y-automuestreadores\/#breadcrumb"},"inLanguage":"es","potentialAction":[{"@type":"ReadAction","target":["https:\/\/www.fractioncollector.info\/es\/caracteristicas-de-los-colectores-de-fracciones-y-automuestreadores\/"]}]},{"@type":"ImageObject","inLanguage":"es","@id":"https:\/\/www.fractioncollector.info\/es\/caracteristicas-de-los-colectores-de-fracciones-y-automuestreadores\/#primaryimage","url":"https:\/\/www.fractioncollector.info\/wp-content\/uploads\/Fraction-collector-OMNICOLL-for-liquid-chromatography-e1690191570722.jpg","contentUrl":"https:\/\/www.fractioncollector.info\/wp-content\/uploads\/Fraction-collector-OMNICOLL-for-liquid-chromatography-e1690191570722.jpg","width":782,"height":958,"caption":"Colector de fracciones OMNICOLL para cromatograf\u00eda l\u00edquida"},{"@type":"BreadcrumbList","@id":"https:\/\/www.fractioncollector.info\/es\/caracteristicas-de-los-colectores-de-fracciones-y-automuestreadores\/#breadcrumb","itemListElement":[{"@type":"ListItem","position":1,"name":"Home","item":"https:\/\/www.fractioncollector.info\/es\/colector-de-fracciones-y-muestreador-lambda-omnicoll\/"},{"@type":"ListItem","position":2,"name":"Caracter\u00edsticas de los colectores de fracciones y automuestreadores"}]},{"@type":"WebSite","@id":"https:\/\/www.fractioncollector.info\/es\/#website","url":"https:\/\/www.fractioncollector.info\/es\/","name":"LAMBDA OMNICOLL","description":"fraction collector &amp; auto-sampler","publisher":{"@id":"https:\/\/www.fractioncollector.info\/es\/#organization"},"potentialAction":[{"@type":"SearchAction","target":{"@type":"EntryPoint","urlTemplate":"https:\/\/www.fractioncollector.info\/es\/?s={search_term_string}"},"query-input":{"@type":"PropertyValueSpecification","valueRequired":true,"valueName":"search_term_string"}}],"inLanguage":"es"},{"@type":"Organization","@id":"https:\/\/www.fractioncollector.info\/es\/#organization","name":"Instrumentos de laboratorio LAMBDA","url":"https:\/\/www.fractioncollector.info\/es\/","logo":{"@type":"ImageObject","inLanguage":"es","@id":"https:\/\/www.fractioncollector.info\/es\/#\/schema\/logo\/image\/","url":"https:\/\/www.fractioncollector.info\/wp-content\/uploads\/lambda-logo.jpg","contentUrl":"https:\/\/www.fractioncollector.info\/wp-content\/uploads\/lambda-logo.jpg","width":1599,"height":365,"caption":"Instrumentos de laboratorio LAMBDA"},"image":{"@id":"https:\/\/www.fractioncollector.info\/es\/#\/schema\/logo\/image\/"},"sameAs":["https:\/\/www.facebook.com\/LambdaLaboratoryInstrumentsCzSro\/","https:\/\/x.com\/LAMBDA_Labinstr","https:\/\/www.instagram.com\/lambdainstruments\/","https:\/\/www.linkedin.com\/company\/lambda-laboratory-instruments?trk=biz-companies-cym","https:\/\/www.pinterest.com\/lambdacz\/","https:\/\/www.youtube.com\/user\/LambdaCZ"]}]}},"_links":{"self":[{"href":"https:\/\/www.fractioncollector.info\/es\/wp-json\/wp\/v2\/pages\/4586","targetHints":{"allow":["GET"]}}],"collection":[{"href":"https:\/\/www.fractioncollector.info\/es\/wp-json\/wp\/v2\/pages"}],"about":[{"href":"https:\/\/www.fractioncollector.info\/es\/wp-json\/wp\/v2\/types\/page"}],"author":[{"embeddable":true,"href":"https:\/\/www.fractioncollector.info\/es\/wp-json\/wp\/v2\/users\/2"}],"replies":[{"embeddable":true,"href":"https:\/\/www.fractioncollector.info\/es\/wp-json\/wp\/v2\/comments?post=4586"}],"version-history":[{"count":0,"href":"https:\/\/www.fractioncollector.info\/es\/wp-json\/wp\/v2\/pages\/4586\/revisions"}],"wp:featuredmedia":[{"embeddable":true,"href":"https:\/\/www.fractioncollector.info\/es\/wp-json\/wp\/v2\/media\/4588"}],"wp:attachment":[{"href":"https:\/\/www.fractioncollector.info\/es\/wp-json\/wp\/v2\/media?parent=4586"}],"curies":[{"name":"wp","href":"https:\/\/api.w.org\/{rel}","templated":true}]}}