{"id":4612,"date":"2018-02-14T15:35:13","date_gmt":"2018-02-14T13:35:13","guid":{"rendered":"https:\/\/www.fractioncollector.info\/preguntas-frecuentes-sobre-los-colectores-de-fracciones\/material-de-construccion-de-omnicoll\/"},"modified":"2026-04-28T18:50:52","modified_gmt":"2026-04-28T16:50:52","slug":"material-de-construccion-de-omnicoll","status":"publish","type":"page","link":"https:\/\/www.fractioncollector.info\/es\/preguntas-frecuentes-sobre-los-colectores-de-fracciones\/material-de-construccion-de-omnicoll\/","title":{"rendered":"Material de construcci\u00f3n de OMNICOLL"},"content":{"rendered":"<div id=\"pl-4612\"  class=\"panel-layout\" ><div id=\"pg-4612-0\"  class=\"panel-grid panel-has-style\"  style=\"margin-bottom: 50px\" ><div class=\"siteorigin-panels-stretch panel-row-style-full-width panel-row-style panel-row-style-for-4612-0\" style=\"padding: 0px 0px 0px 0px;\" data-stretch-type=\"full-width-stretch\" ><div id=\"pgc-4612-0-0\"  class=\"panel-grid-cell\" ><div id=\"panel-4612-0-0-0\" class=\"so-panel widget widget_black-studio-tinymce widget_black_studio_tinymce panel-first-child panel-last-child\" data-index=\"0\" ><div style=\"padding: 50px;\" class=\"panel-widget-style panel-widget-style-for-4612-0-0-0\" ><div class=\"textwidget\"><h1 style=\"color: white; text-align: center; font-size: 35px; text-shadow: 1px 1px #000000; line-height: 100%;\">FAQ - FREQUENTLY ASKED QUESTIONS<\/h1>\n<h2 style=\"color: white; text-align: center; text-shadow: 1px 1px #000000;\">Material of construction of OMNICOLL fraction collector<\/h2>\n<\/div><\/div><\/div><\/div><\/div><\/div><div id=\"pg-4612-1\"  class=\"panel-grid panel-has-style\"  style=\"margin-bottom: 50px\" ><div class=\"siteorigin-panels-stretch panel-row-style-full-width panel-row-style panel-row-style-for-4612-1\" data-stretch-type=\"full\" ><div id=\"pgc-4612-1-0\"  class=\"panel-grid-cell\" ><div id=\"panel-4612-1-0-0\" class=\"so-panel widget widget_black-studio-tinymce widget_black_studio_tinymce panel-first-child\" data-index=\"1\" style=\"margin-bottom: 50px\" ><div class=\"textwidget\"><h1 class=\"widget-title\">FAQ: Material of construction of OMNICOLL<\/h1>\n<p>Frequently asked questions about particle generation, cleaning with disinfectants and materials of construction of OMNICOLL automated fraction collector and sampler.<\/p>\n<p>\u00a0<\/p>\n<\/div><\/div><div id=\"panel-4612-1-0-1\" class=\"so-panel widget widget_black-studio-tinymce widget_black_studio_tinymce\" data-index=\"2\" style=\"margin-bottom: 50px\" ><div class=\"textwidget\"><blockquote>\n<h4 id=\"peristaltic-pump-controlled-fraction-collection\"><span style=\"color: #60351d;\"><strong>Is there any particle-generating parts that will be exposed to the collected fractions?<\/strong><\/span><\/h4>\n<\/blockquote>\n<p>There is <strong>no explicit particle-generating part<\/strong> on the LAMBDA OMNICOLL fraction collector and we have not observed such particle generation.<\/p>\n<p>\u00a0<\/p>\n<\/div><\/div><div id=\"panel-4612-1-0-2\" class=\"so-panel widget widget_black-studio-tinymce widget_black_studio_tinymce\" data-index=\"3\" style=\"margin-bottom: 50px\" ><div class=\"textwidget\"><blockquote>\n<h4 id=\"peristaltic-pump-controlled-fraction-collection\"><span style=\"color: #60351d;\"><strong>What is the material of construction of the fraction collector?<\/strong><\/span><\/h4>\n<\/blockquote>\n<p>The construction material <em>(instrument casing and support)<\/em> of the OMNICOLL fraction collector is made of <strong>metal provided with a powder paint varnish of good chemical resistance<\/strong>.<\/p>\n<p>\u00a0<\/p>\n<\/div><\/div><div id=\"panel-4612-1-0-3\" class=\"so-panel widget widget_black-studio-tinymce widget_black_studio_tinymce panel-last-child\" data-index=\"4\" ><div class=\"textwidget\"><blockquote>\n<h4><span style=\"color: #60351d;\">Is the fraction collector compatible with disinfectants\/cleaning solution?<\/span><\/h4>\n<\/blockquote>\n<p>The construction material <em>(instrument casing and support)<\/em> of the OMNICOLL fraction collector is made of metal provided with a powder paint varnish of good chemical resistance. So, <strong>cleaning the external surfaces<\/strong> of the instrument with <strong>disinfectants\/cleaning solution<\/strong> <strong>should not be a problem.<\/strong><\/p>\n<\/div><\/div><\/div><\/div><\/div><\/div>","protected":false},"excerpt":{"rendered":"<p>FAQ &#8211; FREQUENTLY ASKED QUESTIONS Material of construction of OMNICOLL fraction collector FAQ: Material of construction of OMNICOLLFrequently asked questions about particle generation, cleaning with disinfectants and materials of construction of OMNICOLL automated fraction collector and sampler.\u00a0 Is there any particle-generating parts that will be exposed to the collected fractions?There is no explicit particle-generating part [&hellip;]<\/p>\n","protected":false},"author":2,"featured_media":4613,"parent":4416,"menu_order":5,"comment_status":"closed","ping_status":"closed","template":"","meta":{"footnotes":""},"class_list":["post-4612","page","type-page","status-publish","has-post-thumbnail","hentry","post","post-with-thumbnail","post-with-thumbnail-icon"],"yoast_head":"<!-- This site is optimized with the Yoast SEO plugin v27.6 - https:\/\/yoast.com\/product\/yoast-seo-wordpress\/ -->\n<title>Material de construcci\u00f3n de OMNICOLL &#8211; LAMBDA OMNICOLL | LAMBDA Laboratory Instruments<\/title>\n<meta name=\"description\" content=\"Preguntas frecuentes sobre la generaci\u00f3n de part\u00edculas, la limpieza con desinfectantes y los materiales de construcci\u00f3n del colector y muestreador de fracciones automatizado OMNICOLL.\" \/>\n<meta name=\"robots\" content=\"index, follow, max-snippet:-1, max-image-preview:large, max-video-preview:-1\" \/>\n<link rel=\"canonical\" href=\"https:\/\/www.fractioncollector.info\/es\/preguntas-frecuentes-sobre-los-colectores-de-fracciones\/material-de-construccion-de-omnicoll\/\" \/>\n<meta property=\"og:locale\" content=\"es_ES\" \/>\n<meta property=\"og:type\" content=\"article\" \/>\n<meta property=\"og:title\" content=\"Material de construcci\u00f3n de OMNICOLL &#8211; LAMBDA OMNICOLL | LAMBDA Laboratory Instruments\" \/>\n<meta property=\"og:description\" content=\"Preguntas frecuentes sobre la generaci\u00f3n de part\u00edculas, la limpieza con desinfectantes y los materiales de construcci\u00f3n del colector y muestreador de fracciones automatizado OMNICOLL.\" \/>\n<meta property=\"og:url\" content=\"https:\/\/www.fractioncollector.info\/es\/preguntas-frecuentes-sobre-los-colectores-de-fracciones\/material-de-construccion-de-omnicoll\/\" \/>\n<meta property=\"og:site_name\" content=\"LAMBDA OMNICOLL | LAMBDA Laboratory Instruments\" \/>\n<meta property=\"article:publisher\" content=\"https:\/\/www.facebook.com\/LambdaLaboratoryInstrumentsCzSro\/\" \/>\n<meta property=\"article:modified_time\" content=\"2026-04-28T16:50:52+00:00\" \/>\n<meta property=\"og:image\" content=\"https:\/\/www.fractioncollector.info\/wp-content\/uploads\/figure1.1-4-Pay-attention-to-proceed-at-the-same-speed-on-both-sides-otherwise-it-will-end-up-in-blocking1.jpg\" \/>\n\t<meta property=\"og:image:width\" content=\"677\" \/>\n\t<meta property=\"og:image:height\" content=\"381\" \/>\n\t<meta property=\"og:image:type\" content=\"image\/jpeg\" \/>\n<meta name=\"twitter:card\" content=\"summary_large_image\" \/>\n<meta name=\"twitter:site\" content=\"@LAMBDA_Labinstr\" \/>\n<meta name=\"twitter:label1\" content=\"Tiempo de lectura\" \/>\n\t<meta name=\"twitter:data1\" content=\"1 minuto\" \/>\n<script type=\"application\/ld+json\" class=\"yoast-schema-graph\">{\"@context\":\"https:\\\/\\\/schema.org\",\"@graph\":[{\"@type\":\"WebPage\",\"@id\":\"https:\\\/\\\/www.fractioncollector.info\\\/es\\\/preguntas-frecuentes-sobre-los-colectores-de-fracciones\\\/material-de-construccion-de-omnicoll\\\/\",\"url\":\"https:\\\/\\\/www.fractioncollector.info\\\/es\\\/preguntas-frecuentes-sobre-los-colectores-de-fracciones\\\/material-de-construccion-de-omnicoll\\\/\",\"name\":\"Material de construcci\u00f3n de OMNICOLL &#8211; LAMBDA OMNICOLL | LAMBDA Laboratory Instruments\",\"isPartOf\":{\"@id\":\"https:\\\/\\\/www.fractioncollector.info\\\/es\\\/#website\"},\"primaryImageOfPage\":{\"@id\":\"https:\\\/\\\/www.fractioncollector.info\\\/es\\\/preguntas-frecuentes-sobre-los-colectores-de-fracciones\\\/material-de-construccion-de-omnicoll\\\/#primaryimage\"},\"image\":{\"@id\":\"https:\\\/\\\/www.fractioncollector.info\\\/es\\\/preguntas-frecuentes-sobre-los-colectores-de-fracciones\\\/material-de-construccion-de-omnicoll\\\/#primaryimage\"},\"thumbnailUrl\":\"https:\\\/\\\/www.fractioncollector.info\\\/wp-content\\\/uploads\\\/figure1.1-4-Pay-attention-to-proceed-at-the-same-speed-on-both-sides-otherwise-it-will-end-up-in-blocking1.jpg\",\"datePublished\":\"2018-02-14T13:35:13+00:00\",\"dateModified\":\"2026-04-28T16:50:52+00:00\",\"description\":\"Preguntas frecuentes sobre la generaci\u00f3n de part\u00edculas, la limpieza con desinfectantes y los materiales de construcci\u00f3n del colector y muestreador de fracciones automatizado OMNICOLL.\",\"breadcrumb\":{\"@id\":\"https:\\\/\\\/www.fractioncollector.info\\\/es\\\/preguntas-frecuentes-sobre-los-colectores-de-fracciones\\\/material-de-construccion-de-omnicoll\\\/#breadcrumb\"},\"inLanguage\":\"es\",\"potentialAction\":[{\"@type\":\"ReadAction\",\"target\":[\"https:\\\/\\\/www.fractioncollector.info\\\/es\\\/preguntas-frecuentes-sobre-los-colectores-de-fracciones\\\/material-de-construccion-de-omnicoll\\\/\"]}]},{\"@type\":\"ImageObject\",\"inLanguage\":\"es\",\"@id\":\"https:\\\/\\\/www.fractioncollector.info\\\/es\\\/preguntas-frecuentes-sobre-los-colectores-de-fracciones\\\/material-de-construccion-de-omnicoll\\\/#primaryimage\",\"url\":\"https:\\\/\\\/www.fractioncollector.info\\\/wp-content\\\/uploads\\\/figure1.1-4-Pay-attention-to-proceed-at-the-same-speed-on-both-sides-otherwise-it-will-end-up-in-blocking1.jpg\",\"contentUrl\":\"https:\\\/\\\/www.fractioncollector.info\\\/wp-content\\\/uploads\\\/figure1.1-4-Pay-attention-to-proceed-at-the-same-speed-on-both-sides-otherwise-it-will-end-up-in-blocking1.jpg\",\"width\":677,\"height\":381},{\"@type\":\"BreadcrumbList\",\"@id\":\"https:\\\/\\\/www.fractioncollector.info\\\/es\\\/preguntas-frecuentes-sobre-los-colectores-de-fracciones\\\/material-de-construccion-de-omnicoll\\\/#breadcrumb\",\"itemListElement\":[{\"@type\":\"ListItem\",\"position\":1,\"name\":\"Home\",\"item\":\"https:\\\/\\\/www.fractioncollector.info\\\/es\\\/colector-de-fracciones-y-muestreador-lambda-omnicoll\\\/\"},{\"@type\":\"ListItem\",\"position\":2,\"name\":\"Preguntas frecuentes sobre los colectores de fracciones\",\"item\":\"https:\\\/\\\/www.fractioncollector.info\\\/es\\\/preguntas-frecuentes-sobre-los-colectores-de-fracciones\\\/\"},{\"@type\":\"ListItem\",\"position\":3,\"name\":\"Material de construcci\u00f3n de OMNICOLL\"}]},{\"@type\":\"WebSite\",\"@id\":\"https:\\\/\\\/www.fractioncollector.info\\\/es\\\/#website\",\"url\":\"https:\\\/\\\/www.fractioncollector.info\\\/es\\\/\",\"name\":\"LAMBDA OMNICOLL\",\"description\":\"fraction collector &amp; auto-sampler\",\"publisher\":{\"@id\":\"https:\\\/\\\/www.fractioncollector.info\\\/es\\\/#organization\"},\"potentialAction\":[{\"@type\":\"SearchAction\",\"target\":{\"@type\":\"EntryPoint\",\"urlTemplate\":\"https:\\\/\\\/www.fractioncollector.info\\\/es\\\/?s={search_term_string}\"},\"query-input\":{\"@type\":\"PropertyValueSpecification\",\"valueRequired\":true,\"valueName\":\"search_term_string\"}}],\"inLanguage\":\"es\"},{\"@type\":\"Organization\",\"@id\":\"https:\\\/\\\/www.fractioncollector.info\\\/es\\\/#organization\",\"name\":\"Instrumentos de laboratorio LAMBDA\",\"url\":\"https:\\\/\\\/www.fractioncollector.info\\\/es\\\/\",\"logo\":{\"@type\":\"ImageObject\",\"inLanguage\":\"es\",\"@id\":\"https:\\\/\\\/www.fractioncollector.info\\\/es\\\/#\\\/schema\\\/logo\\\/image\\\/\",\"url\":\"https:\\\/\\\/www.fractioncollector.info\\\/wp-content\\\/uploads\\\/lambda-logo.jpg\",\"contentUrl\":\"https:\\\/\\\/www.fractioncollector.info\\\/wp-content\\\/uploads\\\/lambda-logo.jpg\",\"width\":1599,\"height\":365,\"caption\":\"Instrumentos de laboratorio LAMBDA\"},\"image\":{\"@id\":\"https:\\\/\\\/www.fractioncollector.info\\\/es\\\/#\\\/schema\\\/logo\\\/image\\\/\"},\"sameAs\":[\"https:\\\/\\\/www.facebook.com\\\/LambdaLaboratoryInstrumentsCzSro\\\/\",\"https:\\\/\\\/x.com\\\/LAMBDA_Labinstr\",\"https:\\\/\\\/www.instagram.com\\\/lambdainstruments\\\/\",\"https:\\\/\\\/www.linkedin.com\\\/company\\\/lambda-laboratory-instruments?trk=biz-companies-cym\",\"https:\\\/\\\/www.pinterest.com\\\/lambdacz\\\/\",\"https:\\\/\\\/www.youtube.com\\\/user\\\/LambdaCZ\"]}]}<\/script>\n<!-- \/ Yoast SEO plugin. -->","yoast_head_json":{"title":"Material de construcci\u00f3n de OMNICOLL &#8211; LAMBDA OMNICOLL | LAMBDA Laboratory Instruments","description":"Preguntas frecuentes sobre la generaci\u00f3n de part\u00edculas, la limpieza con desinfectantes y los materiales de construcci\u00f3n del colector y muestreador de fracciones automatizado OMNICOLL.","robots":{"index":"index","follow":"follow","max-snippet":"max-snippet:-1","max-image-preview":"max-image-preview:large","max-video-preview":"max-video-preview:-1"},"canonical":"https:\/\/www.fractioncollector.info\/es\/preguntas-frecuentes-sobre-los-colectores-de-fracciones\/material-de-construccion-de-omnicoll\/","og_locale":"es_ES","og_type":"article","og_title":"Material de construcci\u00f3n de OMNICOLL &#8211; LAMBDA OMNICOLL | LAMBDA Laboratory Instruments","og_description":"Preguntas frecuentes sobre la generaci\u00f3n de part\u00edculas, la limpieza con desinfectantes y los materiales de construcci\u00f3n del colector y muestreador de fracciones automatizado OMNICOLL.","og_url":"https:\/\/www.fractioncollector.info\/es\/preguntas-frecuentes-sobre-los-colectores-de-fracciones\/material-de-construccion-de-omnicoll\/","og_site_name":"LAMBDA OMNICOLL | LAMBDA Laboratory Instruments","article_publisher":"https:\/\/www.facebook.com\/LambdaLaboratoryInstrumentsCzSro\/","article_modified_time":"2026-04-28T16:50:52+00:00","og_image":[{"width":677,"height":381,"url":"https:\/\/www.fractioncollector.info\/wp-content\/uploads\/figure1.1-4-Pay-attention-to-proceed-at-the-same-speed-on-both-sides-otherwise-it-will-end-up-in-blocking1.jpg","type":"image\/jpeg"}],"twitter_card":"summary_large_image","twitter_site":"@LAMBDA_Labinstr","twitter_misc":{"Tiempo de lectura":"1 minuto"},"schema":{"@context":"https:\/\/schema.org","@graph":[{"@type":"WebPage","@id":"https:\/\/www.fractioncollector.info\/es\/preguntas-frecuentes-sobre-los-colectores-de-fracciones\/material-de-construccion-de-omnicoll\/","url":"https:\/\/www.fractioncollector.info\/es\/preguntas-frecuentes-sobre-los-colectores-de-fracciones\/material-de-construccion-de-omnicoll\/","name":"Material de construcci\u00f3n de OMNICOLL &#8211; LAMBDA OMNICOLL | LAMBDA Laboratory Instruments","isPartOf":{"@id":"https:\/\/www.fractioncollector.info\/es\/#website"},"primaryImageOfPage":{"@id":"https:\/\/www.fractioncollector.info\/es\/preguntas-frecuentes-sobre-los-colectores-de-fracciones\/material-de-construccion-de-omnicoll\/#primaryimage"},"image":{"@id":"https:\/\/www.fractioncollector.info\/es\/preguntas-frecuentes-sobre-los-colectores-de-fracciones\/material-de-construccion-de-omnicoll\/#primaryimage"},"thumbnailUrl":"https:\/\/www.fractioncollector.info\/wp-content\/uploads\/figure1.1-4-Pay-attention-to-proceed-at-the-same-speed-on-both-sides-otherwise-it-will-end-up-in-blocking1.jpg","datePublished":"2018-02-14T13:35:13+00:00","dateModified":"2026-04-28T16:50:52+00:00","description":"Preguntas frecuentes sobre la generaci\u00f3n de part\u00edculas, la limpieza con desinfectantes y los materiales de construcci\u00f3n del colector y muestreador de fracciones automatizado OMNICOLL.","breadcrumb":{"@id":"https:\/\/www.fractioncollector.info\/es\/preguntas-frecuentes-sobre-los-colectores-de-fracciones\/material-de-construccion-de-omnicoll\/#breadcrumb"},"inLanguage":"es","potentialAction":[{"@type":"ReadAction","target":["https:\/\/www.fractioncollector.info\/es\/preguntas-frecuentes-sobre-los-colectores-de-fracciones\/material-de-construccion-de-omnicoll\/"]}]},{"@type":"ImageObject","inLanguage":"es","@id":"https:\/\/www.fractioncollector.info\/es\/preguntas-frecuentes-sobre-los-colectores-de-fracciones\/material-de-construccion-de-omnicoll\/#primaryimage","url":"https:\/\/www.fractioncollector.info\/wp-content\/uploads\/figure1.1-4-Pay-attention-to-proceed-at-the-same-speed-on-both-sides-otherwise-it-will-end-up-in-blocking1.jpg","contentUrl":"https:\/\/www.fractioncollector.info\/wp-content\/uploads\/figure1.1-4-Pay-attention-to-proceed-at-the-same-speed-on-both-sides-otherwise-it-will-end-up-in-blocking1.jpg","width":677,"height":381},{"@type":"BreadcrumbList","@id":"https:\/\/www.fractioncollector.info\/es\/preguntas-frecuentes-sobre-los-colectores-de-fracciones\/material-de-construccion-de-omnicoll\/#breadcrumb","itemListElement":[{"@type":"ListItem","position":1,"name":"Home","item":"https:\/\/www.fractioncollector.info\/es\/colector-de-fracciones-y-muestreador-lambda-omnicoll\/"},{"@type":"ListItem","position":2,"name":"Preguntas frecuentes sobre los colectores de fracciones","item":"https:\/\/www.fractioncollector.info\/es\/preguntas-frecuentes-sobre-los-colectores-de-fracciones\/"},{"@type":"ListItem","position":3,"name":"Material de construcci\u00f3n de OMNICOLL"}]},{"@type":"WebSite","@id":"https:\/\/www.fractioncollector.info\/es\/#website","url":"https:\/\/www.fractioncollector.info\/es\/","name":"LAMBDA OMNICOLL","description":"fraction collector &amp; auto-sampler","publisher":{"@id":"https:\/\/www.fractioncollector.info\/es\/#organization"},"potentialAction":[{"@type":"SearchAction","target":{"@type":"EntryPoint","urlTemplate":"https:\/\/www.fractioncollector.info\/es\/?s={search_term_string}"},"query-input":{"@type":"PropertyValueSpecification","valueRequired":true,"valueName":"search_term_string"}}],"inLanguage":"es"},{"@type":"Organization","@id":"https:\/\/www.fractioncollector.info\/es\/#organization","name":"Instrumentos de laboratorio LAMBDA","url":"https:\/\/www.fractioncollector.info\/es\/","logo":{"@type":"ImageObject","inLanguage":"es","@id":"https:\/\/www.fractioncollector.info\/es\/#\/schema\/logo\/image\/","url":"https:\/\/www.fractioncollector.info\/wp-content\/uploads\/lambda-logo.jpg","contentUrl":"https:\/\/www.fractioncollector.info\/wp-content\/uploads\/lambda-logo.jpg","width":1599,"height":365,"caption":"Instrumentos de laboratorio LAMBDA"},"image":{"@id":"https:\/\/www.fractioncollector.info\/es\/#\/schema\/logo\/image\/"},"sameAs":["https:\/\/www.facebook.com\/LambdaLaboratoryInstrumentsCzSro\/","https:\/\/x.com\/LAMBDA_Labinstr","https:\/\/www.instagram.com\/lambdainstruments\/","https:\/\/www.linkedin.com\/company\/lambda-laboratory-instruments?trk=biz-companies-cym","https:\/\/www.pinterest.com\/lambdacz\/","https:\/\/www.youtube.com\/user\/LambdaCZ"]}]}},"_links":{"self":[{"href":"https:\/\/www.fractioncollector.info\/es\/wp-json\/wp\/v2\/pages\/4612","targetHints":{"allow":["GET"]}}],"collection":[{"href":"https:\/\/www.fractioncollector.info\/es\/wp-json\/wp\/v2\/pages"}],"about":[{"href":"https:\/\/www.fractioncollector.info\/es\/wp-json\/wp\/v2\/types\/page"}],"author":[{"embeddable":true,"href":"https:\/\/www.fractioncollector.info\/es\/wp-json\/wp\/v2\/users\/2"}],"replies":[{"embeddable":true,"href":"https:\/\/www.fractioncollector.info\/es\/wp-json\/wp\/v2\/comments?post=4612"}],"version-history":[{"count":3,"href":"https:\/\/www.fractioncollector.info\/es\/wp-json\/wp\/v2\/pages\/4612\/revisions"}],"predecessor-version":[{"id":4616,"href":"https:\/\/www.fractioncollector.info\/es\/wp-json\/wp\/v2\/pages\/4612\/revisions\/4616"}],"up":[{"embeddable":true,"href":"https:\/\/www.fractioncollector.info\/es\/wp-json\/wp\/v2\/pages\/4416"}],"wp:featuredmedia":[{"embeddable":true,"href":"https:\/\/www.fractioncollector.info\/es\/wp-json\/wp\/v2\/media\/4613"}],"wp:attachment":[{"href":"https:\/\/www.fractioncollector.info\/es\/wp-json\/wp\/v2\/media?parent=4612"}],"curies":[{"name":"wp","href":"https:\/\/api.w.org\/{rel}","templated":true}]}}