{"id":4702,"date":"2018-04-20T10:10:04","date_gmt":"2018-04-20T08:10:04","guid":{"rendered":"https:\/\/www.fractioncollector.info\/video-tutorial-para-colectores-de-fracciones-y-automuestreadores\/"},"modified":"2026-04-28T18:51:00","modified_gmt":"2026-04-28T16:51:00","slug":"video-tutorial-para-colectores-de-fracciones-y-automuestreadores","status":"publish","type":"page","link":"https:\/\/www.fractioncollector.info\/es\/video-tutorial-para-colectores-de-fracciones-y-automuestreadores\/","title":{"rendered":"Video tutorial para colectores de fracciones y automuestreadores"},"content":{"rendered":"<div id=\"pl-4702\"  class=\"panel-layout\" ><div id=\"pg-4702-0\"  class=\"panel-grid panel-has-style\"  style=\"margin-bottom: 50px\" ><div class=\"siteorigin-panels-stretch panel-row-style-full-width panel-row-style panel-row-style-for-4702-0\" style=\"padding: 0px 0px 0px 0px;\" data-stretch-type=\"full-width-stretch\" ><div id=\"pgc-4702-0-0\"  class=\"panel-grid-cell\" ><div id=\"panel-4702-0-0-0\" class=\"so-panel widget widget_black-studio-tinymce widget_black_studio_tinymce panel-first-child panel-last-child\" data-index=\"0\" ><div style=\"padding: 50px;\" class=\"panel-widget-style panel-widget-style-for-4702-0-0-0\" ><div class=\"textwidget\"><h1 style=\"color: white; text-align: center; font-size: 35px; text-shadow: 1px 1px #000000; line-height: 100%;\">VIDEO Fraction collectors<\/h1>\n<p style=\"text-align: center; text-shadow: 1px 1px #000000; line-height: 100%;\">Fraction collectors - Installation - Use<\/p>\n<\/div><\/div><\/div><\/div><\/div><\/div><div id=\"pg-4702-1\"  class=\"panel-grid panel-no-style\"  style=\"margin-bottom: 50px\" ><div id=\"pgc-4702-1-0\"  class=\"panel-grid-cell\" ><div id=\"panel-4702-1-0-0\" class=\"so-panel widget widget_black-studio-tinymce widget_black_studio_tinymce panel-first-child panel-last-child\" data-index=\"1\" ><div id=\"accessories\" class=\"panel-widget-style panel-widget-style-for-4702-1-0-0\" ><h3 class=\"widget-title\">Accessories for your laboratory application!<\/h3><div class=\"textwidget\"><p><div style=\"width: 720px;\" class=\"wp-video\"><video class=\"wp-video-shortcode\" id=\"video-4702-1\" width=\"720\" height=\"405\" preload=\"metadata\" controls=\"controls\"><source type=\"video\/mp4\" src=\"https:\/\/www.fractioncollector.info\/wp-content\/uploads\/video-features-accessories-lambda-omnicoll.mp4?_=1\" \/><a href=\"https:\/\/www.fractioncollector.info\/wp-content\/uploads\/video-features-accessories-lambda-omnicoll.mp4\">https:\/\/www.fractioncollector.info\/wp-content\/uploads\/video-features-accessories-lambda-omnicoll.mp4<\/a><\/video><\/div><\/p>\n<\/div><\/div><\/div><\/div><div id=\"pgc-4702-1-1\"  class=\"panel-grid-cell\" ><div id=\"panel-4702-1-1-0\" class=\"so-panel widget widget_black-studio-tinymce widget_black_studio_tinymce panel-first-child panel-last-child\" data-index=\"2\" ><div class=\"textwidget\"><\/div><\/div><\/div><\/div><div id=\"pg-4702-2\"  class=\"panel-grid panel-no-style\"  style=\"margin-bottom: 50px\" ><div id=\"pgc-4702-2-0\"  class=\"panel-grid-cell\" ><div id=\"panel-4702-2-0-0\" class=\"so-panel widget widget_black-studio-tinymce widget_black_studio_tinymce panel-first-child panel-last-child\" data-index=\"3\" ><div class=\"textwidget\"><h2 class=\"yt watch-title-container\"><span id=\"eow-title\" class=\"watch-title \" dir=\"ltr\" title=\"Fraction collector and sampler LAMBDA OMNICOLL: collection modes and multiple stream configurations\">Tutorial videos: LAMBDA OMNICOLL installation &amp; user manuals<br \/>\n<\/span><\/h2>\n<\/div><\/div><\/div><\/div><div id=\"pg-4702-3\"  class=\"panel-grid panel-no-style\"  style=\"margin-bottom: 50px\" ><div id=\"pgc-4702-3-0\"  class=\"panel-grid-cell\" ><div id=\"panel-4702-3-0-0\" class=\"so-panel widget widget_black-studio-tinymce widget_black_studio_tinymce panel-first-child panel-last-child\" data-index=\"4\" ><div id=\"height\" class=\"panel-widget-style panel-widget-style-for-4702-3-0-0\" ><h3 class=\"widget-title\">How to adjust for the height of your containers?<\/h3><div class=\"textwidget\"><p><div style=\"width: 720px;\" class=\"wp-video\"><video class=\"wp-video-shortcode\" id=\"video-4702-2\" width=\"720\" height=\"405\" poster=\"https:\/\/www.fractioncollector.info\/wp-content\/uploads\/watch-tutorial-video-lambda-omnicoll-plate-height.jpg\" preload=\"metadata\" controls=\"controls\"><source type=\"video\/mp4\" src=\"https:\/\/www.fractioncollector.info\/wp-content\/uploads\/manual-lower-part-adaption-recipients-fraction-collector.mp4?_=2\" \/><a href=\"https:\/\/www.fractioncollector.info\/wp-content\/uploads\/manual-lower-part-adaption-recipients-fraction-collector.mp4\">https:\/\/www.fractioncollector.info\/wp-content\/uploads\/manual-lower-part-adaption-recipients-fraction-collector.mp4<\/a><\/video><\/div><\/p>\n<\/div><\/div><\/div><\/div><div id=\"pgc-4702-3-1\"  class=\"panel-grid-cell\" ><div id=\"panel-4702-3-1-0\" class=\"so-panel widget widget_black-studio-tinymce widget_black_studio_tinymce panel-first-child panel-last-child\" data-index=\"5\" ><div id=\"height\" class=\"panel-widget-style panel-widget-style-for-4702-3-1-0\" ><h3 class=\"widget-title\">How to extend the collection capacity of the fraction collector?<\/h3><div class=\"textwidget\"><p><div style=\"width: 720px;\" class=\"wp-video\"><video class=\"wp-video-shortcode\" id=\"video-4702-3\" width=\"720\" height=\"405\" poster=\"https:\/\/www.fractioncollector.info\/wp-content\/uploads\/LAMBDA-Omicoll-Fraction-Collector-Extended-capacity-e1425515356901.jpg\" preload=\"metadata\" controls=\"controls\"><source type=\"video\/mp4\" src=\"https:\/\/www.fractioncollector.info\/wp-content\/uploads\/fraction-collection-capacity-extension-1.mp4?_=3\" \/><a href=\"https:\/\/www.fractioncollector.info\/wp-content\/uploads\/fraction-collection-capacity-extension-1.mp4\">https:\/\/www.fractioncollector.info\/wp-content\/uploads\/fraction-collection-capacity-extension-1.mp4<\/a><\/video><\/div><\/p>\n<\/div><\/div><\/div><\/div><\/div><div id=\"pg-4702-4\"  class=\"panel-grid panel-no-style\"  style=\"margin-bottom: 50px\" ><div id=\"pgc-4702-4-0\"  class=\"panel-grid-cell\" ><div id=\"panel-4702-4-0-0\" class=\"so-panel widget widget_black-studio-tinymce widget_black_studio_tinymce panel-first-child panel-last-child\" data-index=\"6\" ><div class=\"textwidget\"><h3 class=\"yt watch-title-container\"><span style=\"display: inline-block; width: 0px; overflow: hidden; line-height: 0;\" data-mce-type=\"bookmark\" class=\"mce_SELRES_start\">\ufeff<\/span><span id=\"eow-title\" class=\"watch-title \" dir=\"ltr\" title=\"Fraction collector and sampler LAMBDA OMNICOLL: collection modes and multiple stream configurations\">Customization possibilities of OMNICOLL fraction collector and sampler<\/span><\/h3>\n<p><iframe loading=\"lazy\" title=\"Customization possibilities of OMNICOLL fraction collector and sampler\" width=\"720\" height=\"405\" src=\"https:\/\/www.youtube.com\/embed\/vPQIZAsbEHE?feature=oembed\" frameborder=\"0\" allow=\"accelerometer; autoplay; clipboard-write; encrypted-media; gyroscope; picture-in-picture; web-share\" referrerpolicy=\"strict-origin-when-cross-origin\" allowfullscreen><\/iframe><\/p>\n<\/div><\/div><\/div><div id=\"pgc-4702-4-1\"  class=\"panel-grid-cell\" ><div id=\"panel-4702-4-1-0\" class=\"so-panel widget widget_black-studio-tinymce widget_black_studio_tinymce panel-first-child panel-last-child\" data-index=\"7\" ><div class=\"textwidget\"><h3 class=\"yt watch-title-container\"><span id=\"eow-title\" class=\"watch-title \" dir=\"ltr\" title=\"Fraction collector and sampler LAMBDA OMNICOLL: collection modes and multiple stream configurations\">Collection modes and multiple stream configurations<\/span><\/h3>\n<p><iframe loading=\"lazy\" title=\"Fraction collector and sampler LAMBDA OMNICOLL: collection modes and multiple stream configurations\" width=\"720\" height=\"405\" src=\"https:\/\/www.youtube.com\/embed\/kOgJeYglylU?feature=oembed\" frameborder=\"0\" allow=\"accelerometer; autoplay; clipboard-write; encrypted-media; gyroscope; picture-in-picture; web-share\" referrerpolicy=\"strict-origin-when-cross-origin\" allowfullscreen><\/iframe><\/p>\n<\/div><\/div><\/div><\/div><div id=\"pg-4702-5\"  class=\"panel-grid panel-no-style\"  style=\"margin-bottom: 50px\" ><div id=\"pgc-4702-5-0\"  class=\"panel-grid-cell\" ><div id=\"panel-4702-5-0-0\" class=\"so-panel widget widget_black-studio-tinymce widget_black_studio_tinymce panel-first-child panel-last-child\" data-index=\"8\" ><div class=\"textwidget\"><h3>Assembly and programming\u00a0of the fraction collector<\/h3>\n<p><iframe loading=\"lazy\" title=\"Fraction collector and sampler LAMBDA OMNICOLL: assembly and easy programming of the rack positions\" width=\"720\" height=\"405\" src=\"https:\/\/www.youtube.com\/embed\/33J9U_2-b-o?feature=oembed\" frameborder=\"0\" allow=\"accelerometer; autoplay; clipboard-write; encrypted-media; gyroscope; picture-in-picture; web-share\" referrerpolicy=\"strict-origin-when-cross-origin\" allowfullscreen><\/iframe><\/p>\n<\/div><\/div><\/div><div id=\"pgc-4702-5-1\"  class=\"panel-grid-cell\" ><div id=\"panel-4702-5-1-0\" class=\"so-panel widget widget_black-studio-tinymce widget_black_studio_tinymce panel-first-child panel-last-child\" data-index=\"9\" ><div class=\"textwidget\"><h3 class=\"yt watch-title-container\"><span id=\"eow-title\" class=\"watch-title \" dir=\"ltr\" title=\"Fraction collector and sampler LAMBDA OMNICOLL: parameter selection and programming\">Parameter selection and programming: OMNICOLL fraction collector<\/span><\/h3>\n<p><iframe loading=\"lazy\" title=\"Fraction collector and sampler LAMBDA OMNICOLL: parameter selection and programming\" width=\"720\" height=\"405\" src=\"https:\/\/www.youtube.com\/embed\/lM6q-Zz_d1M?feature=oembed\" frameborder=\"0\" allow=\"accelerometer; autoplay; clipboard-write; encrypted-media; gyroscope; picture-in-picture; web-share\" referrerpolicy=\"strict-origin-when-cross-origin\" allowfullscreen><\/iframe><\/p>\n<\/div><\/div><\/div><\/div><\/div>","protected":false},"excerpt":{"rendered":"<p>Video tutorial para la instalaci\u00f3n y programaci\u00f3n, modos de recogida de fracciones y configuraci\u00f3n multicanal del colector de fracciones OMNICOLL.<\/p>\n","protected":false},"author":2,"featured_media":4705,"parent":0,"menu_order":0,"comment_status":"closed","ping_status":"closed","template":"templates\/template-full-notitle.php","meta":{"footnotes":""},"class_list":["post-4702","page","type-page","status-publish","has-post-thumbnail","hentry","post","post-with-thumbnail","post-with-thumbnail-icon"],"yoast_head":"<!-- This site is optimized with the Yoast SEO plugin v27.5 - https:\/\/yoast.com\/product\/yoast-seo-wordpress\/ -->\n<title>Video tutorial para colectores de fracciones y automuestreadores &#8211; LAMBDA OMNICOLL | LAMBDA Laboratory Instruments<\/title>\n<meta name=\"description\" content=\"Video tutorial para la instalaci\u00f3n y programaci\u00f3n, modos de recogida de fracciones y configuraci\u00f3n multicanal del colector de fracciones OMNICOLL.\" \/>\n<meta name=\"robots\" content=\"index, follow, max-snippet:-1, max-image-preview:large, max-video-preview:-1\" \/>\n<link rel=\"canonical\" href=\"https:\/\/www.fractioncollector.info\/es\/video-tutorial-para-colectores-de-fracciones-y-automuestreadores\/\" \/>\n<meta property=\"og:locale\" content=\"es_ES\" \/>\n<meta property=\"og:type\" content=\"article\" \/>\n<meta property=\"og:title\" content=\"Video tutorial para colectores de fracciones y automuestreadores &#8211; LAMBDA OMNICOLL | LAMBDA Laboratory Instruments\" \/>\n<meta property=\"og:description\" content=\"Video tutorial para la instalaci\u00f3n y programaci\u00f3n, modos de recogida de fracciones y configuraci\u00f3n multicanal del colector de fracciones OMNICOLL.\" \/>\n<meta property=\"og:url\" content=\"https:\/\/www.fractioncollector.info\/es\/video-tutorial-para-colectores-de-fracciones-y-automuestreadores\/\" \/>\n<meta property=\"og:site_name\" content=\"LAMBDA OMNICOLL | LAMBDA Laboratory Instruments\" \/>\n<meta property=\"article:publisher\" content=\"https:\/\/www.facebook.com\/LambdaLaboratoryInstrumentsCzSro\/\" \/>\n<meta property=\"article:modified_time\" content=\"2026-04-28T16:51:00+00:00\" \/>\n<meta property=\"og:image\" content=\"https:\/\/www.fractioncollector.info\/wp-content\/uploads\/tutorial-video-fraction-collector.jpg\" \/>\n\t<meta property=\"og:image:width\" content=\"2168\" \/>\n\t<meta property=\"og:image:height\" content=\"1456\" \/>\n\t<meta property=\"og:image:type\" content=\"image\/jpeg\" \/>\n<meta name=\"twitter:card\" content=\"summary_large_image\" \/>\n<meta name=\"twitter:site\" content=\"@LAMBDA_Labinstr\" \/>\n<meta name=\"twitter:label1\" content=\"Tiempo de lectura\" \/>\n\t<meta name=\"twitter:data1\" content=\"1 minuto\" \/>\n<script type=\"application\/ld+json\" class=\"yoast-schema-graph\">{\"@context\":\"https:\\\/\\\/schema.org\",\"@graph\":[{\"@type\":\"WebPage\",\"@id\":\"https:\\\/\\\/www.fractioncollector.info\\\/es\\\/video-tutorial-para-colectores-de-fracciones-y-automuestreadores\\\/\",\"url\":\"https:\\\/\\\/www.fractioncollector.info\\\/es\\\/video-tutorial-para-colectores-de-fracciones-y-automuestreadores\\\/\",\"name\":\"Video tutorial para colectores de fracciones y automuestreadores &#8211; LAMBDA OMNICOLL | LAMBDA Laboratory Instruments\",\"isPartOf\":{\"@id\":\"https:\\\/\\\/www.fractioncollector.info\\\/es\\\/#website\"},\"primaryImageOfPage\":{\"@id\":\"https:\\\/\\\/www.fractioncollector.info\\\/es\\\/video-tutorial-para-colectores-de-fracciones-y-automuestreadores\\\/#primaryimage\"},\"image\":{\"@id\":\"https:\\\/\\\/www.fractioncollector.info\\\/es\\\/video-tutorial-para-colectores-de-fracciones-y-automuestreadores\\\/#primaryimage\"},\"thumbnailUrl\":\"https:\\\/\\\/www.fractioncollector.info\\\/wp-content\\\/uploads\\\/tutorial-video-fraction-collector.jpg\",\"datePublished\":\"2018-04-20T08:10:04+00:00\",\"dateModified\":\"2026-04-28T16:51:00+00:00\",\"description\":\"Video tutorial para la instalaci\u00f3n y programaci\u00f3n, modos de recogida de fracciones y configuraci\u00f3n multicanal del colector de fracciones OMNICOLL.\",\"breadcrumb\":{\"@id\":\"https:\\\/\\\/www.fractioncollector.info\\\/es\\\/video-tutorial-para-colectores-de-fracciones-y-automuestreadores\\\/#breadcrumb\"},\"inLanguage\":\"es\",\"potentialAction\":[{\"@type\":\"ReadAction\",\"target\":[\"https:\\\/\\\/www.fractioncollector.info\\\/es\\\/video-tutorial-para-colectores-de-fracciones-y-automuestreadores\\\/\"]}]},{\"@type\":\"ImageObject\",\"inLanguage\":\"es\",\"@id\":\"https:\\\/\\\/www.fractioncollector.info\\\/es\\\/video-tutorial-para-colectores-de-fracciones-y-automuestreadores\\\/#primaryimage\",\"url\":\"https:\\\/\\\/www.fractioncollector.info\\\/wp-content\\\/uploads\\\/tutorial-video-fraction-collector.jpg\",\"contentUrl\":\"https:\\\/\\\/www.fractioncollector.info\\\/wp-content\\\/uploads\\\/tutorial-video-fraction-collector.jpg\",\"width\":2168,\"height\":1456},{\"@type\":\"BreadcrumbList\",\"@id\":\"https:\\\/\\\/www.fractioncollector.info\\\/es\\\/video-tutorial-para-colectores-de-fracciones-y-automuestreadores\\\/#breadcrumb\",\"itemListElement\":[{\"@type\":\"ListItem\",\"position\":1,\"name\":\"Home\",\"item\":\"https:\\\/\\\/www.fractioncollector.info\\\/es\\\/colector-de-fracciones-y-muestreador-lambda-omnicoll\\\/\"},{\"@type\":\"ListItem\",\"position\":2,\"name\":\"Video tutorial para colectores de fracciones y automuestreadores\"}]},{\"@type\":\"WebSite\",\"@id\":\"https:\\\/\\\/www.fractioncollector.info\\\/es\\\/#website\",\"url\":\"https:\\\/\\\/www.fractioncollector.info\\\/es\\\/\",\"name\":\"LAMBDA OMNICOLL\",\"description\":\"fraction collector &amp; auto-sampler\",\"publisher\":{\"@id\":\"https:\\\/\\\/www.fractioncollector.info\\\/es\\\/#organization\"},\"potentialAction\":[{\"@type\":\"SearchAction\",\"target\":{\"@type\":\"EntryPoint\",\"urlTemplate\":\"https:\\\/\\\/www.fractioncollector.info\\\/es\\\/?s={search_term_string}\"},\"query-input\":{\"@type\":\"PropertyValueSpecification\",\"valueRequired\":true,\"valueName\":\"search_term_string\"}}],\"inLanguage\":\"es\"},{\"@type\":\"Organization\",\"@id\":\"https:\\\/\\\/www.fractioncollector.info\\\/es\\\/#organization\",\"name\":\"Instrumentos de laboratorio LAMBDA\",\"url\":\"https:\\\/\\\/www.fractioncollector.info\\\/es\\\/\",\"logo\":{\"@type\":\"ImageObject\",\"inLanguage\":\"es\",\"@id\":\"https:\\\/\\\/www.fractioncollector.info\\\/es\\\/#\\\/schema\\\/logo\\\/image\\\/\",\"url\":\"https:\\\/\\\/www.fractioncollector.info\\\/wp-content\\\/uploads\\\/lambda-logo.jpg\",\"contentUrl\":\"https:\\\/\\\/www.fractioncollector.info\\\/wp-content\\\/uploads\\\/lambda-logo.jpg\",\"width\":1599,\"height\":365,\"caption\":\"Instrumentos de laboratorio LAMBDA\"},\"image\":{\"@id\":\"https:\\\/\\\/www.fractioncollector.info\\\/es\\\/#\\\/schema\\\/logo\\\/image\\\/\"},\"sameAs\":[\"https:\\\/\\\/www.facebook.com\\\/LambdaLaboratoryInstrumentsCzSro\\\/\",\"https:\\\/\\\/x.com\\\/LAMBDA_Labinstr\",\"https:\\\/\\\/www.instagram.com\\\/lambdainstruments\\\/\",\"https:\\\/\\\/www.linkedin.com\\\/company\\\/lambda-laboratory-instruments?trk=biz-companies-cym\",\"https:\\\/\\\/www.pinterest.com\\\/lambdacz\\\/\",\"https:\\\/\\\/www.youtube.com\\\/user\\\/LambdaCZ\"]}]}<\/script>\n<!-- \/ Yoast SEO plugin. -->","yoast_head_json":{"title":"Video tutorial para colectores de fracciones y automuestreadores &#8211; LAMBDA OMNICOLL | LAMBDA Laboratory Instruments","description":"Video tutorial para la instalaci\u00f3n y programaci\u00f3n, modos de recogida de fracciones y configuraci\u00f3n multicanal del colector de fracciones OMNICOLL.","robots":{"index":"index","follow":"follow","max-snippet":"max-snippet:-1","max-image-preview":"max-image-preview:large","max-video-preview":"max-video-preview:-1"},"canonical":"https:\/\/www.fractioncollector.info\/es\/video-tutorial-para-colectores-de-fracciones-y-automuestreadores\/","og_locale":"es_ES","og_type":"article","og_title":"Video tutorial para colectores de fracciones y automuestreadores &#8211; LAMBDA OMNICOLL | LAMBDA Laboratory Instruments","og_description":"Video tutorial para la instalaci\u00f3n y programaci\u00f3n, modos de recogida de fracciones y configuraci\u00f3n multicanal del colector de fracciones OMNICOLL.","og_url":"https:\/\/www.fractioncollector.info\/es\/video-tutorial-para-colectores-de-fracciones-y-automuestreadores\/","og_site_name":"LAMBDA OMNICOLL | LAMBDA Laboratory Instruments","article_publisher":"https:\/\/www.facebook.com\/LambdaLaboratoryInstrumentsCzSro\/","article_modified_time":"2026-04-28T16:51:00+00:00","og_image":[{"width":2168,"height":1456,"url":"https:\/\/www.fractioncollector.info\/wp-content\/uploads\/tutorial-video-fraction-collector.jpg","type":"image\/jpeg"}],"twitter_card":"summary_large_image","twitter_site":"@LAMBDA_Labinstr","twitter_misc":{"Tiempo de lectura":"1 minuto"},"schema":{"@context":"https:\/\/schema.org","@graph":[{"@type":"WebPage","@id":"https:\/\/www.fractioncollector.info\/es\/video-tutorial-para-colectores-de-fracciones-y-automuestreadores\/","url":"https:\/\/www.fractioncollector.info\/es\/video-tutorial-para-colectores-de-fracciones-y-automuestreadores\/","name":"Video tutorial para colectores de fracciones y automuestreadores &#8211; LAMBDA OMNICOLL | LAMBDA Laboratory Instruments","isPartOf":{"@id":"https:\/\/www.fractioncollector.info\/es\/#website"},"primaryImageOfPage":{"@id":"https:\/\/www.fractioncollector.info\/es\/video-tutorial-para-colectores-de-fracciones-y-automuestreadores\/#primaryimage"},"image":{"@id":"https:\/\/www.fractioncollector.info\/es\/video-tutorial-para-colectores-de-fracciones-y-automuestreadores\/#primaryimage"},"thumbnailUrl":"https:\/\/www.fractioncollector.info\/wp-content\/uploads\/tutorial-video-fraction-collector.jpg","datePublished":"2018-04-20T08:10:04+00:00","dateModified":"2026-04-28T16:51:00+00:00","description":"Video tutorial para la instalaci\u00f3n y programaci\u00f3n, modos de recogida de fracciones y configuraci\u00f3n multicanal del colector de fracciones OMNICOLL.","breadcrumb":{"@id":"https:\/\/www.fractioncollector.info\/es\/video-tutorial-para-colectores-de-fracciones-y-automuestreadores\/#breadcrumb"},"inLanguage":"es","potentialAction":[{"@type":"ReadAction","target":["https:\/\/www.fractioncollector.info\/es\/video-tutorial-para-colectores-de-fracciones-y-automuestreadores\/"]}]},{"@type":"ImageObject","inLanguage":"es","@id":"https:\/\/www.fractioncollector.info\/es\/video-tutorial-para-colectores-de-fracciones-y-automuestreadores\/#primaryimage","url":"https:\/\/www.fractioncollector.info\/wp-content\/uploads\/tutorial-video-fraction-collector.jpg","contentUrl":"https:\/\/www.fractioncollector.info\/wp-content\/uploads\/tutorial-video-fraction-collector.jpg","width":2168,"height":1456},{"@type":"BreadcrumbList","@id":"https:\/\/www.fractioncollector.info\/es\/video-tutorial-para-colectores-de-fracciones-y-automuestreadores\/#breadcrumb","itemListElement":[{"@type":"ListItem","position":1,"name":"Home","item":"https:\/\/www.fractioncollector.info\/es\/colector-de-fracciones-y-muestreador-lambda-omnicoll\/"},{"@type":"ListItem","position":2,"name":"Video tutorial para colectores de fracciones y automuestreadores"}]},{"@type":"WebSite","@id":"https:\/\/www.fractioncollector.info\/es\/#website","url":"https:\/\/www.fractioncollector.info\/es\/","name":"LAMBDA OMNICOLL","description":"fraction collector &amp; auto-sampler","publisher":{"@id":"https:\/\/www.fractioncollector.info\/es\/#organization"},"potentialAction":[{"@type":"SearchAction","target":{"@type":"EntryPoint","urlTemplate":"https:\/\/www.fractioncollector.info\/es\/?s={search_term_string}"},"query-input":{"@type":"PropertyValueSpecification","valueRequired":true,"valueName":"search_term_string"}}],"inLanguage":"es"},{"@type":"Organization","@id":"https:\/\/www.fractioncollector.info\/es\/#organization","name":"Instrumentos de laboratorio LAMBDA","url":"https:\/\/www.fractioncollector.info\/es\/","logo":{"@type":"ImageObject","inLanguage":"es","@id":"https:\/\/www.fractioncollector.info\/es\/#\/schema\/logo\/image\/","url":"https:\/\/www.fractioncollector.info\/wp-content\/uploads\/lambda-logo.jpg","contentUrl":"https:\/\/www.fractioncollector.info\/wp-content\/uploads\/lambda-logo.jpg","width":1599,"height":365,"caption":"Instrumentos de laboratorio LAMBDA"},"image":{"@id":"https:\/\/www.fractioncollector.info\/es\/#\/schema\/logo\/image\/"},"sameAs":["https:\/\/www.facebook.com\/LambdaLaboratoryInstrumentsCzSro\/","https:\/\/x.com\/LAMBDA_Labinstr","https:\/\/www.instagram.com\/lambdainstruments\/","https:\/\/www.linkedin.com\/company\/lambda-laboratory-instruments?trk=biz-companies-cym","https:\/\/www.pinterest.com\/lambdacz\/","https:\/\/www.youtube.com\/user\/LambdaCZ"]}]}},"_links":{"self":[{"href":"https:\/\/www.fractioncollector.info\/es\/wp-json\/wp\/v2\/pages\/4702","targetHints":{"allow":["GET"]}}],"collection":[{"href":"https:\/\/www.fractioncollector.info\/es\/wp-json\/wp\/v2\/pages"}],"about":[{"href":"https:\/\/www.fractioncollector.info\/es\/wp-json\/wp\/v2\/types\/page"}],"author":[{"embeddable":true,"href":"https:\/\/www.fractioncollector.info\/es\/wp-json\/wp\/v2\/users\/2"}],"replies":[{"embeddable":true,"href":"https:\/\/www.fractioncollector.info\/es\/wp-json\/wp\/v2\/comments?post=4702"}],"version-history":[{"count":2,"href":"https:\/\/www.fractioncollector.info\/es\/wp-json\/wp\/v2\/pages\/4702\/revisions"}],"predecessor-version":[{"id":4715,"href":"https:\/\/www.fractioncollector.info\/es\/wp-json\/wp\/v2\/pages\/4702\/revisions\/4715"}],"wp:featuredmedia":[{"embeddable":true,"href":"https:\/\/www.fractioncollector.info\/es\/wp-json\/wp\/v2\/media\/4705"}],"wp:attachment":[{"href":"https:\/\/www.fractioncollector.info\/es\/wp-json\/wp\/v2\/media?parent=4702"}],"curies":[{"name":"wp","href":"https:\/\/api.w.org\/{rel}","templated":true}]}}