{"id":4718,"date":"2018-05-23T17:47:26","date_gmt":"2018-05-23T15:47:26","guid":{"rendered":"https:\/\/www.fractioncollector.info\/politica-de-privacidad\/"},"modified":"2026-04-28T18:51:03","modified_gmt":"2026-04-28T16:51:03","slug":"politica-de-privacidad","status":"publish","type":"page","link":"https:\/\/www.fractioncollector.info\/es\/politica-de-privacidad\/","title":{"rendered":"Pol\u00edtica de privacidad"},"content":{"rendered":"<div id=\"comp-jhg3i7ks\" class=\"txtNew\" data-packed=\"true\">\n<h2 class=\"font_2\"><span class=\"color_14\">Pol\u00edtica de privacidad de LAMBDA CZ s.r.o.<\/span><\/h2>\n<\/div>\n<div id=\"comp-jhg3jcul\" class=\"txtNew\" data-packed=\"true\">\n<p class=\"font_7\">Esta pol\u00edtica de privacidad describe c\u00f3mo se recopila, utiliza y comparte su informaci\u00f3n personal cuando visita o realiza una compra en www.fractioncollector.info (<strong>el \u00abSitio\u00bb<\/strong>).<\/p>\n<\/div>\n<div id=\"comp-jhg3k6or\" class=\"txtNew\" data-packed=\"true\">\n<h3 class=\"font_5\">INFORMACI\u00d3N PERSONAL QUE RECOPILAMOS<\/h3>\n<\/div>\n<div id=\"comp-jhg3l3zn\" class=\"txtNew\" data-packed=\"true\">\n<p class=\"font_8\">Cuando visita el Sitio, recopilamos autom\u00e1ticamente cierta informaci\u00f3n sobre su dispositivo, incluida informaci\u00f3n sobre su navegador web, direcci\u00f3n IP, zona horaria y algunas de las cookies que est\u00e1n instaladas en su dispositivo. Adem\u00e1s, mientras navega por el Sitio, recopilamos informaci\u00f3n sobre las p\u00e1ginas web o los productos individuales que ve, qu\u00e9 sitios web o t\u00e9rminos de b\u00fasqueda le remitieron al Sitio e informaci\u00f3n sobre c\u00f3mo interact\u00faa con el Sitio. Nos referimos a esta informaci\u00f3n recopilada autom\u00e1ticamente como <strong>\u00abInformaci\u00f3n del dispositivo\u00bb<\/strong>.  <\/p>\n<p class=\"font_8\">Recopilamos informaci\u00f3n del dispositivo utilizando las siguientes tecnolog\u00edas:<\/p>\n<ul>\n<li class=\"font_8\">Las \u201ccookies\u201d son archivos de datos que se colocan en su dispositivo u ordenador y, a menudo, incluyen un identificador \u00fanico an\u00f3nimo. Para obtener m\u00e1s informaci\u00f3n sobre las cookies y c\u00f3mo desactivarlas, visite <a href=\"http:\/\/www.allaboutcookies.org\/\" target=\"_blank\" rel=\"noopener undefined noreferrer\" data-content=\"http:\/\/www.allaboutcookies.org\" data-type=\"external\">www.allaboutcookies.org<\/a>. <\/li>\n<li class=\"font_8\">Los \u201carchivos de registro\u201d rastrean las acciones que ocurren en el Sitio y recopilan datos como su direcci\u00f3n IP, tipo de navegador, proveedor de servicios de Internet, p\u00e1ginas de referencia\/salida y marcas de fecha\/hora.<\/li>\n<li class=\"font_8\">Las \u201cbalizas web\u201d, las \u201cetiquetas\u201d y los \u201cp\u00edxeles\u201d son archivos electr\u00f3nicos que se utilizan para registrar informaci\u00f3n sobre c\u00f3mo navega por el Sitio.<\/li>\n<\/ul>\n<p class=\"font_8\">Adem\u00e1s, cuando realiza una compra o intenta realizar una compra a trav\u00e9s del Sitio, recopilamos cierta informaci\u00f3n suya, incluido su nombre, direcci\u00f3n de facturaci\u00f3n, direcci\u00f3n de env\u00edo, informaci\u00f3n de pago (PayPal), direcci\u00f3n de correo electr\u00f3nico y n\u00famero de tel\u00e9fono. Nos referimos a esta informaci\u00f3n como \u201cInformaci\u00f3n del pedido\u201d. <\/p>\n<p class=\"font_8\">Cuando hablamos de \u201cInformaci\u00f3n personal\u201d en esta Pol\u00edtica de privacidad, nos referimos tanto a la Informaci\u00f3n del dispositivo como a la Informaci\u00f3n del pedido.<\/p>\n<\/div>\n<div id=\"comp-jhg3nu5z\" class=\"txtNew\" data-packed=\"true\">\n<h3 class=\"font_5\">\u00bfC\u00d3MO UTILIZAMOS SU INFORMACI\u00d3N PERSONAL?<\/h3>\n<\/div>\n<div id=\"comp-jhg3pmyc\" class=\"txtNew\" data-packed=\"true\">\n<p class=\"font_8\">Utilizamos la informaci\u00f3n del pedido que recopilamos generalmente para cumplir con los pedidos realizados a trav\u00e9s del sitio (incluido el procesamiento de su informaci\u00f3n de pago, la organizaci\u00f3n del env\u00edo y el suministro de facturas y\/o confirmaciones de pedido).<\/p>\n<p class=\"font_8\">Adem\u00e1s, utilizamos esta informaci\u00f3n del pedido para:<\/p>\n<ul>\n<li class=\"font_8\">Comunicarnos con usted;<\/li>\n<li class=\"font_8\">Examinar nuestros pedidos en busca de posibles riesgos o fraudes; y<\/li>\n<li class=\"font_8\">Cuando est\u00e9 en consonancia con las preferencias que ha compartido con nosotros, proporcionarle informaci\u00f3n o publicidad relacionada con nuestros productos o servicios.<\/li>\n<\/ul>\n<p class=\"font_8\">Utilizamos la informaci\u00f3n del dispositivo que recopilamos para ayudarnos a detectar posibles riesgos y fraudes (en particular, su direcci\u00f3n IP) y, de forma m\u00e1s general, para mejorar y optimizar nuestro sitio (por ejemplo, generando an\u00e1lisis sobre c\u00f3mo nuestros clientes navegan e interact\u00faan con el sitio, y para evaluar el \u00e9xito de nuestras campa\u00f1as de marketing y publicidad).<\/p>\n<\/div>\n<div id=\"comp-jhg3uxi1\" class=\"txtNew\" data-packed=\"true\">\n<h3 class=\"font_5\">PUBLICIDAD CONDUCTUAL<\/h3>\n<\/div>\n<div id=\"comp-jhg3vtcj\" class=\"txtNew\" data-packed=\"true\">\n<p class=\"font_8\">Como se describe anteriormente, utilizamos su informaci\u00f3n personal para proporcionarle anuncios dirigidos o comunicaciones de marketing que creemos que pueden ser de su inter\u00e9s. Para obtener m\u00e1s informaci\u00f3n sobre c\u00f3mo funciona la publicidad dirigida, puede visitar la p\u00e1gina educativa de la Network Advertising Initiative (\u201cNAI\u201d) en <a class=\"auto-generated-link\" href=\"http:\/\/www.networkadvertising.org\/understanding-online-advertising\/how-does-it-work\" target=\"_blank\" rel=\"noopener noreferrer\" data-auto-recognition=\"true\" data-content=\"http:\/\/www.networkadvertising.org\/understanding-online-advertising\/how-does-it-work.\" data-type=\"external\">www.networkadvertising.org\/understanding-online-advertising\/how-does-it-work<\/a><span class=\"wixGuard\"> \u200b.<\/span> <\/p>\n<p class=\"font_8\">Adem\u00e1s, puede optar por no participar en algunos de estos servicios visitando el portal de exclusi\u00f3n de la Digital Advertising Alliance en <a href=\"http:\/\/optout.aboutads.info\/\" target=\"_blank\" rel=\"noopener noreferrer\">http:\/\/optout.aboutads.info\/<\/a> .<\/p>\n<\/div>\n<div id=\"comp-jhg3x4yx\" class=\"txtNew\" data-packed=\"true\">\n<h3 class=\"font_5\">SUS DERECHOS<\/h3>\n<\/div>\n<div id=\"comp-jhg3xv2c\" class=\"txtNew\" data-packed=\"true\">\n<p class=\"font_8\">Si usted es residente europeo, tiene derecho a acceder a la informaci\u00f3n personal que tenemos sobre usted y a solicitar que se corrija, actualice o elimine su informaci\u00f3n personal. Si desea ejercer este derecho, p\u00f3ngase en contacto con nosotros a trav\u00e9s de la informaci\u00f3n de contacto que figura a continuaci\u00f3n. <\/p>\n<p class=\"font_8\">Adem\u00e1s, si usted es residente europeo, se\u00f1alamos que estamos procesando su informaci\u00f3n para cumplir con los contratos que podamos tener con usted (por ejemplo, si realiza un pedido a trav\u00e9s del Sitio) o, de lo contrario, para perseguir nuestros intereses comerciales leg\u00edtimos enumerados anteriormente. Adem\u00e1s, tenga en cuenta que su informaci\u00f3n se transferir\u00e1 fuera de Europa, incluso a Canad\u00e1 y a los Estados Unidos. <\/p>\n<\/div>\n<div id=\"comp-jhg3s3y1\" class=\"txtNew\" data-packed=\"true\">\n<h3 class=\"font_5\">RETENCI\u00d3N DE DATOS<\/h3>\n<\/div>\n<div id=\"comp-jhg3t2yk\" class=\"txtNew\" data-packed=\"true\">\n<p class=\"font_7\">Cuando realiza un pedido a trav\u00e9s del Sitio, conservaremos la informaci\u00f3n de su pedido para nuestros registros a menos y hasta que nos pida que eliminemos esta informaci\u00f3n.<span class=\"wixGuard\">\u200b<\/span><\/p>\n<\/div>\n<div id=\"comp-jhg433tg\" class=\"txtNew\" data-packed=\"true\">\n<h3 class=\"font_5\">CAMBIOS<\/h3>\n<\/div>\n<div id=\"comp-jhg4450x\" class=\"txtNew\" data-packed=\"true\">\n<p class=\"font_7\">Es posible que actualicemos esta pol\u00edtica de privacidad de vez en cuando para reflejar, por ejemplo, cambios en nuestras pr\u00e1cticas o por otros motivos operativos, legales o reglamentarios.<\/p>\n<\/div>\n<div id=\"comp-jhg44zdg\" class=\"txtNew\" data-packed=\"true\">\n<h3 class=\"font_5\">CONTACTE CON NOSOTROS<\/h3>\n<\/div>\n<div id=\"comp-jhg45tjc\" class=\"txtNew\" data-packed=\"true\">\n<p class=\"font_8\">Para obtener m\u00e1s informaci\u00f3n sobre nuestras pr\u00e1cticas de privacidad, si tiene preguntas o si desea presentar una queja, p\u00f3ngase en contacto con nosotros por correo electr\u00f3nico a <span class=\"color_24\"><a href=\"mailto:support@lambda-instruments.com?subject=LAMBDA%20Privacy%20Policy\" target=\"_self\" rel=\"noopener noreferrer\" data-content=\"support@lambda-instruments.com\" data-type=\"mail\">support@lambda-instruments.com<\/a><\/span> o por correo postal utilizando los datos que se indican a continuaci\u00f3n:<\/p>\n<p class=\"font_8\">Lozibky 1, Brno, 61400, Rep\u00fablica Checa<\/p>\n<\/div>\n","protected":false},"excerpt":{"rendered":"<p>Pol\u00edtica de privacidad de LAMBDA CZ s.r.o. Esta pol\u00edtica de privacidad describe c\u00f3mo se recopila, utiliza y comparte su informaci\u00f3n personal cuando visita o realiza una compra en www.fractioncollector.info (el \u00abSitio\u00bb). INFORMACI\u00d3N PERSONAL QUE RECOPILAMOS Cuando visita el Sitio, recopilamos autom\u00e1ticamente cierta informaci\u00f3n sobre su dispositivo, incluida informaci\u00f3n sobre su navegador web, direcci\u00f3n IP, zona [&hellip;]<\/p>\n","protected":false},"author":2,"featured_media":0,"parent":0,"menu_order":0,"comment_status":"closed","ping_status":"closed","template":"","meta":{"footnotes":""},"class_list":["post-4718","page","type-page","status-publish","hentry","post"],"yoast_head":"<!-- This site is optimized with the Yoast SEO plugin v27.5 - https:\/\/yoast.com\/product\/yoast-seo-wordpress\/ -->\n<title>Pol\u00edtica de privacidad &#8211; LAMBDA OMNICOLL | LAMBDA Laboratory Instruments<\/title>\n<meta name=\"robots\" content=\"index, follow, max-snippet:-1, max-image-preview:large, max-video-preview:-1\" \/>\n<link rel=\"canonical\" href=\"https:\/\/www.fractioncollector.info\/es\/politica-de-privacidad\/\" \/>\n<meta property=\"og:locale\" content=\"es_ES\" \/>\n<meta property=\"og:type\" content=\"article\" \/>\n<meta property=\"og:title\" content=\"Pol\u00edtica de privacidad &#8211; LAMBDA OMNICOLL | LAMBDA Laboratory Instruments\" \/>\n<meta property=\"og:description\" content=\"Pol\u00edtica de privacidad de LAMBDA CZ s.r.o. Esta pol\u00edtica de privacidad describe c\u00f3mo se recopila, utiliza y comparte su informaci\u00f3n personal cuando visita o realiza una compra en www.fractioncollector.info (el \u00abSitio\u00bb). INFORMACI\u00d3N PERSONAL QUE RECOPILAMOS Cuando visita el Sitio, recopilamos autom\u00e1ticamente cierta informaci\u00f3n sobre su dispositivo, incluida informaci\u00f3n sobre su navegador web, direcci\u00f3n IP, zona [&hellip;]\" \/>\n<meta property=\"og:url\" content=\"https:\/\/www.fractioncollector.info\/es\/politica-de-privacidad\/\" \/>\n<meta property=\"og:site_name\" content=\"LAMBDA OMNICOLL | LAMBDA Laboratory Instruments\" \/>\n<meta property=\"article:publisher\" content=\"https:\/\/www.facebook.com\/LambdaLaboratoryInstrumentsCzSro\/\" \/>\n<meta property=\"article:modified_time\" content=\"2026-04-28T16:51:03+00:00\" \/>\n<meta name=\"twitter:card\" content=\"summary_large_image\" \/>\n<meta name=\"twitter:site\" content=\"@LAMBDA_Labinstr\" \/>\n<meta name=\"twitter:label1\" content=\"Tiempo de lectura\" \/>\n\t<meta name=\"twitter:data1\" content=\"4 minuto\" \/>\n<script type=\"application\/ld+json\" class=\"yoast-schema-graph\">{\"@context\":\"https:\\\/\\\/schema.org\",\"@graph\":[{\"@type\":\"WebPage\",\"@id\":\"https:\\\/\\\/www.fractioncollector.info\\\/es\\\/politica-de-privacidad\\\/\",\"url\":\"https:\\\/\\\/www.fractioncollector.info\\\/es\\\/politica-de-privacidad\\\/\",\"name\":\"Pol\u00edtica de privacidad &#8211; LAMBDA OMNICOLL | LAMBDA Laboratory Instruments\",\"isPartOf\":{\"@id\":\"https:\\\/\\\/www.fractioncollector.info\\\/es\\\/#website\"},\"datePublished\":\"2018-05-23T15:47:26+00:00\",\"dateModified\":\"2026-04-28T16:51:03+00:00\",\"breadcrumb\":{\"@id\":\"https:\\\/\\\/www.fractioncollector.info\\\/es\\\/politica-de-privacidad\\\/#breadcrumb\"},\"inLanguage\":\"es\",\"potentialAction\":[{\"@type\":\"ReadAction\",\"target\":[\"https:\\\/\\\/www.fractioncollector.info\\\/es\\\/politica-de-privacidad\\\/\"]}]},{\"@type\":\"BreadcrumbList\",\"@id\":\"https:\\\/\\\/www.fractioncollector.info\\\/es\\\/politica-de-privacidad\\\/#breadcrumb\",\"itemListElement\":[{\"@type\":\"ListItem\",\"position\":1,\"name\":\"Home\",\"item\":\"https:\\\/\\\/www.fractioncollector.info\\\/es\\\/colector-de-fracciones-y-muestreador-lambda-omnicoll\\\/\"},{\"@type\":\"ListItem\",\"position\":2,\"name\":\"Pol\u00edtica de privacidad\"}]},{\"@type\":\"WebSite\",\"@id\":\"https:\\\/\\\/www.fractioncollector.info\\\/es\\\/#website\",\"url\":\"https:\\\/\\\/www.fractioncollector.info\\\/es\\\/\",\"name\":\"LAMBDA OMNICOLL\",\"description\":\"fraction collector &amp; auto-sampler\",\"publisher\":{\"@id\":\"https:\\\/\\\/www.fractioncollector.info\\\/es\\\/#organization\"},\"potentialAction\":[{\"@type\":\"SearchAction\",\"target\":{\"@type\":\"EntryPoint\",\"urlTemplate\":\"https:\\\/\\\/www.fractioncollector.info\\\/es\\\/?s={search_term_string}\"},\"query-input\":{\"@type\":\"PropertyValueSpecification\",\"valueRequired\":true,\"valueName\":\"search_term_string\"}}],\"inLanguage\":\"es\"},{\"@type\":\"Organization\",\"@id\":\"https:\\\/\\\/www.fractioncollector.info\\\/es\\\/#organization\",\"name\":\"Instrumentos de laboratorio LAMBDA\",\"url\":\"https:\\\/\\\/www.fractioncollector.info\\\/es\\\/\",\"logo\":{\"@type\":\"ImageObject\",\"inLanguage\":\"es\",\"@id\":\"https:\\\/\\\/www.fractioncollector.info\\\/es\\\/#\\\/schema\\\/logo\\\/image\\\/\",\"url\":\"https:\\\/\\\/www.fractioncollector.info\\\/wp-content\\\/uploads\\\/lambda-logo.jpg\",\"contentUrl\":\"https:\\\/\\\/www.fractioncollector.info\\\/wp-content\\\/uploads\\\/lambda-logo.jpg\",\"width\":1599,\"height\":365,\"caption\":\"Instrumentos de laboratorio LAMBDA\"},\"image\":{\"@id\":\"https:\\\/\\\/www.fractioncollector.info\\\/es\\\/#\\\/schema\\\/logo\\\/image\\\/\"},\"sameAs\":[\"https:\\\/\\\/www.facebook.com\\\/LambdaLaboratoryInstrumentsCzSro\\\/\",\"https:\\\/\\\/x.com\\\/LAMBDA_Labinstr\",\"https:\\\/\\\/www.instagram.com\\\/lambdainstruments\\\/\",\"https:\\\/\\\/www.linkedin.com\\\/company\\\/lambda-laboratory-instruments?trk=biz-companies-cym\",\"https:\\\/\\\/www.pinterest.com\\\/lambdacz\\\/\",\"https:\\\/\\\/www.youtube.com\\\/user\\\/LambdaCZ\"]}]}<\/script>\n<!-- \/ Yoast SEO plugin. -->","yoast_head_json":{"title":"Pol\u00edtica de privacidad &#8211; LAMBDA OMNICOLL | LAMBDA Laboratory Instruments","robots":{"index":"index","follow":"follow","max-snippet":"max-snippet:-1","max-image-preview":"max-image-preview:large","max-video-preview":"max-video-preview:-1"},"canonical":"https:\/\/www.fractioncollector.info\/es\/politica-de-privacidad\/","og_locale":"es_ES","og_type":"article","og_title":"Pol\u00edtica de privacidad &#8211; LAMBDA OMNICOLL | LAMBDA Laboratory Instruments","og_description":"Pol\u00edtica de privacidad de LAMBDA CZ s.r.o. Esta pol\u00edtica de privacidad describe c\u00f3mo se recopila, utiliza y comparte su informaci\u00f3n personal cuando visita o realiza una compra en www.fractioncollector.info (el \u00abSitio\u00bb). INFORMACI\u00d3N PERSONAL QUE RECOPILAMOS Cuando visita el Sitio, recopilamos autom\u00e1ticamente cierta informaci\u00f3n sobre su dispositivo, incluida informaci\u00f3n sobre su navegador web, direcci\u00f3n IP, zona [&hellip;]","og_url":"https:\/\/www.fractioncollector.info\/es\/politica-de-privacidad\/","og_site_name":"LAMBDA OMNICOLL | LAMBDA Laboratory Instruments","article_publisher":"https:\/\/www.facebook.com\/LambdaLaboratoryInstrumentsCzSro\/","article_modified_time":"2026-04-28T16:51:03+00:00","twitter_card":"summary_large_image","twitter_site":"@LAMBDA_Labinstr","twitter_misc":{"Tiempo de lectura":"4 minuto"},"schema":{"@context":"https:\/\/schema.org","@graph":[{"@type":"WebPage","@id":"https:\/\/www.fractioncollector.info\/es\/politica-de-privacidad\/","url":"https:\/\/www.fractioncollector.info\/es\/politica-de-privacidad\/","name":"Pol\u00edtica de privacidad &#8211; LAMBDA OMNICOLL | LAMBDA Laboratory Instruments","isPartOf":{"@id":"https:\/\/www.fractioncollector.info\/es\/#website"},"datePublished":"2018-05-23T15:47:26+00:00","dateModified":"2026-04-28T16:51:03+00:00","breadcrumb":{"@id":"https:\/\/www.fractioncollector.info\/es\/politica-de-privacidad\/#breadcrumb"},"inLanguage":"es","potentialAction":[{"@type":"ReadAction","target":["https:\/\/www.fractioncollector.info\/es\/politica-de-privacidad\/"]}]},{"@type":"BreadcrumbList","@id":"https:\/\/www.fractioncollector.info\/es\/politica-de-privacidad\/#breadcrumb","itemListElement":[{"@type":"ListItem","position":1,"name":"Home","item":"https:\/\/www.fractioncollector.info\/es\/colector-de-fracciones-y-muestreador-lambda-omnicoll\/"},{"@type":"ListItem","position":2,"name":"Pol\u00edtica de privacidad"}]},{"@type":"WebSite","@id":"https:\/\/www.fractioncollector.info\/es\/#website","url":"https:\/\/www.fractioncollector.info\/es\/","name":"LAMBDA OMNICOLL","description":"fraction collector &amp; auto-sampler","publisher":{"@id":"https:\/\/www.fractioncollector.info\/es\/#organization"},"potentialAction":[{"@type":"SearchAction","target":{"@type":"EntryPoint","urlTemplate":"https:\/\/www.fractioncollector.info\/es\/?s={search_term_string}"},"query-input":{"@type":"PropertyValueSpecification","valueRequired":true,"valueName":"search_term_string"}}],"inLanguage":"es"},{"@type":"Organization","@id":"https:\/\/www.fractioncollector.info\/es\/#organization","name":"Instrumentos de laboratorio LAMBDA","url":"https:\/\/www.fractioncollector.info\/es\/","logo":{"@type":"ImageObject","inLanguage":"es","@id":"https:\/\/www.fractioncollector.info\/es\/#\/schema\/logo\/image\/","url":"https:\/\/www.fractioncollector.info\/wp-content\/uploads\/lambda-logo.jpg","contentUrl":"https:\/\/www.fractioncollector.info\/wp-content\/uploads\/lambda-logo.jpg","width":1599,"height":365,"caption":"Instrumentos de laboratorio LAMBDA"},"image":{"@id":"https:\/\/www.fractioncollector.info\/es\/#\/schema\/logo\/image\/"},"sameAs":["https:\/\/www.facebook.com\/LambdaLaboratoryInstrumentsCzSro\/","https:\/\/x.com\/LAMBDA_Labinstr","https:\/\/www.instagram.com\/lambdainstruments\/","https:\/\/www.linkedin.com\/company\/lambda-laboratory-instruments?trk=biz-companies-cym","https:\/\/www.pinterest.com\/lambdacz\/","https:\/\/www.youtube.com\/user\/LambdaCZ"]}]}},"_links":{"self":[{"href":"https:\/\/www.fractioncollector.info\/es\/wp-json\/wp\/v2\/pages\/4718","targetHints":{"allow":["GET"]}}],"collection":[{"href":"https:\/\/www.fractioncollector.info\/es\/wp-json\/wp\/v2\/pages"}],"about":[{"href":"https:\/\/www.fractioncollector.info\/es\/wp-json\/wp\/v2\/types\/page"}],"author":[{"embeddable":true,"href":"https:\/\/www.fractioncollector.info\/es\/wp-json\/wp\/v2\/users\/2"}],"replies":[{"embeddable":true,"href":"https:\/\/www.fractioncollector.info\/es\/wp-json\/wp\/v2\/comments?post=4718"}],"version-history":[{"count":1,"href":"https:\/\/www.fractioncollector.info\/es\/wp-json\/wp\/v2\/pages\/4718\/revisions"}],"predecessor-version":[{"id":4719,"href":"https:\/\/www.fractioncollector.info\/es\/wp-json\/wp\/v2\/pages\/4718\/revisions\/4719"}],"wp:attachment":[{"href":"https:\/\/www.fractioncollector.info\/es\/wp-json\/wp\/v2\/media?parent=4718"}],"curies":[{"name":"wp","href":"https:\/\/api.w.org\/{rel}","templated":true}]}}