{"id":4950,"date":"2018-01-11T10:45:47","date_gmt":"2018-01-11T08:45:47","guid":{"rendered":"https:\/\/www.fractioncollector.info\/aplicaciones-de-los-colectores-de-fracciones-y-automuestreadores\/"},"modified":"2026-04-28T18:55:22","modified_gmt":"2026-04-28T16:55:22","slug":"aplicaciones-de-los-colectores-de-fracciones-y-automuestreadores","status":"publish","type":"page","link":"https:\/\/www.fractioncollector.info\/es\/aplicaciones-de-los-colectores-de-fracciones-y-automuestreadores\/","title":{"rendered":"Aplicaciones de los colectores de fracciones y automuestreadores"},"content":{"rendered":"<div id=\"pl-4950\"  class=\"panel-layout\" ><div id=\"pg-4950-0\"  class=\"panel-grid panel-has-style\"  style=\"margin-bottom: 50px\" ><div class=\"siteorigin-panels-stretch panel-row-style-full-width panel-row-style panel-row-style-for-4950-0\" style=\"padding: 0px 0px 0px;\" data-stretch-type=\"full-width-stretch\" ><div id=\"pgc-4950-0-0\"  class=\"panel-grid-cell\" ><div id=\"panel-4950-0-0-0\" class=\"so-panel widget widget_black-studio-tinymce widget_black_studio_tinymce panel-first-child panel-last-child\" data-index=\"0\" ><div class=\"so-parallax panel-widget-style panel-widget-style-for-4950-0-0-0\" style=\"padding: 50px;\" ><img fetchpriority=\"high\" decoding=\"async\" width=\"6016\" height=\"4016\" src=\"https:\/\/www.fractioncollector.info\/wp-content\/uploads\/Applications-of-OMNICOLL-fraction-collector-and-autosampler.jpg\" class=\"attachment-full size-full\" alt=\"Applications of OMNICOLL fraction collector and autosampler\" data-siteorigin-parallax=\"true\" loading=\"eager\" srcset=\"https:\/\/www.fractioncollector.info\/wp-content\/uploads\/Applications-of-OMNICOLL-fraction-collector-and-autosampler.jpg 6016w, https:\/\/www.fractioncollector.info\/wp-content\/uploads\/Applications-of-OMNICOLL-fraction-collector-and-autosampler-150x100.jpg 150w, https:\/\/www.fractioncollector.info\/wp-content\/uploads\/Applications-of-OMNICOLL-fraction-collector-and-autosampler-416x278.jpg 416w, https:\/\/www.fractioncollector.info\/wp-content\/uploads\/Applications-of-OMNICOLL-fraction-collector-and-autosampler-768x513.jpg 768w, https:\/\/www.fractioncollector.info\/wp-content\/uploads\/Applications-of-OMNICOLL-fraction-collector-and-autosampler-1534x1024.jpg 1534w, https:\/\/www.fractioncollector.info\/wp-content\/uploads\/Applications-of-OMNICOLL-fraction-collector-and-autosampler-272x182.jpg 272w\" sizes=\"(max-width: 6016px) 100vw, 6016px\" \/><div class=\"textwidget\"><h1 style=\"color: white; text-align: center; font-size: 35px; text-shadow: 1px 1px #000000; line-height: 100%;\">APPLICATIONS OF LAMBDA OMNICOLL AUTOMATIC FRACTION COLLECTORS &amp; AUTOSAMPLERS<\/h1>\n<\/div><\/div><\/div><\/div><\/div><\/div><div id=\"pg-4950-1\"  class=\"panel-grid panel-no-style\"  style=\"margin-bottom: 0px\" ><div id=\"pgc-4950-1-0\"  class=\"panel-grid-cell\" ><div id=\"panel-4950-1-0-0\" class=\"so-panel widget widget_black-studio-tinymce widget_black_studio_tinymce panel-first-child panel-last-child\" data-index=\"1\" ><div class=\"textwidget\"><p>Biochemists, chemists and other researchers in R&amp;D have extensively documented the various applications of LAMBDA OMNICOLL fraction collectors and autosamplers. To explore these scientific works in detail, refer to <a href=\"https:\/\/www.lambda-instruments.com\/fraction-collector\/#publications\" target=\"_blank\" rel=\"noopener\">the collection of publications<\/a>, please.<\/p>\n<p>Here, you'll find a curated selection of applications for fraction collectors and autosamplers, complete with additional background information:<\/p>\n<\/div><\/div><\/div><\/div><div id=\"pg-4950-2\"  class=\"panel-grid panel-no-style\"  style=\"margin-bottom: 0px\" ><div id=\"pgc-4950-2-0\"  class=\"panel-grid-cell\" ><div id=\"panel-4950-2-0-0\" class=\"so-panel widget widget_siteorigin-panels-postloop panel-first-child\" data-index=\"2\" style=\"margin-bottom: 50px\" >\n\t<div id=\"vantage-grid-loop\" class=\"vantage-grid-loop grid-loop-columns-2\">\n\t\t\t\t\t<article class=\"grid-post post-4271 post type-post status-publish format-standard has-post-thumbnail hentry category-sin-categorizar tag-colector-de-fracciones tag-lkb-superfrac post-with-thumbnail post-with-thumbnail-icon\">\n\n\t\t\t\t\t\t\t\t\t<a class=\"grid-thumbnail\" href=\"https:\/\/www.fractioncollector.info\/es\/como-sustituir-el-colector-de-fracciones-lkb-superfrac-frac-950-frag-920\/\">\n\t\t\t\t\t\t<img loading=\"lazy\" decoding=\"async\" width=\"436\" height=\"272\" src=\"https:\/\/www.fractioncollector.info\/wp-content\/uploads\/lkb-superfrac-436x272.jpg\" class=\"attachment-vantage-grid-loop size-vantage-grid-loop wp-post-image\" alt=\"El colector de fracciones LAMBDA OMNICOLL sustituye al LKB Superfrac (Frac-950, Frag-920, ...)\" \/>\t\t\t\t\t<\/a>\n\t\t\t\t\n\t\t\t\t<h3><a href=\"https:\/\/www.fractioncollector.info\/es\/como-sustituir-el-colector-de-fracciones-lkb-superfrac-frac-950-frag-920\/\">\u00bfC\u00f3mo sustituir el colector de fracciones LKB Superfrac (Frac-950, Frag-920)?<\/a><\/h3>\n\t\t\t\t<div class=\"excerpt\"><p>LAMBDA OMNICOLL sustituye al colector de fracciones LKB Superfrac (Frac-950, Frag-920)<\/p>\n<\/div>\n\t\t\t\t\t\t\t\t\t\t\t<\/article>\n\t\t\t\t\t\t\t\t<article class=\"grid-post post-4375 post type-post status-publish format-standard has-post-thumbnail hentry category-aplicaciones tag-4-canales tag-bomba-multicanal-ismatec tag-colector-de-fracciones-automatizado tag-islotes-pancreaticos tag-perifusion-de-islotes tag-placas-de-96-pocillos post-with-thumbnail post-with-thumbnail-icon\">\n\n\t\t\t\t\t\t\t\t\t<a class=\"grid-thumbnail\" href=\"https:\/\/www.fractioncollector.info\/es\/perifusion-de-islotes-con-colector-de-fracciones-automatizado\/\">\n\t\t\t\t\t\t<img loading=\"lazy\" decoding=\"async\" width=\"436\" height=\"272\" src=\"https:\/\/www.fractioncollector.info\/wp-content\/uploads\/Islets-perifusion-with-automated-fraction-collector-Omnicoll-96-well-plates-436x272.jpg\" class=\"attachment-vantage-grid-loop size-vantage-grid-loop wp-post-image\" alt=\"Perifusi\u00f3n de islotes con colector de fracciones automatizado Omnicoll en placas de 96 pocillos\" \/>\t\t\t\t\t<\/a>\n\t\t\t\t\n\t\t\t\t<h3><a href=\"https:\/\/www.fractioncollector.info\/es\/perifusion-de-islotes-con-colector-de-fracciones-automatizado\/\">Perifusi\u00f3n de islotes con colector de fracciones automatizado<\/a><\/h3>\n\t\t\t\t<div class=\"excerpt\"><p>ISLET PERIFUSION: Automated multi-channel fraction collection with LAMBDA OMNICOLL<\/p>\n<\/div>\n\t\t\t\t\t\t\t\t\t\t\t<\/article>\n\t\t\t<div class=\"clear\"><\/div>\t\t\t\t\t<article class=\"grid-post post-4287 post type-post status-publish format-standard has-post-thumbnail hentry category-aplicaciones category-sin-categorizar tag-colector-de-fracciones tag-compuestos-alelopaticos tag-cromatografia-liquida-en-columna tag-elucidacion-estructural tag-sintesis-quimica post-with-thumbnail post-with-thumbnail-icon\">\n\n\t\t\t\t\t\t\t\t\t<a class=\"grid-thumbnail\" href=\"https:\/\/www.fractioncollector.info\/es\/aislamiento-purificacion-y-caracterizacion-de-compuestos-alelopaticos\/\">\n\t\t\t\t\t\t<img loading=\"lazy\" decoding=\"async\" width=\"436\" height=\"272\" src=\"https:\/\/www.fractioncollector.info\/wp-content\/uploads\/Omnicoll-fraction-collector-for-isolation-of-allelopathic-chemicals-from-crude-extracts-436x272-1.jpg\" class=\"attachment-vantage-grid-loop size-vantage-grid-loop wp-post-image\" alt=\"Colector de fracciones Omnicoll para el aislamiento de productos qu\u00edmicos alelop\u00e1ticos a partir de extractos crudos\" srcset=\"https:\/\/www.fractioncollector.info\/wp-content\/uploads\/Omnicoll-fraction-collector-for-isolation-of-allelopathic-chemicals-from-crude-extracts-436x272-1.jpg 436w, https:\/\/www.fractioncollector.info\/wp-content\/uploads\/Omnicoll-fraction-collector-for-isolation-of-allelopathic-chemicals-from-crude-extracts-436x272-1-150x94.jpg 150w, https:\/\/www.fractioncollector.info\/wp-content\/uploads\/Omnicoll-fraction-collector-for-isolation-of-allelopathic-chemicals-from-crude-extracts-436x272-1-418x261.jpg 418w\" sizes=\"auto, (max-width: 436px) 100vw, 436px\" \/>\t\t\t\t\t<\/a>\n\t\t\t\t\n\t\t\t\t<h3><a href=\"https:\/\/www.fractioncollector.info\/es\/aislamiento-purificacion-y-caracterizacion-de-compuestos-alelopaticos\/\">Aislamiento, purificaci\u00f3n y caracterizaci\u00f3n de compuestos alelop\u00e1ticos<\/a><\/h3>\n\t\t\t\t<div class=\"excerpt\"><p>Isolation and characterization of allelopathic compounds by column chromatography and fraction collector LAMBDA OMNICOLL Isolation, structural elucidation and chemical synthesis of allelopathic compounds from plants, fungi, and other microorganisms are a very labor-exhausting and time-consuming studies. However, the identification of highly potent biological structures (used as natural herbicides, medicaments, antioxidants, etc.) is worth the time [&hellip;]<\/p>\n<\/div>\n\t\t\t\t\t\t\t\t\t\t\t<\/article>\n\t\t\t\t\t\t<\/div>\n\n\t\n<\/div><div id=\"panel-4950-2-0-1\" class=\"so-panel widget widget_black-studio-tinymce widget_black_studio_tinymce panel-last-child\" data-index=\"3\" ><div class=\"textwidget\"><\/div><\/div><\/div><\/div><div id=\"pg-4950-3\"  class=\"panel-grid panel-no-style\"  style=\"margin-bottom: 50px\" ><div id=\"pgc-4950-3-0\"  class=\"panel-grid-cell\" ><div id=\"panel-4950-3-0-0\" class=\"so-panel widget widget_black-studio-tinymce widget_black_studio_tinymce panel-first-child panel-last-child\" data-index=\"4\" ><div class=\"textwidget\"><h2>Applications of fraction collectors<\/h2>\n<p>LAMBDA OMNICOLL fraction collectors are used for all types of chromatographic techniques such as<\/p>\n<ul>\n<li>normal or low pressure chromatography (LPLC),<\/li>\n<li>medium pressure chromatography (MPLC),<\/li>\n<li>fast protein liquid chromatography (FPLC),<\/li>\n<li>high pressure or high performance liquid chromatography (HPLC),<\/li>\n<li>ion chromatography (IC),<\/li>\n<li>multicolumn countercurrent solvent gradient purification (MCSGP).<\/li>\n<\/ul>\n<h2>Applications of autosampler<\/h2>\n<p>When connected to pumps, LAMBDA OMNICOLL units function as autosamplers for automatic sampling of water or samples during chemical and biochemical processes. The autosamplers are also used for automatic liquid handling or dispensing during cell culture, fermentations and chemical reactions.<\/p>\n<\/div><\/div><\/div><\/div><\/div>","protected":false},"excerpt":{"rendered":"<p>APPLICATIONS OF LAMBDA OMNICOLL AUTOMATIC FRACTION COLLECTORS &amp; AUTOSAMPLERS Biochemists, chemists and other researchers in R&amp;D have extensively documented the various applications of LAMBDA OMNICOLL fraction collectors and autosamplers. To explore these scientific works in detail, refer to the collection of publications, please. Here, you&#8217;ll find a curated selection of applications for fraction collectors and [&hellip;]<\/p>\n","protected":false},"author":2,"featured_media":4951,"parent":0,"menu_order":0,"comment_status":"closed","ping_status":"closed","template":"","meta":{"footnotes":""},"class_list":["post-4950","page","type-page","status-publish","has-post-thumbnail","hentry","post","post-with-thumbnail","post-with-thumbnail-icon"],"yoast_head":"<!-- This site is optimized with the Yoast SEO plugin v27.5 - https:\/\/yoast.com\/product\/yoast-seo-wordpress\/ -->\n<title>Aplicaciones de los colectores de fracciones y automuestreadores &#8211; LAMBDA OMNICOLL | LAMBDA Laboratory Instruments<\/title>\n<meta name=\"description\" content=\"Descubra varias aplicaciones de los colectores de fracciones\/automuestreadores LAMBDA OMNICOLL en LC, purificaci\u00f3n de prote\u00ednas y manipulaci\u00f3n automatizada de l\u00edquidos.\" \/>\n<meta name=\"robots\" content=\"index, follow, max-snippet:-1, max-image-preview:large, max-video-preview:-1\" \/>\n<link rel=\"canonical\" href=\"https:\/\/www.fractioncollector.info\/es\/aplicaciones-de-los-colectores-de-fracciones-y-automuestreadores\/\" \/>\n<meta property=\"og:locale\" content=\"es_ES\" \/>\n<meta property=\"og:type\" content=\"article\" \/>\n<meta property=\"og:title\" content=\"Aplicaciones de los colectores de fracciones y automuestreadores &#8211; LAMBDA OMNICOLL | LAMBDA Laboratory Instruments\" \/>\n<meta property=\"og:description\" content=\"Descubra varias aplicaciones de los colectores de fracciones\/automuestreadores LAMBDA OMNICOLL en LC, purificaci\u00f3n de prote\u00ednas y manipulaci\u00f3n automatizada de l\u00edquidos.\" \/>\n<meta property=\"og:url\" content=\"https:\/\/www.fractioncollector.info\/es\/aplicaciones-de-los-colectores-de-fracciones-y-automuestreadores\/\" \/>\n<meta property=\"og:site_name\" content=\"LAMBDA OMNICOLL | LAMBDA Laboratory Instruments\" \/>\n<meta property=\"article:publisher\" content=\"https:\/\/www.facebook.com\/LambdaLaboratoryInstrumentsCzSro\/\" \/>\n<meta property=\"article:modified_time\" content=\"2026-04-28T16:55:22+00:00\" \/>\n<meta property=\"og:image\" content=\"https:\/\/www.fractioncollector.info\/wp-content\/uploads\/Omnicoll-fraction-collector-for-isolation-of-allelopathic-chemicals-from-crude-extracts.jpg\" \/>\n\t<meta property=\"og:image:width\" content=\"600\" \/>\n\t<meta property=\"og:image:height\" content=\"800\" \/>\n\t<meta property=\"og:image:type\" content=\"image\/jpeg\" \/>\n<meta name=\"twitter:card\" content=\"summary_large_image\" \/>\n<meta name=\"twitter:site\" content=\"@LAMBDA_Labinstr\" \/>\n<meta name=\"twitter:label1\" content=\"Tiempo de lectura\" \/>\n\t<meta name=\"twitter:data1\" content=\"1 minuto\" \/>\n<script type=\"application\/ld+json\" class=\"yoast-schema-graph\">{\"@context\":\"https:\\\/\\\/schema.org\",\"@graph\":[{\"@type\":\"WebPage\",\"@id\":\"https:\\\/\\\/www.fractioncollector.info\\\/es\\\/aplicaciones-de-los-colectores-de-fracciones-y-automuestreadores\\\/\",\"url\":\"https:\\\/\\\/www.fractioncollector.info\\\/es\\\/aplicaciones-de-los-colectores-de-fracciones-y-automuestreadores\\\/\",\"name\":\"Aplicaciones de los colectores de fracciones y automuestreadores &#8211; LAMBDA OMNICOLL | LAMBDA Laboratory Instruments\",\"isPartOf\":{\"@id\":\"https:\\\/\\\/www.fractioncollector.info\\\/es\\\/#website\"},\"primaryImageOfPage\":{\"@id\":\"https:\\\/\\\/www.fractioncollector.info\\\/es\\\/aplicaciones-de-los-colectores-de-fracciones-y-automuestreadores\\\/#primaryimage\"},\"image\":{\"@id\":\"https:\\\/\\\/www.fractioncollector.info\\\/es\\\/aplicaciones-de-los-colectores-de-fracciones-y-automuestreadores\\\/#primaryimage\"},\"thumbnailUrl\":\"https:\\\/\\\/www.fractioncollector.info\\\/wp-content\\\/uploads\\\/Omnicoll-fraction-collector-for-isolation-of-allelopathic-chemicals-from-crude-extracts.jpg\",\"datePublished\":\"2018-01-11T08:45:47+00:00\",\"dateModified\":\"2026-04-28T16:55:22+00:00\",\"description\":\"Descubra varias aplicaciones de los colectores de fracciones\\\/automuestreadores LAMBDA OMNICOLL en LC, purificaci\u00f3n de prote\u00ednas y manipulaci\u00f3n automatizada de l\u00edquidos.\",\"breadcrumb\":{\"@id\":\"https:\\\/\\\/www.fractioncollector.info\\\/es\\\/aplicaciones-de-los-colectores-de-fracciones-y-automuestreadores\\\/#breadcrumb\"},\"inLanguage\":\"es\",\"potentialAction\":[{\"@type\":\"ReadAction\",\"target\":[\"https:\\\/\\\/www.fractioncollector.info\\\/es\\\/aplicaciones-de-los-colectores-de-fracciones-y-automuestreadores\\\/\"]}]},{\"@type\":\"ImageObject\",\"inLanguage\":\"es\",\"@id\":\"https:\\\/\\\/www.fractioncollector.info\\\/es\\\/aplicaciones-de-los-colectores-de-fracciones-y-automuestreadores\\\/#primaryimage\",\"url\":\"https:\\\/\\\/www.fractioncollector.info\\\/wp-content\\\/uploads\\\/Omnicoll-fraction-collector-for-isolation-of-allelopathic-chemicals-from-crude-extracts.jpg\",\"contentUrl\":\"https:\\\/\\\/www.fractioncollector.info\\\/wp-content\\\/uploads\\\/Omnicoll-fraction-collector-for-isolation-of-allelopathic-chemicals-from-crude-extracts.jpg\",\"width\":600,\"height\":800,\"caption\":\"Aislamiento y purificaci\u00f3n de compuestos alelop\u00e1ticos mediante cromatograf\u00eda en columna con gel de s\u00edlice, recolecci\u00f3n de fracciones en funci\u00f3n del tiempo mediante un colector de fracciones LAMBDA OMNICOLL y cromatograf\u00eda de capa fina (TLC). Los compuestos purificados pueden caracterizarse mediante estudios espectrosc\u00f3picos UV, IR, LC-MS y RMN.\"},{\"@type\":\"BreadcrumbList\",\"@id\":\"https:\\\/\\\/www.fractioncollector.info\\\/es\\\/aplicaciones-de-los-colectores-de-fracciones-y-automuestreadores\\\/#breadcrumb\",\"itemListElement\":[{\"@type\":\"ListItem\",\"position\":1,\"name\":\"Home\",\"item\":\"https:\\\/\\\/www.fractioncollector.info\\\/es\\\/colector-de-fracciones-y-muestreador-lambda-omnicoll\\\/\"},{\"@type\":\"ListItem\",\"position\":2,\"name\":\"Aplicaciones de los colectores de fracciones y automuestreadores\"}]},{\"@type\":\"WebSite\",\"@id\":\"https:\\\/\\\/www.fractioncollector.info\\\/es\\\/#website\",\"url\":\"https:\\\/\\\/www.fractioncollector.info\\\/es\\\/\",\"name\":\"LAMBDA OMNICOLL\",\"description\":\"fraction collector &amp; auto-sampler\",\"publisher\":{\"@id\":\"https:\\\/\\\/www.fractioncollector.info\\\/es\\\/#organization\"},\"potentialAction\":[{\"@type\":\"SearchAction\",\"target\":{\"@type\":\"EntryPoint\",\"urlTemplate\":\"https:\\\/\\\/www.fractioncollector.info\\\/es\\\/?s={search_term_string}\"},\"query-input\":{\"@type\":\"PropertyValueSpecification\",\"valueRequired\":true,\"valueName\":\"search_term_string\"}}],\"inLanguage\":\"es\"},{\"@type\":\"Organization\",\"@id\":\"https:\\\/\\\/www.fractioncollector.info\\\/es\\\/#organization\",\"name\":\"Instrumentos de laboratorio LAMBDA\",\"url\":\"https:\\\/\\\/www.fractioncollector.info\\\/es\\\/\",\"logo\":{\"@type\":\"ImageObject\",\"inLanguage\":\"es\",\"@id\":\"https:\\\/\\\/www.fractioncollector.info\\\/es\\\/#\\\/schema\\\/logo\\\/image\\\/\",\"url\":\"https:\\\/\\\/www.fractioncollector.info\\\/wp-content\\\/uploads\\\/lambda-logo.jpg\",\"contentUrl\":\"https:\\\/\\\/www.fractioncollector.info\\\/wp-content\\\/uploads\\\/lambda-logo.jpg\",\"width\":1599,\"height\":365,\"caption\":\"Instrumentos de laboratorio LAMBDA\"},\"image\":{\"@id\":\"https:\\\/\\\/www.fractioncollector.info\\\/es\\\/#\\\/schema\\\/logo\\\/image\\\/\"},\"sameAs\":[\"https:\\\/\\\/www.facebook.com\\\/LambdaLaboratoryInstrumentsCzSro\\\/\",\"https:\\\/\\\/x.com\\\/LAMBDA_Labinstr\",\"https:\\\/\\\/www.instagram.com\\\/lambdainstruments\\\/\",\"https:\\\/\\\/www.linkedin.com\\\/company\\\/lambda-laboratory-instruments?trk=biz-companies-cym\",\"https:\\\/\\\/www.pinterest.com\\\/lambdacz\\\/\",\"https:\\\/\\\/www.youtube.com\\\/user\\\/LambdaCZ\"]}]}<\/script>\n<!-- \/ Yoast SEO plugin. -->","yoast_head_json":{"title":"Aplicaciones de los colectores de fracciones y automuestreadores &#8211; LAMBDA OMNICOLL | LAMBDA Laboratory Instruments","description":"Descubra varias aplicaciones de los colectores de fracciones\/automuestreadores LAMBDA OMNICOLL en LC, purificaci\u00f3n de prote\u00ednas y manipulaci\u00f3n automatizada de l\u00edquidos.","robots":{"index":"index","follow":"follow","max-snippet":"max-snippet:-1","max-image-preview":"max-image-preview:large","max-video-preview":"max-video-preview:-1"},"canonical":"https:\/\/www.fractioncollector.info\/es\/aplicaciones-de-los-colectores-de-fracciones-y-automuestreadores\/","og_locale":"es_ES","og_type":"article","og_title":"Aplicaciones de los colectores de fracciones y automuestreadores &#8211; LAMBDA OMNICOLL | LAMBDA Laboratory Instruments","og_description":"Descubra varias aplicaciones de los colectores de fracciones\/automuestreadores LAMBDA OMNICOLL en LC, purificaci\u00f3n de prote\u00ednas y manipulaci\u00f3n automatizada de l\u00edquidos.","og_url":"https:\/\/www.fractioncollector.info\/es\/aplicaciones-de-los-colectores-de-fracciones-y-automuestreadores\/","og_site_name":"LAMBDA OMNICOLL | LAMBDA Laboratory Instruments","article_publisher":"https:\/\/www.facebook.com\/LambdaLaboratoryInstrumentsCzSro\/","article_modified_time":"2026-04-28T16:55:22+00:00","og_image":[{"width":600,"height":800,"url":"https:\/\/www.fractioncollector.info\/wp-content\/uploads\/Omnicoll-fraction-collector-for-isolation-of-allelopathic-chemicals-from-crude-extracts.jpg","type":"image\/jpeg"}],"twitter_card":"summary_large_image","twitter_site":"@LAMBDA_Labinstr","twitter_misc":{"Tiempo de lectura":"1 minuto"},"schema":{"@context":"https:\/\/schema.org","@graph":[{"@type":"WebPage","@id":"https:\/\/www.fractioncollector.info\/es\/aplicaciones-de-los-colectores-de-fracciones-y-automuestreadores\/","url":"https:\/\/www.fractioncollector.info\/es\/aplicaciones-de-los-colectores-de-fracciones-y-automuestreadores\/","name":"Aplicaciones de los colectores de fracciones y automuestreadores &#8211; LAMBDA OMNICOLL | LAMBDA Laboratory Instruments","isPartOf":{"@id":"https:\/\/www.fractioncollector.info\/es\/#website"},"primaryImageOfPage":{"@id":"https:\/\/www.fractioncollector.info\/es\/aplicaciones-de-los-colectores-de-fracciones-y-automuestreadores\/#primaryimage"},"image":{"@id":"https:\/\/www.fractioncollector.info\/es\/aplicaciones-de-los-colectores-de-fracciones-y-automuestreadores\/#primaryimage"},"thumbnailUrl":"https:\/\/www.fractioncollector.info\/wp-content\/uploads\/Omnicoll-fraction-collector-for-isolation-of-allelopathic-chemicals-from-crude-extracts.jpg","datePublished":"2018-01-11T08:45:47+00:00","dateModified":"2026-04-28T16:55:22+00:00","description":"Descubra varias aplicaciones de los colectores de fracciones\/automuestreadores LAMBDA OMNICOLL en LC, purificaci\u00f3n de prote\u00ednas y manipulaci\u00f3n automatizada de l\u00edquidos.","breadcrumb":{"@id":"https:\/\/www.fractioncollector.info\/es\/aplicaciones-de-los-colectores-de-fracciones-y-automuestreadores\/#breadcrumb"},"inLanguage":"es","potentialAction":[{"@type":"ReadAction","target":["https:\/\/www.fractioncollector.info\/es\/aplicaciones-de-los-colectores-de-fracciones-y-automuestreadores\/"]}]},{"@type":"ImageObject","inLanguage":"es","@id":"https:\/\/www.fractioncollector.info\/es\/aplicaciones-de-los-colectores-de-fracciones-y-automuestreadores\/#primaryimage","url":"https:\/\/www.fractioncollector.info\/wp-content\/uploads\/Omnicoll-fraction-collector-for-isolation-of-allelopathic-chemicals-from-crude-extracts.jpg","contentUrl":"https:\/\/www.fractioncollector.info\/wp-content\/uploads\/Omnicoll-fraction-collector-for-isolation-of-allelopathic-chemicals-from-crude-extracts.jpg","width":600,"height":800,"caption":"Aislamiento y purificaci\u00f3n de compuestos alelop\u00e1ticos mediante cromatograf\u00eda en columna con gel de s\u00edlice, recolecci\u00f3n de fracciones en funci\u00f3n del tiempo mediante un colector de fracciones LAMBDA OMNICOLL y cromatograf\u00eda de capa fina (TLC). Los compuestos purificados pueden caracterizarse mediante estudios espectrosc\u00f3picos UV, IR, LC-MS y RMN."},{"@type":"BreadcrumbList","@id":"https:\/\/www.fractioncollector.info\/es\/aplicaciones-de-los-colectores-de-fracciones-y-automuestreadores\/#breadcrumb","itemListElement":[{"@type":"ListItem","position":1,"name":"Home","item":"https:\/\/www.fractioncollector.info\/es\/colector-de-fracciones-y-muestreador-lambda-omnicoll\/"},{"@type":"ListItem","position":2,"name":"Aplicaciones de los colectores de fracciones y automuestreadores"}]},{"@type":"WebSite","@id":"https:\/\/www.fractioncollector.info\/es\/#website","url":"https:\/\/www.fractioncollector.info\/es\/","name":"LAMBDA OMNICOLL","description":"fraction collector &amp; auto-sampler","publisher":{"@id":"https:\/\/www.fractioncollector.info\/es\/#organization"},"potentialAction":[{"@type":"SearchAction","target":{"@type":"EntryPoint","urlTemplate":"https:\/\/www.fractioncollector.info\/es\/?s={search_term_string}"},"query-input":{"@type":"PropertyValueSpecification","valueRequired":true,"valueName":"search_term_string"}}],"inLanguage":"es"},{"@type":"Organization","@id":"https:\/\/www.fractioncollector.info\/es\/#organization","name":"Instrumentos de laboratorio LAMBDA","url":"https:\/\/www.fractioncollector.info\/es\/","logo":{"@type":"ImageObject","inLanguage":"es","@id":"https:\/\/www.fractioncollector.info\/es\/#\/schema\/logo\/image\/","url":"https:\/\/www.fractioncollector.info\/wp-content\/uploads\/lambda-logo.jpg","contentUrl":"https:\/\/www.fractioncollector.info\/wp-content\/uploads\/lambda-logo.jpg","width":1599,"height":365,"caption":"Instrumentos de laboratorio LAMBDA"},"image":{"@id":"https:\/\/www.fractioncollector.info\/es\/#\/schema\/logo\/image\/"},"sameAs":["https:\/\/www.facebook.com\/LambdaLaboratoryInstrumentsCzSro\/","https:\/\/x.com\/LAMBDA_Labinstr","https:\/\/www.instagram.com\/lambdainstruments\/","https:\/\/www.linkedin.com\/company\/lambda-laboratory-instruments?trk=biz-companies-cym","https:\/\/www.pinterest.com\/lambdacz\/","https:\/\/www.youtube.com\/user\/LambdaCZ"]}]}},"_links":{"self":[{"href":"https:\/\/www.fractioncollector.info\/es\/wp-json\/wp\/v2\/pages\/4950","targetHints":{"allow":["GET"]}}],"collection":[{"href":"https:\/\/www.fractioncollector.info\/es\/wp-json\/wp\/v2\/pages"}],"about":[{"href":"https:\/\/www.fractioncollector.info\/es\/wp-json\/wp\/v2\/types\/page"}],"author":[{"embeddable":true,"href":"https:\/\/www.fractioncollector.info\/es\/wp-json\/wp\/v2\/users\/2"}],"replies":[{"embeddable":true,"href":"https:\/\/www.fractioncollector.info\/es\/wp-json\/wp\/v2\/comments?post=4950"}],"version-history":[{"count":1,"href":"https:\/\/www.fractioncollector.info\/es\/wp-json\/wp\/v2\/pages\/4950\/revisions"}],"predecessor-version":[{"id":4956,"href":"https:\/\/www.fractioncollector.info\/es\/wp-json\/wp\/v2\/pages\/4950\/revisions\/4956"}],"wp:featuredmedia":[{"embeddable":true,"href":"https:\/\/www.fractioncollector.info\/es\/wp-json\/wp\/v2\/media\/4951"}],"wp:attachment":[{"href":"https:\/\/www.fractioncollector.info\/es\/wp-json\/wp\/v2\/media?parent=4950"}],"curies":[{"name":"wp","href":"https:\/\/api.w.org\/{rel}","templated":true}]}}