{"id":4546,"date":"2018-02-14T16:11:54","date_gmt":"2018-02-14T14:11:54","guid":{"rendered":"https:\/\/www.fractioncollector.info\/faq-questions-frequemment-posees-concernant-les-collecteurs-de-fractions\/compatibilite-de-lomnicoll-avec-les-chambres-froides\/"},"modified":"2026-04-28T18:50:32","modified_gmt":"2026-04-28T16:50:32","slug":"compatibilite-de-lomnicoll-avec-les-chambres-froides","status":"publish","type":"page","link":"https:\/\/www.fractioncollector.info\/fr\/faq-questions-frequemment-posees-concernant-les-collecteurs-de-fractions\/compatibilite-de-lomnicoll-avec-les-chambres-froides\/","title":{"rendered":"Compatibilit\u00e9 de l&rsquo;OMNICOLL avec les chambres froides"},"content":{"rendered":"<div id=\"pl-4546\"  class=\"panel-layout\" ><div id=\"pg-4546-0\"  class=\"panel-grid panel-has-style\"  style=\"margin-bottom: 50px\" ><div class=\"siteorigin-panels-stretch panel-row-style-full-width panel-row-style panel-row-style-for-4546-0\" style=\"padding: 0px 0px 0px 0px;\" data-stretch-type=\"full-width-stretch\" ><div id=\"pgc-4546-0-0\"  class=\"panel-grid-cell\" ><div id=\"panel-4546-0-0-0\" class=\"so-panel widget widget_black-studio-tinymce widget_black_studio_tinymce panel-first-child panel-last-child\" data-index=\"0\" ><div style=\"padding: 50px;\" class=\"panel-widget-style panel-widget-style-for-4546-0-0-0\" ><div class=\"textwidget\"><h1 style=\"color: white; text-align: center; font-size: 35px; text-shadow: 1px 1px #000000; line-height: 100%;\">FAQ - FREQUENTLY ASKED QUESTIONS<\/h1>\n<h2 style=\"color: white; text-align: center; text-shadow: 1px 1px #000000;\">Cold room compatibility of OMNICOLL fraction collector<\/h2>\n<\/div><\/div><\/div><\/div><\/div><\/div><div id=\"pg-4546-1\"  class=\"panel-grid panel-has-style\"  style=\"margin-bottom: 50px\" ><div class=\"siteorigin-panels-stretch panel-row-style-full-width panel-row-style panel-row-style-for-4546-1\" data-stretch-type=\"full\" ><div id=\"pgc-4546-1-0\"  class=\"panel-grid-cell\" ><div id=\"panel-4546-1-0-0\" class=\"so-panel widget widget_black-studio-tinymce widget_black_studio_tinymce panel-first-child\" data-index=\"1\" style=\"margin-bottom: 50px\" ><div class=\"textwidget\"><h1 class=\"widget-title\">FAQ: Cold room compatibility of OMNICOLL<\/h1>\n<p>Frequently asked questions about compatibility of\u00a0 OMNICOLL fraction collector in handling temperature sensitive fractions inside cold room.<\/p>\n<p>\u00a0<\/p>\n<\/div><\/div><div id=\"panel-4546-1-0-1\" class=\"so-panel widget widget_black-studio-tinymce widget_black_studio_tinymce panel-last-child\" data-index=\"2\" ><h3 class=\"widget-title\">Cooling of samples \/ fractions<\/h3><div class=\"textwidget\"><blockquote>\n<h4>Can the samples taken be cooled in the fraction collector?<\/h4>\n<\/blockquote>\n<p>Yes, the container side of the fraction collector LAMBDA OMNICOLL can also be placed in a thermostatic water bath or on ice.<\/p>\n<\/div><\/div><\/div><\/div><\/div><\/div>","protected":false},"excerpt":{"rendered":"<p>FAQ &#8211; FREQUENTLY ASKED QUESTIONS Cold room compatibility of OMNICOLL fraction collector FAQ: Cold room compatibility of OMNICOLLFrequently asked questions about compatibility of\u00a0 OMNICOLL fraction collector in handling temperature sensitive fractions inside cold room.\u00a0 Can the samples taken be cooled in the fraction collector? Yes, the container side of the fraction collector LAMBDA OMNICOLL can [&hellip;]<\/p>\n","protected":false},"author":2,"featured_media":4376,"parent":4374,"menu_order":7,"comment_status":"closed","ping_status":"closed","template":"","meta":{"footnotes":""},"class_list":["post-4546","page","type-page","status-publish","has-post-thumbnail","hentry","post","post-with-thumbnail","post-with-thumbnail-icon"],"yoast_head":"<!-- This site is optimized with the Yoast SEO plugin v27.6 - https:\/\/yoast.com\/product\/yoast-seo-wordpress\/ -->\n<title>Compatibilit\u00e9 de l&#039;OMNICOLL avec les chambres froides &#8211; LAMBDA OMNICOLL | LAMBDA Laboratory Instruments<\/title>\n<meta name=\"description\" content=\"Questions fr\u00e9quemment pos\u00e9es sur la compatibilit\u00e9 du collecteur de fractions et de l&#039;\u00e9chantillonneur automatique OMNICOLL dans la manipulation de fractions thermosensibles \u00e0 l&#039;int\u00e9rieur d&#039;une chambre froide.\" \/>\n<meta name=\"robots\" content=\"index, follow, max-snippet:-1, max-image-preview:large, max-video-preview:-1\" \/>\n<link rel=\"canonical\" href=\"https:\/\/www.fractioncollector.info\/fr\/faq-questions-frequemment-posees-concernant-les-collecteurs-de-fractions\/compatibilite-de-lomnicoll-avec-les-chambres-froides\/\" \/>\n<meta property=\"og:locale\" content=\"fr_FR\" \/>\n<meta property=\"og:type\" content=\"article\" \/>\n<meta property=\"og:title\" content=\"Compatibilit\u00e9 de l&#039;OMNICOLL avec les chambres froides &#8211; LAMBDA OMNICOLL | LAMBDA Laboratory Instruments\" \/>\n<meta property=\"og:description\" content=\"Questions fr\u00e9quemment pos\u00e9es sur la compatibilit\u00e9 du collecteur de fractions et de l&#039;\u00e9chantillonneur automatique OMNICOLL dans la manipulation de fractions thermosensibles \u00e0 l&#039;int\u00e9rieur d&#039;une chambre froide.\" \/>\n<meta property=\"og:url\" content=\"https:\/\/www.fractioncollector.info\/fr\/faq-questions-frequemment-posees-concernant-les-collecteurs-de-fractions\/compatibilite-de-lomnicoll-avec-les-chambres-froides\/\" \/>\n<meta property=\"og:site_name\" content=\"LAMBDA OMNICOLL | LAMBDA Laboratory Instruments\" \/>\n<meta property=\"article:publisher\" content=\"https:\/\/www.facebook.com\/LambdaLaboratoryInstrumentsCzSro\/\" \/>\n<meta property=\"article:modified_time\" content=\"2026-04-28T16:50:32+00:00\" \/>\n<meta property=\"og:image\" content=\"https:\/\/www.fractioncollector.info\/wp-content\/uploads\/OMNICOLL-fraction-collector-with-the-COM-box-1229x1024.jpg\" \/>\n\t<meta property=\"og:image:width\" content=\"1229\" \/>\n\t<meta property=\"og:image:height\" content=\"1024\" \/>\n\t<meta property=\"og:image:type\" content=\"image\/jpeg\" \/>\n<meta name=\"twitter:card\" content=\"summary_large_image\" \/>\n<meta name=\"twitter:site\" content=\"@LAMBDA_Labinstr\" \/>\n<script type=\"application\/ld+json\" class=\"yoast-schema-graph\">{\"@context\":\"https:\\\/\\\/schema.org\",\"@graph\":[{\"@type\":\"WebPage\",\"@id\":\"https:\\\/\\\/www.fractioncollector.info\\\/fr\\\/faq-questions-frequemment-posees-concernant-les-collecteurs-de-fractions\\\/compatibilite-de-lomnicoll-avec-les-chambres-froides\\\/\",\"url\":\"https:\\\/\\\/www.fractioncollector.info\\\/fr\\\/faq-questions-frequemment-posees-concernant-les-collecteurs-de-fractions\\\/compatibilite-de-lomnicoll-avec-les-chambres-froides\\\/\",\"name\":\"Compatibilit\u00e9 de l'OMNICOLL avec les chambres froides &#8211; LAMBDA OMNICOLL | LAMBDA Laboratory Instruments\",\"isPartOf\":{\"@id\":\"https:\\\/\\\/www.fractioncollector.info\\\/fr\\\/#website\"},\"primaryImageOfPage\":{\"@id\":\"https:\\\/\\\/www.fractioncollector.info\\\/fr\\\/faq-questions-frequemment-posees-concernant-les-collecteurs-de-fractions\\\/compatibilite-de-lomnicoll-avec-les-chambres-froides\\\/#primaryimage\"},\"image\":{\"@id\":\"https:\\\/\\\/www.fractioncollector.info\\\/fr\\\/faq-questions-frequemment-posees-concernant-les-collecteurs-de-fractions\\\/compatibilite-de-lomnicoll-avec-les-chambres-froides\\\/#primaryimage\"},\"thumbnailUrl\":\"https:\\\/\\\/www.fractioncollector.info\\\/wp-content\\\/uploads\\\/OMNICOLL-fraction-collector-with-the-COM-box.jpg\",\"datePublished\":\"2018-02-14T14:11:54+00:00\",\"dateModified\":\"2026-04-28T16:50:32+00:00\",\"description\":\"Questions fr\u00e9quemment pos\u00e9es sur la compatibilit\u00e9 du collecteur de fractions et de l'\u00e9chantillonneur automatique OMNICOLL dans la manipulation de fractions thermosensibles \u00e0 l'int\u00e9rieur d'une chambre froide.\",\"breadcrumb\":{\"@id\":\"https:\\\/\\\/www.fractioncollector.info\\\/fr\\\/faq-questions-frequemment-posees-concernant-les-collecteurs-de-fractions\\\/compatibilite-de-lomnicoll-avec-les-chambres-froides\\\/#breadcrumb\"},\"inLanguage\":\"fr-FR\",\"potentialAction\":[{\"@type\":\"ReadAction\",\"target\":[\"https:\\\/\\\/www.fractioncollector.info\\\/fr\\\/faq-questions-frequemment-posees-concernant-les-collecteurs-de-fractions\\\/compatibilite-de-lomnicoll-avec-les-chambres-froides\\\/\"]}]},{\"@type\":\"ImageObject\",\"inLanguage\":\"fr-FR\",\"@id\":\"https:\\\/\\\/www.fractioncollector.info\\\/fr\\\/faq-questions-frequemment-posees-concernant-les-collecteurs-de-fractions\\\/compatibilite-de-lomnicoll-avec-les-chambres-froides\\\/#primaryimage\",\"url\":\"https:\\\/\\\/www.fractioncollector.info\\\/wp-content\\\/uploads\\\/OMNICOLL-fraction-collector-with-the-COM-box.jpg\",\"contentUrl\":\"https:\\\/\\\/www.fractioncollector.info\\\/wp-content\\\/uploads\\\/OMNICOLL-fraction-collector-with-the-COM-box.jpg\",\"width\":2924,\"height\":2436},{\"@type\":\"BreadcrumbList\",\"@id\":\"https:\\\/\\\/www.fractioncollector.info\\\/fr\\\/faq-questions-frequemment-posees-concernant-les-collecteurs-de-fractions\\\/compatibilite-de-lomnicoll-avec-les-chambres-froides\\\/#breadcrumb\",\"itemListElement\":[{\"@type\":\"ListItem\",\"position\":1,\"name\":\"Home\",\"item\":\"https:\\\/\\\/www.fractioncollector.info\\\/fr\\\/collecteur-de-fractions-et-echantillonneur-lambda-omnicoll\\\/\"},{\"@type\":\"ListItem\",\"position\":2,\"name\":\"FAQ &#8211; Questions fr\u00e9quemment pos\u00e9es concernant les collecteurs de fractions\",\"item\":\"https:\\\/\\\/www.fractioncollector.info\\\/fr\\\/faq-questions-frequemment-posees-concernant-les-collecteurs-de-fractions\\\/\"},{\"@type\":\"ListItem\",\"position\":3,\"name\":\"Compatibilit\u00e9 de l&rsquo;OMNICOLL avec les chambres froides\"}]},{\"@type\":\"WebSite\",\"@id\":\"https:\\\/\\\/www.fractioncollector.info\\\/fr\\\/#website\",\"url\":\"https:\\\/\\\/www.fractioncollector.info\\\/fr\\\/\",\"name\":\"LAMBDA OMNICOLL\",\"description\":\"fraction collector &amp; auto-sampler\",\"publisher\":{\"@id\":\"https:\\\/\\\/www.fractioncollector.info\\\/fr\\\/#organization\"},\"potentialAction\":[{\"@type\":\"SearchAction\",\"target\":{\"@type\":\"EntryPoint\",\"urlTemplate\":\"https:\\\/\\\/www.fractioncollector.info\\\/fr\\\/?s={search_term_string}\"},\"query-input\":{\"@type\":\"PropertyValueSpecification\",\"valueRequired\":true,\"valueName\":\"search_term_string\"}}],\"inLanguage\":\"fr-FR\"},{\"@type\":\"Organization\",\"@id\":\"https:\\\/\\\/www.fractioncollector.info\\\/fr\\\/#organization\",\"name\":\"Instruments de laboratoire LAMBDA\",\"url\":\"https:\\\/\\\/www.fractioncollector.info\\\/fr\\\/\",\"logo\":{\"@type\":\"ImageObject\",\"inLanguage\":\"fr-FR\",\"@id\":\"https:\\\/\\\/www.fractioncollector.info\\\/fr\\\/#\\\/schema\\\/logo\\\/image\\\/\",\"url\":\"https:\\\/\\\/www.fractioncollector.info\\\/wp-content\\\/uploads\\\/lambda-logo.jpg\",\"contentUrl\":\"https:\\\/\\\/www.fractioncollector.info\\\/wp-content\\\/uploads\\\/lambda-logo.jpg\",\"width\":1599,\"height\":365,\"caption\":\"Instruments de laboratoire LAMBDA\"},\"image\":{\"@id\":\"https:\\\/\\\/www.fractioncollector.info\\\/fr\\\/#\\\/schema\\\/logo\\\/image\\\/\"},\"sameAs\":[\"https:\\\/\\\/www.facebook.com\\\/LambdaLaboratoryInstrumentsCzSro\\\/\",\"https:\\\/\\\/x.com\\\/LAMBDA_Labinstr\",\"https:\\\/\\\/www.instagram.com\\\/lambdainstruments\\\/\",\"https:\\\/\\\/www.linkedin.com\\\/company\\\/lambda-laboratory-instruments?trk=biz-companies-cym\",\"https:\\\/\\\/www.pinterest.com\\\/lambdacz\\\/\",\"https:\\\/\\\/www.youtube.com\\\/user\\\/LambdaCZ\"]}]}<\/script>\n<!-- \/ Yoast SEO plugin. -->","yoast_head_json":{"title":"Compatibilit\u00e9 de l'OMNICOLL avec les chambres froides &#8211; LAMBDA OMNICOLL | LAMBDA Laboratory Instruments","description":"Questions fr\u00e9quemment pos\u00e9es sur la compatibilit\u00e9 du collecteur de fractions et de l'\u00e9chantillonneur automatique OMNICOLL dans la manipulation de fractions thermosensibles \u00e0 l'int\u00e9rieur d'une chambre froide.","robots":{"index":"index","follow":"follow","max-snippet":"max-snippet:-1","max-image-preview":"max-image-preview:large","max-video-preview":"max-video-preview:-1"},"canonical":"https:\/\/www.fractioncollector.info\/fr\/faq-questions-frequemment-posees-concernant-les-collecteurs-de-fractions\/compatibilite-de-lomnicoll-avec-les-chambres-froides\/","og_locale":"fr_FR","og_type":"article","og_title":"Compatibilit\u00e9 de l'OMNICOLL avec les chambres froides &#8211; LAMBDA OMNICOLL | LAMBDA Laboratory Instruments","og_description":"Questions fr\u00e9quemment pos\u00e9es sur la compatibilit\u00e9 du collecteur de fractions et de l'\u00e9chantillonneur automatique OMNICOLL dans la manipulation de fractions thermosensibles \u00e0 l'int\u00e9rieur d'une chambre froide.","og_url":"https:\/\/www.fractioncollector.info\/fr\/faq-questions-frequemment-posees-concernant-les-collecteurs-de-fractions\/compatibilite-de-lomnicoll-avec-les-chambres-froides\/","og_site_name":"LAMBDA OMNICOLL | LAMBDA Laboratory Instruments","article_publisher":"https:\/\/www.facebook.com\/LambdaLaboratoryInstrumentsCzSro\/","article_modified_time":"2026-04-28T16:50:32+00:00","og_image":[{"width":1229,"height":1024,"url":"https:\/\/www.fractioncollector.info\/wp-content\/uploads\/OMNICOLL-fraction-collector-with-the-COM-box-1229x1024.jpg","type":"image\/jpeg"}],"twitter_card":"summary_large_image","twitter_site":"@LAMBDA_Labinstr","schema":{"@context":"https:\/\/schema.org","@graph":[{"@type":"WebPage","@id":"https:\/\/www.fractioncollector.info\/fr\/faq-questions-frequemment-posees-concernant-les-collecteurs-de-fractions\/compatibilite-de-lomnicoll-avec-les-chambres-froides\/","url":"https:\/\/www.fractioncollector.info\/fr\/faq-questions-frequemment-posees-concernant-les-collecteurs-de-fractions\/compatibilite-de-lomnicoll-avec-les-chambres-froides\/","name":"Compatibilit\u00e9 de l'OMNICOLL avec les chambres froides &#8211; LAMBDA OMNICOLL | LAMBDA Laboratory Instruments","isPartOf":{"@id":"https:\/\/www.fractioncollector.info\/fr\/#website"},"primaryImageOfPage":{"@id":"https:\/\/www.fractioncollector.info\/fr\/faq-questions-frequemment-posees-concernant-les-collecteurs-de-fractions\/compatibilite-de-lomnicoll-avec-les-chambres-froides\/#primaryimage"},"image":{"@id":"https:\/\/www.fractioncollector.info\/fr\/faq-questions-frequemment-posees-concernant-les-collecteurs-de-fractions\/compatibilite-de-lomnicoll-avec-les-chambres-froides\/#primaryimage"},"thumbnailUrl":"https:\/\/www.fractioncollector.info\/wp-content\/uploads\/OMNICOLL-fraction-collector-with-the-COM-box.jpg","datePublished":"2018-02-14T14:11:54+00:00","dateModified":"2026-04-28T16:50:32+00:00","description":"Questions fr\u00e9quemment pos\u00e9es sur la compatibilit\u00e9 du collecteur de fractions et de l'\u00e9chantillonneur automatique OMNICOLL dans la manipulation de fractions thermosensibles \u00e0 l'int\u00e9rieur d'une chambre froide.","breadcrumb":{"@id":"https:\/\/www.fractioncollector.info\/fr\/faq-questions-frequemment-posees-concernant-les-collecteurs-de-fractions\/compatibilite-de-lomnicoll-avec-les-chambres-froides\/#breadcrumb"},"inLanguage":"fr-FR","potentialAction":[{"@type":"ReadAction","target":["https:\/\/www.fractioncollector.info\/fr\/faq-questions-frequemment-posees-concernant-les-collecteurs-de-fractions\/compatibilite-de-lomnicoll-avec-les-chambres-froides\/"]}]},{"@type":"ImageObject","inLanguage":"fr-FR","@id":"https:\/\/www.fractioncollector.info\/fr\/faq-questions-frequemment-posees-concernant-les-collecteurs-de-fractions\/compatibilite-de-lomnicoll-avec-les-chambres-froides\/#primaryimage","url":"https:\/\/www.fractioncollector.info\/wp-content\/uploads\/OMNICOLL-fraction-collector-with-the-COM-box.jpg","contentUrl":"https:\/\/www.fractioncollector.info\/wp-content\/uploads\/OMNICOLL-fraction-collector-with-the-COM-box.jpg","width":2924,"height":2436},{"@type":"BreadcrumbList","@id":"https:\/\/www.fractioncollector.info\/fr\/faq-questions-frequemment-posees-concernant-les-collecteurs-de-fractions\/compatibilite-de-lomnicoll-avec-les-chambres-froides\/#breadcrumb","itemListElement":[{"@type":"ListItem","position":1,"name":"Home","item":"https:\/\/www.fractioncollector.info\/fr\/collecteur-de-fractions-et-echantillonneur-lambda-omnicoll\/"},{"@type":"ListItem","position":2,"name":"FAQ &#8211; Questions fr\u00e9quemment pos\u00e9es concernant les collecteurs de fractions","item":"https:\/\/www.fractioncollector.info\/fr\/faq-questions-frequemment-posees-concernant-les-collecteurs-de-fractions\/"},{"@type":"ListItem","position":3,"name":"Compatibilit\u00e9 de l&rsquo;OMNICOLL avec les chambres froides"}]},{"@type":"WebSite","@id":"https:\/\/www.fractioncollector.info\/fr\/#website","url":"https:\/\/www.fractioncollector.info\/fr\/","name":"LAMBDA OMNICOLL","description":"fraction collector &amp; auto-sampler","publisher":{"@id":"https:\/\/www.fractioncollector.info\/fr\/#organization"},"potentialAction":[{"@type":"SearchAction","target":{"@type":"EntryPoint","urlTemplate":"https:\/\/www.fractioncollector.info\/fr\/?s={search_term_string}"},"query-input":{"@type":"PropertyValueSpecification","valueRequired":true,"valueName":"search_term_string"}}],"inLanguage":"fr-FR"},{"@type":"Organization","@id":"https:\/\/www.fractioncollector.info\/fr\/#organization","name":"Instruments de laboratoire LAMBDA","url":"https:\/\/www.fractioncollector.info\/fr\/","logo":{"@type":"ImageObject","inLanguage":"fr-FR","@id":"https:\/\/www.fractioncollector.info\/fr\/#\/schema\/logo\/image\/","url":"https:\/\/www.fractioncollector.info\/wp-content\/uploads\/lambda-logo.jpg","contentUrl":"https:\/\/www.fractioncollector.info\/wp-content\/uploads\/lambda-logo.jpg","width":1599,"height":365,"caption":"Instruments de laboratoire LAMBDA"},"image":{"@id":"https:\/\/www.fractioncollector.info\/fr\/#\/schema\/logo\/image\/"},"sameAs":["https:\/\/www.facebook.com\/LambdaLaboratoryInstrumentsCzSro\/","https:\/\/x.com\/LAMBDA_Labinstr","https:\/\/www.instagram.com\/lambdainstruments\/","https:\/\/www.linkedin.com\/company\/lambda-laboratory-instruments?trk=biz-companies-cym","https:\/\/www.pinterest.com\/lambdacz\/","https:\/\/www.youtube.com\/user\/LambdaCZ"]}]}},"_links":{"self":[{"href":"https:\/\/www.fractioncollector.info\/fr\/wp-json\/wp\/v2\/pages\/4546","targetHints":{"allow":["GET"]}}],"collection":[{"href":"https:\/\/www.fractioncollector.info\/fr\/wp-json\/wp\/v2\/pages"}],"about":[{"href":"https:\/\/www.fractioncollector.info\/fr\/wp-json\/wp\/v2\/types\/page"}],"author":[{"embeddable":true,"href":"https:\/\/www.fractioncollector.info\/fr\/wp-json\/wp\/v2\/users\/2"}],"replies":[{"embeddable":true,"href":"https:\/\/www.fractioncollector.info\/fr\/wp-json\/wp\/v2\/comments?post=4546"}],"version-history":[{"count":1,"href":"https:\/\/www.fractioncollector.info\/fr\/wp-json\/wp\/v2\/pages\/4546\/revisions"}],"predecessor-version":[{"id":4547,"href":"https:\/\/www.fractioncollector.info\/fr\/wp-json\/wp\/v2\/pages\/4546\/revisions\/4547"}],"up":[{"embeddable":true,"href":"https:\/\/www.fractioncollector.info\/fr\/wp-json\/wp\/v2\/pages\/4374"}],"wp:featuredmedia":[{"embeddable":true,"href":"https:\/\/www.fractioncollector.info\/fr\/wp-json\/wp\/v2\/media\/4376"}],"wp:attachment":[{"href":"https:\/\/www.fractioncollector.info\/fr\/wp-json\/wp\/v2\/media?parent=4546"}],"curies":[{"name":"wp","href":"https:\/\/api.w.org\/{rel}","templated":true}]}}