{"id":4548,"date":"2018-02-14T16:18:19","date_gmt":"2018-02-14T14:18:19","guid":{"rendered":"https:\/\/www.fractioncollector.info\/faq-questions-frequemment-posees-concernant-les-collecteurs-de-fractions\/integration-dun-collecteur-de-fractions-a-un-bioreacteur\/"},"modified":"2026-04-28T18:50:33","modified_gmt":"2026-04-28T16:50:33","slug":"integration-dun-collecteur-de-fractions-a-un-bioreacteur","status":"publish","type":"page","link":"https:\/\/www.fractioncollector.info\/fr\/faq-questions-frequemment-posees-concernant-les-collecteurs-de-fractions\/integration-dun-collecteur-de-fractions-a-un-bioreacteur\/","title":{"rendered":"Int\u00e9gration d\u2019un collecteur de fractions \u00e0 un bior\u00e9acteur"},"content":{"rendered":"<div id=\"pl-4548\"  class=\"panel-layout\" ><div id=\"pg-4548-0\"  class=\"panel-grid panel-has-style\"  style=\"margin-bottom: 50px\" ><div class=\"siteorigin-panels-stretch panel-row-style-full-width panel-row-style panel-row-style-for-4548-0\" style=\"padding: 0px 0px 0px 0px;\" data-stretch-type=\"full-width-stretch\" ><div id=\"pgc-4548-0-0\"  class=\"panel-grid-cell\" ><div id=\"panel-4548-0-0-0\" class=\"so-panel widget widget_black-studio-tinymce widget_black_studio_tinymce panel-first-child panel-last-child\" data-index=\"0\" ><div style=\"padding: 50px;\" class=\"panel-widget-style panel-widget-style-for-4548-0-0-0\" ><div class=\"textwidget\"><h1 style=\"color: white; text-align: center; font-size: 35px; text-shadow: 1px 1px #000000; line-height: 100%;\">FAQ - FREQUENTLY ASKED QUESTIONS<\/h1>\n<h2 style=\"color: white; text-align: center; text-shadow: 1px 1px #000000;\">Integrating OMNICOLL fraction collector with bioreactor<\/h2>\n<\/div><\/div><\/div><\/div><\/div><\/div><div id=\"pg-4548-1\"  class=\"panel-grid panel-has-style\"  style=\"margin-bottom: 50px\" ><div class=\"siteorigin-panels-stretch panel-row-style-full-width panel-row-style panel-row-style-for-4548-1\" data-stretch-type=\"full\" ><div id=\"pgc-4548-1-0\"  class=\"panel-grid-cell\" ><div id=\"panel-4548-1-0-0\" class=\"so-panel widget widget_black-studio-tinymce widget_black_studio_tinymce panel-first-child\" data-index=\"1\" style=\"margin-bottom: 50px\" ><div class=\"textwidget\"><h1 class=\"widget-title\">FAQ: Integrating fraction collector with bioreactor<\/h1>\n<p>Frequently asked questions about\u00a0integrating OMNICOLL fraction collector and autosampler with third-party fermenter and bioreactor for automated sample collection.<\/p>\n<p>\u00a0<\/p>\n<\/div><\/div><div id=\"panel-4548-1-0-1\" class=\"so-panel widget widget_black-studio-tinymce widget_black_studio_tinymce panel-last-child\" data-index=\"2\" ><div class=\"textwidget\"><blockquote>\n<h4 id=\"peristaltic-pump-controlled-fraction-collection\"><span style=\"color: #60351d;\"><strong>Can the fractionator work with the dasgip bioreactor system?<\/strong><\/span><\/h4>\n<\/blockquote>\n<p>OMNICOLL\u00a0fraction\u00a0collector\u00a0can be used with <strong>any third-party bioreactor systems on the market<\/strong>. We would need to know the <strong>type of signal <\/strong>sent from the bioreactor to <strong>start the sample\u00a0collection<\/strong> and to <strong>move to the next fractionation position<\/strong>.<\/p>\n<\/div><\/div><\/div><\/div><\/div><\/div>","protected":false},"excerpt":{"rendered":"<p>FAQ &#8211; FREQUENTLY ASKED QUESTIONS Integrating OMNICOLL fraction collector with bioreactor FAQ: Integrating fraction collector with bioreactorFrequently asked questions about\u00a0integrating OMNICOLL fraction collector and autosampler with third-party fermenter and bioreactor for automated sample collection.\u00a0 Can the fractionator work with the dasgip bioreactor system?OMNICOLL\u00a0fraction\u00a0collector\u00a0can be used with any third-party bioreactor systems on the market. We would [&hellip;]<\/p>\n","protected":false},"author":2,"featured_media":4378,"parent":4374,"menu_order":8,"comment_status":"closed","ping_status":"closed","template":"","meta":{"footnotes":""},"class_list":["post-4548","page","type-page","status-publish","has-post-thumbnail","hentry","post","post-with-thumbnail","post-with-thumbnail-icon"],"yoast_head":"<!-- This site is optimized with the Yoast SEO plugin v27.5 - https:\/\/yoast.com\/product\/yoast-seo-wordpress\/ -->\n<title>Int\u00e9gration d\u2019un collecteur de fractions \u00e0 un bior\u00e9acteur &#8211; LAMBDA OMNICOLL | LAMBDA Laboratory Instruments<\/title>\n<meta name=\"description\" content=\"Questions fr\u00e9quemment pos\u00e9es sur l\u2019int\u00e9gration du collecteur de fractions et de l\u2019\u00e9chantillonneur automatique OMNICOLL \u00e0 un fermenteur et un bior\u00e9acteur tiers pour le pr\u00e9l\u00e8vement automatis\u00e9 d\u2019\u00e9chantillons.\" \/>\n<meta name=\"robots\" content=\"index, follow, max-snippet:-1, max-image-preview:large, max-video-preview:-1\" \/>\n<link rel=\"canonical\" href=\"https:\/\/www.fractioncollector.info\/fr\/faq-questions-frequemment-posees-concernant-les-collecteurs-de-fractions\/integration-dun-collecteur-de-fractions-a-un-bioreacteur\/\" \/>\n<meta property=\"og:locale\" content=\"fr_FR\" \/>\n<meta property=\"og:type\" content=\"article\" \/>\n<meta property=\"og:title\" content=\"Int\u00e9gration d\u2019un collecteur de fractions \u00e0 un bior\u00e9acteur &#8211; LAMBDA OMNICOLL | LAMBDA Laboratory Instruments\" \/>\n<meta property=\"og:description\" content=\"Questions fr\u00e9quemment pos\u00e9es sur l\u2019int\u00e9gration du collecteur de fractions et de l\u2019\u00e9chantillonneur automatique OMNICOLL \u00e0 un fermenteur et un bior\u00e9acteur tiers pour le pr\u00e9l\u00e8vement automatis\u00e9 d\u2019\u00e9chantillons.\" \/>\n<meta property=\"og:url\" content=\"https:\/\/www.fractioncollector.info\/fr\/faq-questions-frequemment-posees-concernant-les-collecteurs-de-fractions\/integration-dun-collecteur-de-fractions-a-un-bioreacteur\/\" \/>\n<meta property=\"og:site_name\" content=\"LAMBDA OMNICOLL | LAMBDA Laboratory Instruments\" \/>\n<meta property=\"article:publisher\" content=\"https:\/\/www.facebook.com\/LambdaLaboratoryInstrumentsCzSro\/\" \/>\n<meta property=\"article:modified_time\" content=\"2026-04-28T16:50:33+00:00\" \/>\n<meta property=\"og:image\" content=\"https:\/\/www.fractioncollector.info\/wp-content\/uploads\/MINIFOR-bench-top-fermenter-bioreactor-with-small-footprint-size-of-A4-paper.jpg\" \/>\n\t<meta property=\"og:image:width\" content=\"2500\" \/>\n\t<meta property=\"og:image:height\" content=\"1806\" \/>\n\t<meta property=\"og:image:type\" content=\"image\/jpeg\" \/>\n<meta name=\"twitter:card\" content=\"summary_large_image\" \/>\n<meta name=\"twitter:site\" content=\"@LAMBDA_Labinstr\" \/>\n<script type=\"application\/ld+json\" class=\"yoast-schema-graph\">{\"@context\":\"https:\\\/\\\/schema.org\",\"@graph\":[{\"@type\":\"WebPage\",\"@id\":\"https:\\\/\\\/www.fractioncollector.info\\\/fr\\\/faq-questions-frequemment-posees-concernant-les-collecteurs-de-fractions\\\/integration-dun-collecteur-de-fractions-a-un-bioreacteur\\\/\",\"url\":\"https:\\\/\\\/www.fractioncollector.info\\\/fr\\\/faq-questions-frequemment-posees-concernant-les-collecteurs-de-fractions\\\/integration-dun-collecteur-de-fractions-a-un-bioreacteur\\\/\",\"name\":\"Int\u00e9gration d\u2019un collecteur de fractions \u00e0 un bior\u00e9acteur &#8211; LAMBDA OMNICOLL | LAMBDA Laboratory Instruments\",\"isPartOf\":{\"@id\":\"https:\\\/\\\/www.fractioncollector.info\\\/fr\\\/#website\"},\"primaryImageOfPage\":{\"@id\":\"https:\\\/\\\/www.fractioncollector.info\\\/fr\\\/faq-questions-frequemment-posees-concernant-les-collecteurs-de-fractions\\\/integration-dun-collecteur-de-fractions-a-un-bioreacteur\\\/#primaryimage\"},\"image\":{\"@id\":\"https:\\\/\\\/www.fractioncollector.info\\\/fr\\\/faq-questions-frequemment-posees-concernant-les-collecteurs-de-fractions\\\/integration-dun-collecteur-de-fractions-a-un-bioreacteur\\\/#primaryimage\"},\"thumbnailUrl\":\"https:\\\/\\\/www.fractioncollector.info\\\/wp-content\\\/uploads\\\/MINIFOR-bench-top-fermenter-bioreactor-with-small-footprint-size-of-A4-paper.jpg\",\"datePublished\":\"2018-02-14T14:18:19+00:00\",\"dateModified\":\"2026-04-28T16:50:33+00:00\",\"description\":\"Questions fr\u00e9quemment pos\u00e9es sur l\u2019int\u00e9gration du collecteur de fractions et de l\u2019\u00e9chantillonneur automatique OMNICOLL \u00e0 un fermenteur et un bior\u00e9acteur tiers pour le pr\u00e9l\u00e8vement automatis\u00e9 d\u2019\u00e9chantillons.\",\"breadcrumb\":{\"@id\":\"https:\\\/\\\/www.fractioncollector.info\\\/fr\\\/faq-questions-frequemment-posees-concernant-les-collecteurs-de-fractions\\\/integration-dun-collecteur-de-fractions-a-un-bioreacteur\\\/#breadcrumb\"},\"inLanguage\":\"fr-FR\",\"potentialAction\":[{\"@type\":\"ReadAction\",\"target\":[\"https:\\\/\\\/www.fractioncollector.info\\\/fr\\\/faq-questions-frequemment-posees-concernant-les-collecteurs-de-fractions\\\/integration-dun-collecteur-de-fractions-a-un-bioreacteur\\\/\"]}]},{\"@type\":\"ImageObject\",\"inLanguage\":\"fr-FR\",\"@id\":\"https:\\\/\\\/www.fractioncollector.info\\\/fr\\\/faq-questions-frequemment-posees-concernant-les-collecteurs-de-fractions\\\/integration-dun-collecteur-de-fractions-a-un-bioreacteur\\\/#primaryimage\",\"url\":\"https:\\\/\\\/www.fractioncollector.info\\\/wp-content\\\/uploads\\\/MINIFOR-bench-top-fermenter-bioreactor-with-small-footprint-size-of-A4-paper.jpg\",\"contentUrl\":\"https:\\\/\\\/www.fractioncollector.info\\\/wp-content\\\/uploads\\\/MINIFOR-bench-top-fermenter-bioreactor-with-small-footprint-size-of-A4-paper.jpg\",\"width\":2500,\"height\":1806},{\"@type\":\"BreadcrumbList\",\"@id\":\"https:\\\/\\\/www.fractioncollector.info\\\/fr\\\/faq-questions-frequemment-posees-concernant-les-collecteurs-de-fractions\\\/integration-dun-collecteur-de-fractions-a-un-bioreacteur\\\/#breadcrumb\",\"itemListElement\":[{\"@type\":\"ListItem\",\"position\":1,\"name\":\"Home\",\"item\":\"https:\\\/\\\/www.fractioncollector.info\\\/fr\\\/collecteur-de-fractions-et-echantillonneur-lambda-omnicoll\\\/\"},{\"@type\":\"ListItem\",\"position\":2,\"name\":\"FAQ &#8211; Questions fr\u00e9quemment pos\u00e9es concernant les collecteurs de fractions\",\"item\":\"https:\\\/\\\/www.fractioncollector.info\\\/fr\\\/faq-questions-frequemment-posees-concernant-les-collecteurs-de-fractions\\\/\"},{\"@type\":\"ListItem\",\"position\":3,\"name\":\"Int\u00e9gration d\u2019un collecteur de fractions \u00e0 un bior\u00e9acteur\"}]},{\"@type\":\"WebSite\",\"@id\":\"https:\\\/\\\/www.fractioncollector.info\\\/fr\\\/#website\",\"url\":\"https:\\\/\\\/www.fractioncollector.info\\\/fr\\\/\",\"name\":\"LAMBDA OMNICOLL\",\"description\":\"fraction collector &amp; auto-sampler\",\"publisher\":{\"@id\":\"https:\\\/\\\/www.fractioncollector.info\\\/fr\\\/#organization\"},\"potentialAction\":[{\"@type\":\"SearchAction\",\"target\":{\"@type\":\"EntryPoint\",\"urlTemplate\":\"https:\\\/\\\/www.fractioncollector.info\\\/fr\\\/?s={search_term_string}\"},\"query-input\":{\"@type\":\"PropertyValueSpecification\",\"valueRequired\":true,\"valueName\":\"search_term_string\"}}],\"inLanguage\":\"fr-FR\"},{\"@type\":\"Organization\",\"@id\":\"https:\\\/\\\/www.fractioncollector.info\\\/fr\\\/#organization\",\"name\":\"Instruments de laboratoire LAMBDA\",\"url\":\"https:\\\/\\\/www.fractioncollector.info\\\/fr\\\/\",\"logo\":{\"@type\":\"ImageObject\",\"inLanguage\":\"fr-FR\",\"@id\":\"https:\\\/\\\/www.fractioncollector.info\\\/fr\\\/#\\\/schema\\\/logo\\\/image\\\/\",\"url\":\"https:\\\/\\\/www.fractioncollector.info\\\/wp-content\\\/uploads\\\/lambda-logo.jpg\",\"contentUrl\":\"https:\\\/\\\/www.fractioncollector.info\\\/wp-content\\\/uploads\\\/lambda-logo.jpg\",\"width\":1599,\"height\":365,\"caption\":\"Instruments de laboratoire LAMBDA\"},\"image\":{\"@id\":\"https:\\\/\\\/www.fractioncollector.info\\\/fr\\\/#\\\/schema\\\/logo\\\/image\\\/\"},\"sameAs\":[\"https:\\\/\\\/www.facebook.com\\\/LambdaLaboratoryInstrumentsCzSro\\\/\",\"https:\\\/\\\/x.com\\\/LAMBDA_Labinstr\",\"https:\\\/\\\/www.instagram.com\\\/lambdainstruments\\\/\",\"https:\\\/\\\/www.linkedin.com\\\/company\\\/lambda-laboratory-instruments?trk=biz-companies-cym\",\"https:\\\/\\\/www.pinterest.com\\\/lambdacz\\\/\",\"https:\\\/\\\/www.youtube.com\\\/user\\\/LambdaCZ\"]}]}<\/script>\n<!-- \/ Yoast SEO plugin. -->","yoast_head_json":{"title":"Int\u00e9gration d\u2019un collecteur de fractions \u00e0 un bior\u00e9acteur &#8211; LAMBDA OMNICOLL | LAMBDA Laboratory Instruments","description":"Questions fr\u00e9quemment pos\u00e9es sur l\u2019int\u00e9gration du collecteur de fractions et de l\u2019\u00e9chantillonneur automatique OMNICOLL \u00e0 un fermenteur et un bior\u00e9acteur tiers pour le pr\u00e9l\u00e8vement automatis\u00e9 d\u2019\u00e9chantillons.","robots":{"index":"index","follow":"follow","max-snippet":"max-snippet:-1","max-image-preview":"max-image-preview:large","max-video-preview":"max-video-preview:-1"},"canonical":"https:\/\/www.fractioncollector.info\/fr\/faq-questions-frequemment-posees-concernant-les-collecteurs-de-fractions\/integration-dun-collecteur-de-fractions-a-un-bioreacteur\/","og_locale":"fr_FR","og_type":"article","og_title":"Int\u00e9gration d\u2019un collecteur de fractions \u00e0 un bior\u00e9acteur &#8211; LAMBDA OMNICOLL | LAMBDA Laboratory Instruments","og_description":"Questions fr\u00e9quemment pos\u00e9es sur l\u2019int\u00e9gration du collecteur de fractions et de l\u2019\u00e9chantillonneur automatique OMNICOLL \u00e0 un fermenteur et un bior\u00e9acteur tiers pour le pr\u00e9l\u00e8vement automatis\u00e9 d\u2019\u00e9chantillons.","og_url":"https:\/\/www.fractioncollector.info\/fr\/faq-questions-frequemment-posees-concernant-les-collecteurs-de-fractions\/integration-dun-collecteur-de-fractions-a-un-bioreacteur\/","og_site_name":"LAMBDA OMNICOLL | LAMBDA Laboratory Instruments","article_publisher":"https:\/\/www.facebook.com\/LambdaLaboratoryInstrumentsCzSro\/","article_modified_time":"2026-04-28T16:50:33+00:00","og_image":[{"width":2500,"height":1806,"url":"https:\/\/www.fractioncollector.info\/wp-content\/uploads\/MINIFOR-bench-top-fermenter-bioreactor-with-small-footprint-size-of-A4-paper.jpg","type":"image\/jpeg"}],"twitter_card":"summary_large_image","twitter_site":"@LAMBDA_Labinstr","schema":{"@context":"https:\/\/schema.org","@graph":[{"@type":"WebPage","@id":"https:\/\/www.fractioncollector.info\/fr\/faq-questions-frequemment-posees-concernant-les-collecteurs-de-fractions\/integration-dun-collecteur-de-fractions-a-un-bioreacteur\/","url":"https:\/\/www.fractioncollector.info\/fr\/faq-questions-frequemment-posees-concernant-les-collecteurs-de-fractions\/integration-dun-collecteur-de-fractions-a-un-bioreacteur\/","name":"Int\u00e9gration d\u2019un collecteur de fractions \u00e0 un bior\u00e9acteur &#8211; LAMBDA OMNICOLL | LAMBDA Laboratory Instruments","isPartOf":{"@id":"https:\/\/www.fractioncollector.info\/fr\/#website"},"primaryImageOfPage":{"@id":"https:\/\/www.fractioncollector.info\/fr\/faq-questions-frequemment-posees-concernant-les-collecteurs-de-fractions\/integration-dun-collecteur-de-fractions-a-un-bioreacteur\/#primaryimage"},"image":{"@id":"https:\/\/www.fractioncollector.info\/fr\/faq-questions-frequemment-posees-concernant-les-collecteurs-de-fractions\/integration-dun-collecteur-de-fractions-a-un-bioreacteur\/#primaryimage"},"thumbnailUrl":"https:\/\/www.fractioncollector.info\/wp-content\/uploads\/MINIFOR-bench-top-fermenter-bioreactor-with-small-footprint-size-of-A4-paper.jpg","datePublished":"2018-02-14T14:18:19+00:00","dateModified":"2026-04-28T16:50:33+00:00","description":"Questions fr\u00e9quemment pos\u00e9es sur l\u2019int\u00e9gration du collecteur de fractions et de l\u2019\u00e9chantillonneur automatique OMNICOLL \u00e0 un fermenteur et un bior\u00e9acteur tiers pour le pr\u00e9l\u00e8vement automatis\u00e9 d\u2019\u00e9chantillons.","breadcrumb":{"@id":"https:\/\/www.fractioncollector.info\/fr\/faq-questions-frequemment-posees-concernant-les-collecteurs-de-fractions\/integration-dun-collecteur-de-fractions-a-un-bioreacteur\/#breadcrumb"},"inLanguage":"fr-FR","potentialAction":[{"@type":"ReadAction","target":["https:\/\/www.fractioncollector.info\/fr\/faq-questions-frequemment-posees-concernant-les-collecteurs-de-fractions\/integration-dun-collecteur-de-fractions-a-un-bioreacteur\/"]}]},{"@type":"ImageObject","inLanguage":"fr-FR","@id":"https:\/\/www.fractioncollector.info\/fr\/faq-questions-frequemment-posees-concernant-les-collecteurs-de-fractions\/integration-dun-collecteur-de-fractions-a-un-bioreacteur\/#primaryimage","url":"https:\/\/www.fractioncollector.info\/wp-content\/uploads\/MINIFOR-bench-top-fermenter-bioreactor-with-small-footprint-size-of-A4-paper.jpg","contentUrl":"https:\/\/www.fractioncollector.info\/wp-content\/uploads\/MINIFOR-bench-top-fermenter-bioreactor-with-small-footprint-size-of-A4-paper.jpg","width":2500,"height":1806},{"@type":"BreadcrumbList","@id":"https:\/\/www.fractioncollector.info\/fr\/faq-questions-frequemment-posees-concernant-les-collecteurs-de-fractions\/integration-dun-collecteur-de-fractions-a-un-bioreacteur\/#breadcrumb","itemListElement":[{"@type":"ListItem","position":1,"name":"Home","item":"https:\/\/www.fractioncollector.info\/fr\/collecteur-de-fractions-et-echantillonneur-lambda-omnicoll\/"},{"@type":"ListItem","position":2,"name":"FAQ &#8211; Questions fr\u00e9quemment pos\u00e9es concernant les collecteurs de fractions","item":"https:\/\/www.fractioncollector.info\/fr\/faq-questions-frequemment-posees-concernant-les-collecteurs-de-fractions\/"},{"@type":"ListItem","position":3,"name":"Int\u00e9gration d\u2019un collecteur de fractions \u00e0 un bior\u00e9acteur"}]},{"@type":"WebSite","@id":"https:\/\/www.fractioncollector.info\/fr\/#website","url":"https:\/\/www.fractioncollector.info\/fr\/","name":"LAMBDA OMNICOLL","description":"fraction collector &amp; auto-sampler","publisher":{"@id":"https:\/\/www.fractioncollector.info\/fr\/#organization"},"potentialAction":[{"@type":"SearchAction","target":{"@type":"EntryPoint","urlTemplate":"https:\/\/www.fractioncollector.info\/fr\/?s={search_term_string}"},"query-input":{"@type":"PropertyValueSpecification","valueRequired":true,"valueName":"search_term_string"}}],"inLanguage":"fr-FR"},{"@type":"Organization","@id":"https:\/\/www.fractioncollector.info\/fr\/#organization","name":"Instruments de laboratoire LAMBDA","url":"https:\/\/www.fractioncollector.info\/fr\/","logo":{"@type":"ImageObject","inLanguage":"fr-FR","@id":"https:\/\/www.fractioncollector.info\/fr\/#\/schema\/logo\/image\/","url":"https:\/\/www.fractioncollector.info\/wp-content\/uploads\/lambda-logo.jpg","contentUrl":"https:\/\/www.fractioncollector.info\/wp-content\/uploads\/lambda-logo.jpg","width":1599,"height":365,"caption":"Instruments de laboratoire LAMBDA"},"image":{"@id":"https:\/\/www.fractioncollector.info\/fr\/#\/schema\/logo\/image\/"},"sameAs":["https:\/\/www.facebook.com\/LambdaLaboratoryInstrumentsCzSro\/","https:\/\/x.com\/LAMBDA_Labinstr","https:\/\/www.instagram.com\/lambdainstruments\/","https:\/\/www.linkedin.com\/company\/lambda-laboratory-instruments?trk=biz-companies-cym","https:\/\/www.pinterest.com\/lambdacz\/","https:\/\/www.youtube.com\/user\/LambdaCZ"]}]}},"_links":{"self":[{"href":"https:\/\/www.fractioncollector.info\/fr\/wp-json\/wp\/v2\/pages\/4548","targetHints":{"allow":["GET"]}}],"collection":[{"href":"https:\/\/www.fractioncollector.info\/fr\/wp-json\/wp\/v2\/pages"}],"about":[{"href":"https:\/\/www.fractioncollector.info\/fr\/wp-json\/wp\/v2\/types\/page"}],"author":[{"embeddable":true,"href":"https:\/\/www.fractioncollector.info\/fr\/wp-json\/wp\/v2\/users\/2"}],"replies":[{"embeddable":true,"href":"https:\/\/www.fractioncollector.info\/fr\/wp-json\/wp\/v2\/comments?post=4548"}],"version-history":[{"count":1,"href":"https:\/\/www.fractioncollector.info\/fr\/wp-json\/wp\/v2\/pages\/4548\/revisions"}],"predecessor-version":[{"id":4549,"href":"https:\/\/www.fractioncollector.info\/fr\/wp-json\/wp\/v2\/pages\/4548\/revisions\/4549"}],"up":[{"embeddable":true,"href":"https:\/\/www.fractioncollector.info\/fr\/wp-json\/wp\/v2\/pages\/4374"}],"wp:featuredmedia":[{"embeddable":true,"href":"https:\/\/www.fractioncollector.info\/fr\/wp-json\/wp\/v2\/media\/4378"}],"wp:attachment":[{"href":"https:\/\/www.fractioncollector.info\/fr\/wp-json\/wp\/v2\/media?parent=4548"}],"curies":[{"name":"wp","href":"https:\/\/api.w.org\/{rel}","templated":true}]}}