{"id":4552,"date":"2018-02-14T15:50:29","date_gmt":"2018-02-14T13:50:29","guid":{"rendered":"https:\/\/www.fractioncollector.info\/faq-questions-frequemment-posees-concernant-les-collecteurs-de-fractions\/recipients-pour-la-collecte-de-fractions\/"},"modified":"2026-04-28T18:50:35","modified_gmt":"2026-04-28T16:50:35","slug":"recipients-pour-la-collecte-de-fractions","status":"publish","type":"page","link":"https:\/\/www.fractioncollector.info\/fr\/faq-questions-frequemment-posees-concernant-les-collecteurs-de-fractions\/recipients-pour-la-collecte-de-fractions\/","title":{"rendered":"R\u00e9cipients pour la collecte de fractions"},"content":{"rendered":"<div id=\"pl-4552\"  class=\"panel-layout\" ><div id=\"pg-4552-0\"  class=\"panel-grid panel-has-style\"  style=\"margin-bottom: 50px\" ><div class=\"siteorigin-panels-stretch panel-row-style-full-width panel-row-style panel-row-style-for-4552-0\" style=\"padding: 0px 0px 0px 0px;\" data-stretch-type=\"full-width-stretch\" ><div id=\"pgc-4552-0-0\"  class=\"panel-grid-cell\" ><div id=\"panel-4552-0-0-0\" class=\"so-panel widget widget_black-studio-tinymce widget_black_studio_tinymce panel-first-child panel-last-child\" data-index=\"0\" ><div style=\"padding: 50px;\" class=\"panel-widget-style panel-widget-style-for-4552-0-0-0\" ><div class=\"textwidget\"><h1 style=\"color: white; text-align: center; font-size: 35px; text-shadow: 1px 1px #000000; line-height: 100%;\">FAQ - FREQUENTLY ASKED QUESTIONS<\/h1>\n<h2 style=\"color: white; text-align: center; text-shadow: 1px 1px #000000;\">Recipients for fraction collection in OMNICOLL<\/h2>\n<\/div><\/div><\/div><\/div><\/div><\/div><div id=\"pg-4552-1\"  class=\"panel-grid panel-has-style\"  style=\"margin-bottom: 50px\" ><div class=\"siteorigin-panels-stretch panel-row-style-full-width panel-row-style panel-row-style-for-4552-1\" data-stretch-type=\"full\" ><div id=\"pgc-4552-1-0\"  class=\"panel-grid-cell\" ><div id=\"panel-4552-1-0-0\" class=\"so-panel widget widget_black-studio-tinymce widget_black_studio_tinymce panel-first-child\" data-index=\"1\" style=\"margin-bottom: 50px\" ><div class=\"textwidget\"><h1 class=\"widget-title\">FAQ: Recipients for fraction collection<\/h1>\n<p>Frequently asked questions about types of fraction collection recipients <em>(test tubes, 96-well plates, Nalgene bottles, etc.)<\/em> and collecting large volume fractions using OMNICOLL fraction collector.<\/p>\n<\/div><\/div><div id=\"panel-4552-1-0-1\" class=\"so-panel widget widget_black-studio-tinymce widget_black_studio_tinymce\" data-index=\"2\" style=\"margin-bottom: 50px\" ><div class=\"textwidget\"><blockquote>\n<h4 id=\"peristaltic-pump-controlled-fraction-collection\"><span style=\"color: #60351d;\"><strong>What fraction collector tube racks size would you suggest to use with our TOC analyzer?<\/strong><\/span><\/h4>\n<\/blockquote>\n<p>The tube rack that would be most suitable\u00a0is <strong>Art. No. 6913-5<\/strong> <em>(for <strong>3x8 tubes or vials of diam. 30 mm<\/strong>)<\/em>.<\/p>\n<p>\u00a0<\/p>\n<\/div><\/div><div id=\"panel-4552-1-0-2\" class=\"so-panel widget widget_black-studio-tinymce widget_black_studio_tinymce panel-last-child\" data-index=\"3\" ><div class=\"textwidget\"><blockquote>\n<h4 id=\"peristaltic-pump-controlled-fraction-collection\"><span style=\"color: #60351d;\"><strong>How will the fraction collector be supported, if the support plate is removed to accommodate high volume recipient?<\/strong><\/span><\/h4>\n<\/blockquote>\n<p>The yellow support plate of the fraction collector support can be removed. The support is still <strong>held together by the lateral holders<\/strong>. The support can thus be placed on a holder structure to adjust the height.<\/p>\n<\/div><\/div><\/div><\/div><\/div><\/div>","protected":false},"excerpt":{"rendered":"<p>FAQ &#8211; FREQUENTLY ASKED QUESTIONS Recipients for fraction collection in OMNICOLL FAQ: Recipients for fraction collectionFrequently asked questions about types of fraction collection recipients (test tubes, 96-well plates, Nalgene bottles, etc.) and collecting large volume fractions using OMNICOLL fraction collector. What fraction collector tube racks size would you suggest to use with our TOC analyzer?The [&hellip;]<\/p>\n","protected":false},"author":2,"featured_media":4553,"parent":4374,"menu_order":6,"comment_status":"closed","ping_status":"closed","template":"","meta":{"footnotes":""},"class_list":["post-4552","page","type-page","status-publish","has-post-thumbnail","hentry","post","post-with-thumbnail","post-with-thumbnail-icon"],"yoast_head":"<!-- This site is optimized with the Yoast SEO plugin v27.5 - https:\/\/yoast.com\/product\/yoast-seo-wordpress\/ -->\n<title>R\u00e9cipients pour la collecte de fractions &#8211; LAMBDA OMNICOLL | LAMBDA Laboratory Instruments<\/title>\n<meta name=\"description\" content=\"Questions fr\u00e9quemment pos\u00e9es concernant les types de r\u00e9cipients de collecte de fractions (tubes \u00e0 essai, plaques 96 puits, flacons Nalgene, etc.) et la collecte de fractions de gros volume \u00e0 l&#039;aide du collecteur de fractions OMNICOLL.\" \/>\n<meta name=\"robots\" content=\"index, follow, max-snippet:-1, max-image-preview:large, max-video-preview:-1\" \/>\n<link rel=\"canonical\" href=\"https:\/\/www.fractioncollector.info\/fr\/faq-questions-frequemment-posees-concernant-les-collecteurs-de-fractions\/recipients-pour-la-collecte-de-fractions\/\" \/>\n<meta property=\"og:locale\" content=\"fr_FR\" \/>\n<meta property=\"og:type\" content=\"article\" \/>\n<meta property=\"og:title\" content=\"R\u00e9cipients pour la collecte de fractions &#8211; LAMBDA OMNICOLL | LAMBDA Laboratory Instruments\" \/>\n<meta property=\"og:description\" content=\"Questions fr\u00e9quemment pos\u00e9es concernant les types de r\u00e9cipients de collecte de fractions (tubes \u00e0 essai, plaques 96 puits, flacons Nalgene, etc.) et la collecte de fractions de gros volume \u00e0 l&#039;aide du collecteur de fractions OMNICOLL.\" \/>\n<meta property=\"og:url\" content=\"https:\/\/www.fractioncollector.info\/fr\/faq-questions-frequemment-posees-concernant-les-collecteurs-de-fractions\/recipients-pour-la-collecte-de-fractions\/\" \/>\n<meta property=\"og:site_name\" content=\"LAMBDA OMNICOLL | LAMBDA Laboratory Instruments\" \/>\n<meta property=\"article:publisher\" content=\"https:\/\/www.facebook.com\/LambdaLaboratoryInstrumentsCzSro\/\" \/>\n<meta property=\"article:modified_time\" content=\"2026-04-28T16:50:35+00:00\" \/>\n<meta property=\"og:image\" content=\"https:\/\/www.fractioncollector.info\/wp-content\/uploads\/Omnicoll-fraction-collector-sampler-with-250-ml-bottles.jpg\" \/>\n\t<meta property=\"og:image:width\" content=\"3008\" \/>\n\t<meta property=\"og:image:height\" content=\"2000\" \/>\n\t<meta property=\"og:image:type\" content=\"image\/jpeg\" \/>\n<meta name=\"twitter:card\" content=\"summary_large_image\" \/>\n<meta name=\"twitter:site\" content=\"@LAMBDA_Labinstr\" \/>\n<meta name=\"twitter:label1\" content=\"Dur\u00e9e de lecture estim\u00e9e\" \/>\n\t<meta name=\"twitter:data1\" content=\"1 minute\" \/>\n<script type=\"application\/ld+json\" class=\"yoast-schema-graph\">{\"@context\":\"https:\\\/\\\/schema.org\",\"@graph\":[{\"@type\":\"WebPage\",\"@id\":\"https:\\\/\\\/www.fractioncollector.info\\\/fr\\\/faq-questions-frequemment-posees-concernant-les-collecteurs-de-fractions\\\/recipients-pour-la-collecte-de-fractions\\\/\",\"url\":\"https:\\\/\\\/www.fractioncollector.info\\\/fr\\\/faq-questions-frequemment-posees-concernant-les-collecteurs-de-fractions\\\/recipients-pour-la-collecte-de-fractions\\\/\",\"name\":\"R\u00e9cipients pour la collecte de fractions &#8211; LAMBDA OMNICOLL | LAMBDA Laboratory Instruments\",\"isPartOf\":{\"@id\":\"https:\\\/\\\/www.fractioncollector.info\\\/fr\\\/#website\"},\"primaryImageOfPage\":{\"@id\":\"https:\\\/\\\/www.fractioncollector.info\\\/fr\\\/faq-questions-frequemment-posees-concernant-les-collecteurs-de-fractions\\\/recipients-pour-la-collecte-de-fractions\\\/#primaryimage\"},\"image\":{\"@id\":\"https:\\\/\\\/www.fractioncollector.info\\\/fr\\\/faq-questions-frequemment-posees-concernant-les-collecteurs-de-fractions\\\/recipients-pour-la-collecte-de-fractions\\\/#primaryimage\"},\"thumbnailUrl\":\"https:\\\/\\\/www.fractioncollector.info\\\/wp-content\\\/uploads\\\/Omnicoll-fraction-collector-sampler-with-250-ml-bottles.jpg\",\"datePublished\":\"2018-02-14T13:50:29+00:00\",\"dateModified\":\"2026-04-28T16:50:35+00:00\",\"description\":\"Questions fr\u00e9quemment pos\u00e9es concernant les types de r\u00e9cipients de collecte de fractions (tubes \u00e0 essai, plaques 96 puits, flacons Nalgene, etc.) et la collecte de fractions de gros volume \u00e0 l'aide du collecteur de fractions OMNICOLL.\",\"breadcrumb\":{\"@id\":\"https:\\\/\\\/www.fractioncollector.info\\\/fr\\\/faq-questions-frequemment-posees-concernant-les-collecteurs-de-fractions\\\/recipients-pour-la-collecte-de-fractions\\\/#breadcrumb\"},\"inLanguage\":\"fr-FR\",\"potentialAction\":[{\"@type\":\"ReadAction\",\"target\":[\"https:\\\/\\\/www.fractioncollector.info\\\/fr\\\/faq-questions-frequemment-posees-concernant-les-collecteurs-de-fractions\\\/recipients-pour-la-collecte-de-fractions\\\/\"]}]},{\"@type\":\"ImageObject\",\"inLanguage\":\"fr-FR\",\"@id\":\"https:\\\/\\\/www.fractioncollector.info\\\/fr\\\/faq-questions-frequemment-posees-concernant-les-collecteurs-de-fractions\\\/recipients-pour-la-collecte-de-fractions\\\/#primaryimage\",\"url\":\"https:\\\/\\\/www.fractioncollector.info\\\/wp-content\\\/uploads\\\/Omnicoll-fraction-collector-sampler-with-250-ml-bottles.jpg\",\"contentUrl\":\"https:\\\/\\\/www.fractioncollector.info\\\/wp-content\\\/uploads\\\/Omnicoll-fraction-collector-sampler-with-250-ml-bottles.jpg\",\"width\":3008,\"height\":2000,\"caption\":\"Collecteur de fractions et auto-\u00e9chantillonneur OMNICOLL avec flacons de 250 ml\"},{\"@type\":\"BreadcrumbList\",\"@id\":\"https:\\\/\\\/www.fractioncollector.info\\\/fr\\\/faq-questions-frequemment-posees-concernant-les-collecteurs-de-fractions\\\/recipients-pour-la-collecte-de-fractions\\\/#breadcrumb\",\"itemListElement\":[{\"@type\":\"ListItem\",\"position\":1,\"name\":\"Home\",\"item\":\"https:\\\/\\\/www.fractioncollector.info\\\/fr\\\/collecteur-de-fractions-et-echantillonneur-lambda-omnicoll\\\/\"},{\"@type\":\"ListItem\",\"position\":2,\"name\":\"FAQ &#8211; Questions fr\u00e9quemment pos\u00e9es concernant les collecteurs de fractions\",\"item\":\"https:\\\/\\\/www.fractioncollector.info\\\/fr\\\/faq-questions-frequemment-posees-concernant-les-collecteurs-de-fractions\\\/\"},{\"@type\":\"ListItem\",\"position\":3,\"name\":\"R\u00e9cipients pour la collecte de fractions\"}]},{\"@type\":\"WebSite\",\"@id\":\"https:\\\/\\\/www.fractioncollector.info\\\/fr\\\/#website\",\"url\":\"https:\\\/\\\/www.fractioncollector.info\\\/fr\\\/\",\"name\":\"LAMBDA OMNICOLL\",\"description\":\"fraction collector &amp; auto-sampler\",\"publisher\":{\"@id\":\"https:\\\/\\\/www.fractioncollector.info\\\/fr\\\/#organization\"},\"potentialAction\":[{\"@type\":\"SearchAction\",\"target\":{\"@type\":\"EntryPoint\",\"urlTemplate\":\"https:\\\/\\\/www.fractioncollector.info\\\/fr\\\/?s={search_term_string}\"},\"query-input\":{\"@type\":\"PropertyValueSpecification\",\"valueRequired\":true,\"valueName\":\"search_term_string\"}}],\"inLanguage\":\"fr-FR\"},{\"@type\":\"Organization\",\"@id\":\"https:\\\/\\\/www.fractioncollector.info\\\/fr\\\/#organization\",\"name\":\"Instruments de laboratoire LAMBDA\",\"url\":\"https:\\\/\\\/www.fractioncollector.info\\\/fr\\\/\",\"logo\":{\"@type\":\"ImageObject\",\"inLanguage\":\"fr-FR\",\"@id\":\"https:\\\/\\\/www.fractioncollector.info\\\/fr\\\/#\\\/schema\\\/logo\\\/image\\\/\",\"url\":\"https:\\\/\\\/www.fractioncollector.info\\\/wp-content\\\/uploads\\\/lambda-logo.jpg\",\"contentUrl\":\"https:\\\/\\\/www.fractioncollector.info\\\/wp-content\\\/uploads\\\/lambda-logo.jpg\",\"width\":1599,\"height\":365,\"caption\":\"Instruments de laboratoire LAMBDA\"},\"image\":{\"@id\":\"https:\\\/\\\/www.fractioncollector.info\\\/fr\\\/#\\\/schema\\\/logo\\\/image\\\/\"},\"sameAs\":[\"https:\\\/\\\/www.facebook.com\\\/LambdaLaboratoryInstrumentsCzSro\\\/\",\"https:\\\/\\\/x.com\\\/LAMBDA_Labinstr\",\"https:\\\/\\\/www.instagram.com\\\/lambdainstruments\\\/\",\"https:\\\/\\\/www.linkedin.com\\\/company\\\/lambda-laboratory-instruments?trk=biz-companies-cym\",\"https:\\\/\\\/www.pinterest.com\\\/lambdacz\\\/\",\"https:\\\/\\\/www.youtube.com\\\/user\\\/LambdaCZ\"]}]}<\/script>\n<!-- \/ Yoast SEO plugin. -->","yoast_head_json":{"title":"R\u00e9cipients pour la collecte de fractions &#8211; LAMBDA OMNICOLL | LAMBDA Laboratory Instruments","description":"Questions fr\u00e9quemment pos\u00e9es concernant les types de r\u00e9cipients de collecte de fractions (tubes \u00e0 essai, plaques 96 puits, flacons Nalgene, etc.) et la collecte de fractions de gros volume \u00e0 l'aide du collecteur de fractions OMNICOLL.","robots":{"index":"index","follow":"follow","max-snippet":"max-snippet:-1","max-image-preview":"max-image-preview:large","max-video-preview":"max-video-preview:-1"},"canonical":"https:\/\/www.fractioncollector.info\/fr\/faq-questions-frequemment-posees-concernant-les-collecteurs-de-fractions\/recipients-pour-la-collecte-de-fractions\/","og_locale":"fr_FR","og_type":"article","og_title":"R\u00e9cipients pour la collecte de fractions &#8211; LAMBDA OMNICOLL | LAMBDA Laboratory Instruments","og_description":"Questions fr\u00e9quemment pos\u00e9es concernant les types de r\u00e9cipients de collecte de fractions (tubes \u00e0 essai, plaques 96 puits, flacons Nalgene, etc.) et la collecte de fractions de gros volume \u00e0 l'aide du collecteur de fractions OMNICOLL.","og_url":"https:\/\/www.fractioncollector.info\/fr\/faq-questions-frequemment-posees-concernant-les-collecteurs-de-fractions\/recipients-pour-la-collecte-de-fractions\/","og_site_name":"LAMBDA OMNICOLL | LAMBDA Laboratory Instruments","article_publisher":"https:\/\/www.facebook.com\/LambdaLaboratoryInstrumentsCzSro\/","article_modified_time":"2026-04-28T16:50:35+00:00","og_image":[{"width":3008,"height":2000,"url":"https:\/\/www.fractioncollector.info\/wp-content\/uploads\/Omnicoll-fraction-collector-sampler-with-250-ml-bottles.jpg","type":"image\/jpeg"}],"twitter_card":"summary_large_image","twitter_site":"@LAMBDA_Labinstr","twitter_misc":{"Dur\u00e9e de lecture estim\u00e9e":"1 minute"},"schema":{"@context":"https:\/\/schema.org","@graph":[{"@type":"WebPage","@id":"https:\/\/www.fractioncollector.info\/fr\/faq-questions-frequemment-posees-concernant-les-collecteurs-de-fractions\/recipients-pour-la-collecte-de-fractions\/","url":"https:\/\/www.fractioncollector.info\/fr\/faq-questions-frequemment-posees-concernant-les-collecteurs-de-fractions\/recipients-pour-la-collecte-de-fractions\/","name":"R\u00e9cipients pour la collecte de fractions &#8211; LAMBDA OMNICOLL | LAMBDA Laboratory Instruments","isPartOf":{"@id":"https:\/\/www.fractioncollector.info\/fr\/#website"},"primaryImageOfPage":{"@id":"https:\/\/www.fractioncollector.info\/fr\/faq-questions-frequemment-posees-concernant-les-collecteurs-de-fractions\/recipients-pour-la-collecte-de-fractions\/#primaryimage"},"image":{"@id":"https:\/\/www.fractioncollector.info\/fr\/faq-questions-frequemment-posees-concernant-les-collecteurs-de-fractions\/recipients-pour-la-collecte-de-fractions\/#primaryimage"},"thumbnailUrl":"https:\/\/www.fractioncollector.info\/wp-content\/uploads\/Omnicoll-fraction-collector-sampler-with-250-ml-bottles.jpg","datePublished":"2018-02-14T13:50:29+00:00","dateModified":"2026-04-28T16:50:35+00:00","description":"Questions fr\u00e9quemment pos\u00e9es concernant les types de r\u00e9cipients de collecte de fractions (tubes \u00e0 essai, plaques 96 puits, flacons Nalgene, etc.) et la collecte de fractions de gros volume \u00e0 l'aide du collecteur de fractions OMNICOLL.","breadcrumb":{"@id":"https:\/\/www.fractioncollector.info\/fr\/faq-questions-frequemment-posees-concernant-les-collecteurs-de-fractions\/recipients-pour-la-collecte-de-fractions\/#breadcrumb"},"inLanguage":"fr-FR","potentialAction":[{"@type":"ReadAction","target":["https:\/\/www.fractioncollector.info\/fr\/faq-questions-frequemment-posees-concernant-les-collecteurs-de-fractions\/recipients-pour-la-collecte-de-fractions\/"]}]},{"@type":"ImageObject","inLanguage":"fr-FR","@id":"https:\/\/www.fractioncollector.info\/fr\/faq-questions-frequemment-posees-concernant-les-collecteurs-de-fractions\/recipients-pour-la-collecte-de-fractions\/#primaryimage","url":"https:\/\/www.fractioncollector.info\/wp-content\/uploads\/Omnicoll-fraction-collector-sampler-with-250-ml-bottles.jpg","contentUrl":"https:\/\/www.fractioncollector.info\/wp-content\/uploads\/Omnicoll-fraction-collector-sampler-with-250-ml-bottles.jpg","width":3008,"height":2000,"caption":"Collecteur de fractions et auto-\u00e9chantillonneur OMNICOLL avec flacons de 250 ml"},{"@type":"BreadcrumbList","@id":"https:\/\/www.fractioncollector.info\/fr\/faq-questions-frequemment-posees-concernant-les-collecteurs-de-fractions\/recipients-pour-la-collecte-de-fractions\/#breadcrumb","itemListElement":[{"@type":"ListItem","position":1,"name":"Home","item":"https:\/\/www.fractioncollector.info\/fr\/collecteur-de-fractions-et-echantillonneur-lambda-omnicoll\/"},{"@type":"ListItem","position":2,"name":"FAQ &#8211; Questions fr\u00e9quemment pos\u00e9es concernant les collecteurs de fractions","item":"https:\/\/www.fractioncollector.info\/fr\/faq-questions-frequemment-posees-concernant-les-collecteurs-de-fractions\/"},{"@type":"ListItem","position":3,"name":"R\u00e9cipients pour la collecte de fractions"}]},{"@type":"WebSite","@id":"https:\/\/www.fractioncollector.info\/fr\/#website","url":"https:\/\/www.fractioncollector.info\/fr\/","name":"LAMBDA OMNICOLL","description":"fraction collector &amp; auto-sampler","publisher":{"@id":"https:\/\/www.fractioncollector.info\/fr\/#organization"},"potentialAction":[{"@type":"SearchAction","target":{"@type":"EntryPoint","urlTemplate":"https:\/\/www.fractioncollector.info\/fr\/?s={search_term_string}"},"query-input":{"@type":"PropertyValueSpecification","valueRequired":true,"valueName":"search_term_string"}}],"inLanguage":"fr-FR"},{"@type":"Organization","@id":"https:\/\/www.fractioncollector.info\/fr\/#organization","name":"Instruments de laboratoire LAMBDA","url":"https:\/\/www.fractioncollector.info\/fr\/","logo":{"@type":"ImageObject","inLanguage":"fr-FR","@id":"https:\/\/www.fractioncollector.info\/fr\/#\/schema\/logo\/image\/","url":"https:\/\/www.fractioncollector.info\/wp-content\/uploads\/lambda-logo.jpg","contentUrl":"https:\/\/www.fractioncollector.info\/wp-content\/uploads\/lambda-logo.jpg","width":1599,"height":365,"caption":"Instruments de laboratoire LAMBDA"},"image":{"@id":"https:\/\/www.fractioncollector.info\/fr\/#\/schema\/logo\/image\/"},"sameAs":["https:\/\/www.facebook.com\/LambdaLaboratoryInstrumentsCzSro\/","https:\/\/x.com\/LAMBDA_Labinstr","https:\/\/www.instagram.com\/lambdainstruments\/","https:\/\/www.linkedin.com\/company\/lambda-laboratory-instruments?trk=biz-companies-cym","https:\/\/www.pinterest.com\/lambdacz\/","https:\/\/www.youtube.com\/user\/LambdaCZ"]}]}},"_links":{"self":[{"href":"https:\/\/www.fractioncollector.info\/fr\/wp-json\/wp\/v2\/pages\/4552","targetHints":{"allow":["GET"]}}],"collection":[{"href":"https:\/\/www.fractioncollector.info\/fr\/wp-json\/wp\/v2\/pages"}],"about":[{"href":"https:\/\/www.fractioncollector.info\/fr\/wp-json\/wp\/v2\/types\/page"}],"author":[{"embeddable":true,"href":"https:\/\/www.fractioncollector.info\/fr\/wp-json\/wp\/v2\/users\/2"}],"replies":[{"embeddable":true,"href":"https:\/\/www.fractioncollector.info\/fr\/wp-json\/wp\/v2\/comments?post=4552"}],"version-history":[{"count":1,"href":"https:\/\/www.fractioncollector.info\/fr\/wp-json\/wp\/v2\/pages\/4552\/revisions"}],"predecessor-version":[{"id":4554,"href":"https:\/\/www.fractioncollector.info\/fr\/wp-json\/wp\/v2\/pages\/4552\/revisions\/4554"}],"up":[{"embeddable":true,"href":"https:\/\/www.fractioncollector.info\/fr\/wp-json\/wp\/v2\/pages\/4374"}],"wp:featuredmedia":[{"embeddable":true,"href":"https:\/\/www.fractioncollector.info\/fr\/wp-json\/wp\/v2\/media\/4553"}],"wp:attachment":[{"href":"https:\/\/www.fractioncollector.info\/fr\/wp-json\/wp\/v2\/media?parent=4552"}],"curies":[{"name":"wp","href":"https:\/\/api.w.org\/{rel}","templated":true}]}}