{"id":4607,"date":"2018-02-14T15:24:50","date_gmt":"2018-02-14T13:24:50","guid":{"rendered":"https:\/\/www.fractioncollector.info\/faq-questions-frequemment-posees-concernant-les-collecteurs-de-fractions\/debit-de-liquide-et-diametre-de-tubulure\/"},"modified":"2026-04-28T18:50:52","modified_gmt":"2026-04-28T16:50:52","slug":"debit-de-liquide-et-diametre-de-tubulure","status":"publish","type":"page","link":"https:\/\/www.fractioncollector.info\/fr\/faq-questions-frequemment-posees-concernant-les-collecteurs-de-fractions\/debit-de-liquide-et-diametre-de-tubulure\/","title":{"rendered":"D\u00e9bit de liquide et diam\u00e8tre de tubulure"},"content":{"rendered":"<div id=\"pl-4607\"  class=\"panel-layout\" ><div id=\"pg-4607-0\"  class=\"panel-grid panel-has-style\"  style=\"margin-bottom: 50px\" ><div class=\"siteorigin-panels-stretch panel-row-style-full-width panel-row-style panel-row-style-for-4607-0\" style=\"padding: 0px 0px 0px 0px;\" data-stretch-type=\"full-width-stretch\" ><div id=\"pgc-4607-0-0\"  class=\"panel-grid-cell\" ><div id=\"panel-4607-0-0-0\" class=\"so-panel widget widget_black-studio-tinymce widget_black_studio_tinymce panel-first-child panel-last-child\" data-index=\"0\" ><div style=\"padding: 50px;\" class=\"panel-widget-style panel-widget-style-for-4607-0-0-0\" ><div class=\"textwidget\"><h1 style=\"color: white; text-align: center; font-size: 35px; text-shadow: 1px 1px #000000; line-height: 100%;\">FAQ - FREQUENTLY ASKED QUESTIONS<\/h1>\n<h2 style=\"color: white; text-align: center; text-shadow: 1px 1px #000000;\">Liquid flow and tubing diameter<\/h2>\n<\/div><\/div><\/div><\/div><\/div><\/div><div id=\"pg-4607-1\"  class=\"panel-grid panel-has-style\"  style=\"margin-bottom: 50px\" ><div class=\"siteorigin-panels-stretch panel-row-style-full-width panel-row-style panel-row-style-for-4607-1\" data-stretch-type=\"full\" ><div id=\"pgc-4607-1-0\"  class=\"panel-grid-cell\" ><div id=\"panel-4607-1-0-0\" class=\"so-panel widget widget_black-studio-tinymce widget_black_studio_tinymce panel-first-child panel-last-child\" data-index=\"1\" ><div class=\"textwidget\"><h1 class=\"widget-title\">FAQ: Liquid flow and tubing diameter<\/h1>\n<p>Frequently asked questions about liquid flow, top flow rate handled by fraction collector and fractionation tubing diameter.<\/p>\n<\/div><\/div><\/div><\/div><\/div><div id=\"pg-4607-2\"  class=\"panel-grid panel-has-style\"  style=\"margin-bottom: 50px\" ><div class=\"siteorigin-panels-stretch panel-row-style-full-width panel-row-style panel-row-style-for-4607-2\" data-stretch-type=\"full\" ><div id=\"pgc-4607-2-0\"  class=\"panel-grid-cell\" ><div id=\"panel-4607-2-0-0\" class=\"so-panel widget widget_black-studio-tinymce widget_black_studio_tinymce panel-first-child\" data-index=\"2\" style=\"margin-bottom: 50px\" ><h3 class=\"widget-title\">Liquid flow rate<\/h3><div class=\"textwidget\"><blockquote>\n<h4 id=\"peristaltic-pump-controlled-fraction-collection\"><span style=\"color: #60351d;\">What is the top flow rate that the fraction collector unit can handle?<\/span><\/h4>\n<\/blockquote>\n<p>LAMBDA OMNICOLL fraction collector and sampler is a <strong>flexible system<\/strong>, and it adapts to your desired application. It is <strong>not limited by the feed rate<\/strong> and the number of samples being collected.<\/p>\n<p>You can choose the tubing and diameter as per your requirement.<\/p>\n<\/div><\/div><div id=\"panel-4607-2-0-1\" class=\"so-panel widget widget_black-studio-tinymce widget_black_studio_tinymce\" data-index=\"3\" style=\"margin-bottom: 50px\" ><h3 class=\"widget-title\">Fractionation tubing diameter<\/h3><div class=\"textwidget\"><blockquote>\n<h4 id=\"peristaltic-pump-controlled-fraction-collection\"><span style=\"color: #60351d;\">What is the liquid line tubing material?<\/span><\/h4>\n<\/blockquote>\n<p>We offer <strong>PTFE tubing<\/strong> with the LAMBDA OMNICOLL. The <strong>tubing can be changed<\/strong> <em>(type and also the diameter)<\/em> which is suitable for your experiments.<\/p>\n<\/div><\/div><div id=\"panel-4607-2-0-2\" class=\"so-panel widget widget_black-studio-tinymce widget_black_studio_tinymce\" data-index=\"4\" style=\"margin-bottom: 50px\" ><div class=\"textwidget\"><blockquote>\n<h4 id=\"peristaltic-pump-controlled-fraction-collection\"><span style=\"color: #60351d;\">What is the opening diameter of the fraction collector LAMBDA OMNICOLL?<\/span><\/h4>\n<\/blockquote>\n<p>The opening diameter of LAMBDA OMNICOLL is <strong>2 mm<\/strong> <em>(we provide Teflon tubing with 1.7 mm outer diameter to fit inside the tubing guide)<\/em>. You could also <strong>fix any tubing diameter<\/strong> onto the tubing guide (outside the tubing guide) using a suitable spiral wrap or use a heat contractible tubing.<\/p>\n<\/div><\/div><div id=\"panel-4607-2-0-3\" class=\"so-panel widget widget_black-studio-tinymce widget_black_studio_tinymce panel-last-child\" data-index=\"5\" ><div class=\"textwidget\"><blockquote>\n<h4 id=\"peristaltic-pump-controlled-fraction-collection\"><span style=\"color: #60351d;\">Is it possible to use 6 mm tubing (internal diameter) as we are working with viscous substances?<\/span><\/h4>\n<\/blockquote>\n<p>It is not necessary to pass your 6 mm tubing with the viscous organic particles through the stainless steel tubing guide <em>(cannula which guides the tubing into the test tube for collecting the sample)<\/em>. You can <strong>fix your tubing to the tubing guide externally<\/strong> with the help of spiral wraps or adhesive tape, or heat contractible tubing could be used.<\/p>\n<\/div><\/div><\/div><\/div><\/div><\/div>","protected":false},"excerpt":{"rendered":"<p>FAQ &#8211; FREQUENTLY ASKED QUESTIONS Liquid flow and tubing diameter FAQ: Liquid flow and tubing diameterFrequently asked questions about liquid flow, top flow rate handled by fraction collector and fractionation tubing diameter.<\/p>\n","protected":false},"author":2,"featured_media":4608,"parent":4374,"menu_order":4,"comment_status":"closed","ping_status":"closed","template":"","meta":{"footnotes":""},"class_list":["post-4607","page","type-page","status-publish","has-post-thumbnail","hentry","post","post-with-thumbnail","post-with-thumbnail-icon"],"yoast_head":"<!-- This site is optimized with the Yoast SEO plugin v27.6 - https:\/\/yoast.com\/product\/yoast-seo-wordpress\/ -->\n<title>D\u00e9bit de liquide et diam\u00e8tre de tubulure &#8211; LAMBDA OMNICOLL | LAMBDA Laboratory Instruments<\/title>\n<meta name=\"description\" content=\"Questions fr\u00e9quemment pos\u00e9es sur le d\u00e9bit de liquide, le d\u00e9bit maximal g\u00e9r\u00e9 par le collecteur de fractions et le diam\u00e8tre de tubulure de fractionnement.\" \/>\n<meta name=\"robots\" content=\"index, follow, max-snippet:-1, max-image-preview:large, max-video-preview:-1\" \/>\n<link rel=\"canonical\" href=\"https:\/\/www.fractioncollector.info\/fr\/faq-questions-frequemment-posees-concernant-les-collecteurs-de-fractions\/debit-de-liquide-et-diametre-de-tubulure\/\" \/>\n<meta property=\"og:locale\" content=\"fr_FR\" \/>\n<meta property=\"og:type\" content=\"article\" \/>\n<meta property=\"og:title\" content=\"D\u00e9bit de liquide et diam\u00e8tre de tubulure &#8211; LAMBDA OMNICOLL | LAMBDA Laboratory Instruments\" \/>\n<meta property=\"og:description\" content=\"Questions fr\u00e9quemment pos\u00e9es sur le d\u00e9bit de liquide, le d\u00e9bit maximal g\u00e9r\u00e9 par le collecteur de fractions et le diam\u00e8tre de tubulure de fractionnement.\" \/>\n<meta property=\"og:url\" content=\"https:\/\/www.fractioncollector.info\/fr\/faq-questions-frequemment-posees-concernant-les-collecteurs-de-fractions\/debit-de-liquide-et-diametre-de-tubulure\/\" \/>\n<meta property=\"og:site_name\" content=\"LAMBDA OMNICOLL | LAMBDA Laboratory Instruments\" \/>\n<meta property=\"article:publisher\" content=\"https:\/\/www.facebook.com\/LambdaLaboratoryInstrumentsCzSro\/\" \/>\n<meta property=\"article:modified_time\" content=\"2026-04-28T16:50:52+00:00\" \/>\n<meta property=\"og:image\" content=\"https:\/\/www.fractioncollector.info\/wp-content\/uploads\/figure1.1-12-Place-the-tube-rack-on-the-fixing-mat1.jpg\" \/>\n\t<meta property=\"og:image:width\" content=\"677\" \/>\n\t<meta property=\"og:image:height\" content=\"381\" \/>\n\t<meta property=\"og:image:type\" content=\"image\/jpeg\" \/>\n<meta name=\"twitter:card\" content=\"summary_large_image\" \/>\n<meta name=\"twitter:site\" content=\"@LAMBDA_Labinstr\" \/>\n<meta name=\"twitter:label1\" content=\"Dur\u00e9e de lecture estim\u00e9e\" \/>\n\t<meta name=\"twitter:data1\" content=\"1 minute\" \/>\n<script type=\"application\/ld+json\" class=\"yoast-schema-graph\">{\"@context\":\"https:\\\/\\\/schema.org\",\"@graph\":[{\"@type\":\"WebPage\",\"@id\":\"https:\\\/\\\/www.fractioncollector.info\\\/fr\\\/faq-questions-frequemment-posees-concernant-les-collecteurs-de-fractions\\\/debit-de-liquide-et-diametre-de-tubulure\\\/\",\"url\":\"https:\\\/\\\/www.fractioncollector.info\\\/fr\\\/faq-questions-frequemment-posees-concernant-les-collecteurs-de-fractions\\\/debit-de-liquide-et-diametre-de-tubulure\\\/\",\"name\":\"D\u00e9bit de liquide et diam\u00e8tre de tubulure &#8211; LAMBDA OMNICOLL | LAMBDA Laboratory Instruments\",\"isPartOf\":{\"@id\":\"https:\\\/\\\/www.fractioncollector.info\\\/fr\\\/#website\"},\"primaryImageOfPage\":{\"@id\":\"https:\\\/\\\/www.fractioncollector.info\\\/fr\\\/faq-questions-frequemment-posees-concernant-les-collecteurs-de-fractions\\\/debit-de-liquide-et-diametre-de-tubulure\\\/#primaryimage\"},\"image\":{\"@id\":\"https:\\\/\\\/www.fractioncollector.info\\\/fr\\\/faq-questions-frequemment-posees-concernant-les-collecteurs-de-fractions\\\/debit-de-liquide-et-diametre-de-tubulure\\\/#primaryimage\"},\"thumbnailUrl\":\"https:\\\/\\\/www.fractioncollector.info\\\/wp-content\\\/uploads\\\/figure1.1-12-Place-the-tube-rack-on-the-fixing-mat1.jpg\",\"datePublished\":\"2018-02-14T13:24:50+00:00\",\"dateModified\":\"2026-04-28T16:50:52+00:00\",\"description\":\"Questions fr\u00e9quemment pos\u00e9es sur le d\u00e9bit de liquide, le d\u00e9bit maximal g\u00e9r\u00e9 par le collecteur de fractions et le diam\u00e8tre de tubulure de fractionnement.\",\"breadcrumb\":{\"@id\":\"https:\\\/\\\/www.fractioncollector.info\\\/fr\\\/faq-questions-frequemment-posees-concernant-les-collecteurs-de-fractions\\\/debit-de-liquide-et-diametre-de-tubulure\\\/#breadcrumb\"},\"inLanguage\":\"fr-FR\",\"potentialAction\":[{\"@type\":\"ReadAction\",\"target\":[\"https:\\\/\\\/www.fractioncollector.info\\\/fr\\\/faq-questions-frequemment-posees-concernant-les-collecteurs-de-fractions\\\/debit-de-liquide-et-diametre-de-tubulure\\\/\"]}]},{\"@type\":\"ImageObject\",\"inLanguage\":\"fr-FR\",\"@id\":\"https:\\\/\\\/www.fractioncollector.info\\\/fr\\\/faq-questions-frequemment-posees-concernant-les-collecteurs-de-fractions\\\/debit-de-liquide-et-diametre-de-tubulure\\\/#primaryimage\",\"url\":\"https:\\\/\\\/www.fractioncollector.info\\\/wp-content\\\/uploads\\\/figure1.1-12-Place-the-tube-rack-on-the-fixing-mat1.jpg\",\"contentUrl\":\"https:\\\/\\\/www.fractioncollector.info\\\/wp-content\\\/uploads\\\/figure1.1-12-Place-the-tube-rack-on-the-fixing-mat1.jpg\",\"width\":677,\"height\":381},{\"@type\":\"BreadcrumbList\",\"@id\":\"https:\\\/\\\/www.fractioncollector.info\\\/fr\\\/faq-questions-frequemment-posees-concernant-les-collecteurs-de-fractions\\\/debit-de-liquide-et-diametre-de-tubulure\\\/#breadcrumb\",\"itemListElement\":[{\"@type\":\"ListItem\",\"position\":1,\"name\":\"Home\",\"item\":\"https:\\\/\\\/www.fractioncollector.info\\\/fr\\\/collecteur-de-fractions-et-echantillonneur-lambda-omnicoll\\\/\"},{\"@type\":\"ListItem\",\"position\":2,\"name\":\"FAQ &#8211; Questions fr\u00e9quemment pos\u00e9es concernant les collecteurs de fractions\",\"item\":\"https:\\\/\\\/www.fractioncollector.info\\\/fr\\\/faq-questions-frequemment-posees-concernant-les-collecteurs-de-fractions\\\/\"},{\"@type\":\"ListItem\",\"position\":3,\"name\":\"D\u00e9bit de liquide et diam\u00e8tre de tubulure\"}]},{\"@type\":\"WebSite\",\"@id\":\"https:\\\/\\\/www.fractioncollector.info\\\/fr\\\/#website\",\"url\":\"https:\\\/\\\/www.fractioncollector.info\\\/fr\\\/\",\"name\":\"LAMBDA OMNICOLL\",\"description\":\"fraction collector &amp; auto-sampler\",\"publisher\":{\"@id\":\"https:\\\/\\\/www.fractioncollector.info\\\/fr\\\/#organization\"},\"potentialAction\":[{\"@type\":\"SearchAction\",\"target\":{\"@type\":\"EntryPoint\",\"urlTemplate\":\"https:\\\/\\\/www.fractioncollector.info\\\/fr\\\/?s={search_term_string}\"},\"query-input\":{\"@type\":\"PropertyValueSpecification\",\"valueRequired\":true,\"valueName\":\"search_term_string\"}}],\"inLanguage\":\"fr-FR\"},{\"@type\":\"Organization\",\"@id\":\"https:\\\/\\\/www.fractioncollector.info\\\/fr\\\/#organization\",\"name\":\"Instruments de laboratoire LAMBDA\",\"url\":\"https:\\\/\\\/www.fractioncollector.info\\\/fr\\\/\",\"logo\":{\"@type\":\"ImageObject\",\"inLanguage\":\"fr-FR\",\"@id\":\"https:\\\/\\\/www.fractioncollector.info\\\/fr\\\/#\\\/schema\\\/logo\\\/image\\\/\",\"url\":\"https:\\\/\\\/www.fractioncollector.info\\\/wp-content\\\/uploads\\\/lambda-logo.jpg\",\"contentUrl\":\"https:\\\/\\\/www.fractioncollector.info\\\/wp-content\\\/uploads\\\/lambda-logo.jpg\",\"width\":1599,\"height\":365,\"caption\":\"Instruments de laboratoire LAMBDA\"},\"image\":{\"@id\":\"https:\\\/\\\/www.fractioncollector.info\\\/fr\\\/#\\\/schema\\\/logo\\\/image\\\/\"},\"sameAs\":[\"https:\\\/\\\/www.facebook.com\\\/LambdaLaboratoryInstrumentsCzSro\\\/\",\"https:\\\/\\\/x.com\\\/LAMBDA_Labinstr\",\"https:\\\/\\\/www.instagram.com\\\/lambdainstruments\\\/\",\"https:\\\/\\\/www.linkedin.com\\\/company\\\/lambda-laboratory-instruments?trk=biz-companies-cym\",\"https:\\\/\\\/www.pinterest.com\\\/lambdacz\\\/\",\"https:\\\/\\\/www.youtube.com\\\/user\\\/LambdaCZ\"]}]}<\/script>\n<!-- \/ Yoast SEO plugin. -->","yoast_head_json":{"title":"D\u00e9bit de liquide et diam\u00e8tre de tubulure &#8211; LAMBDA OMNICOLL | LAMBDA Laboratory Instruments","description":"Questions fr\u00e9quemment pos\u00e9es sur le d\u00e9bit de liquide, le d\u00e9bit maximal g\u00e9r\u00e9 par le collecteur de fractions et le diam\u00e8tre de tubulure de fractionnement.","robots":{"index":"index","follow":"follow","max-snippet":"max-snippet:-1","max-image-preview":"max-image-preview:large","max-video-preview":"max-video-preview:-1"},"canonical":"https:\/\/www.fractioncollector.info\/fr\/faq-questions-frequemment-posees-concernant-les-collecteurs-de-fractions\/debit-de-liquide-et-diametre-de-tubulure\/","og_locale":"fr_FR","og_type":"article","og_title":"D\u00e9bit de liquide et diam\u00e8tre de tubulure &#8211; LAMBDA OMNICOLL | LAMBDA Laboratory Instruments","og_description":"Questions fr\u00e9quemment pos\u00e9es sur le d\u00e9bit de liquide, le d\u00e9bit maximal g\u00e9r\u00e9 par le collecteur de fractions et le diam\u00e8tre de tubulure de fractionnement.","og_url":"https:\/\/www.fractioncollector.info\/fr\/faq-questions-frequemment-posees-concernant-les-collecteurs-de-fractions\/debit-de-liquide-et-diametre-de-tubulure\/","og_site_name":"LAMBDA OMNICOLL | LAMBDA Laboratory Instruments","article_publisher":"https:\/\/www.facebook.com\/LambdaLaboratoryInstrumentsCzSro\/","article_modified_time":"2026-04-28T16:50:52+00:00","og_image":[{"width":677,"height":381,"url":"https:\/\/www.fractioncollector.info\/wp-content\/uploads\/figure1.1-12-Place-the-tube-rack-on-the-fixing-mat1.jpg","type":"image\/jpeg"}],"twitter_card":"summary_large_image","twitter_site":"@LAMBDA_Labinstr","twitter_misc":{"Dur\u00e9e de lecture estim\u00e9e":"1 minute"},"schema":{"@context":"https:\/\/schema.org","@graph":[{"@type":"WebPage","@id":"https:\/\/www.fractioncollector.info\/fr\/faq-questions-frequemment-posees-concernant-les-collecteurs-de-fractions\/debit-de-liquide-et-diametre-de-tubulure\/","url":"https:\/\/www.fractioncollector.info\/fr\/faq-questions-frequemment-posees-concernant-les-collecteurs-de-fractions\/debit-de-liquide-et-diametre-de-tubulure\/","name":"D\u00e9bit de liquide et diam\u00e8tre de tubulure &#8211; LAMBDA OMNICOLL | LAMBDA Laboratory Instruments","isPartOf":{"@id":"https:\/\/www.fractioncollector.info\/fr\/#website"},"primaryImageOfPage":{"@id":"https:\/\/www.fractioncollector.info\/fr\/faq-questions-frequemment-posees-concernant-les-collecteurs-de-fractions\/debit-de-liquide-et-diametre-de-tubulure\/#primaryimage"},"image":{"@id":"https:\/\/www.fractioncollector.info\/fr\/faq-questions-frequemment-posees-concernant-les-collecteurs-de-fractions\/debit-de-liquide-et-diametre-de-tubulure\/#primaryimage"},"thumbnailUrl":"https:\/\/www.fractioncollector.info\/wp-content\/uploads\/figure1.1-12-Place-the-tube-rack-on-the-fixing-mat1.jpg","datePublished":"2018-02-14T13:24:50+00:00","dateModified":"2026-04-28T16:50:52+00:00","description":"Questions fr\u00e9quemment pos\u00e9es sur le d\u00e9bit de liquide, le d\u00e9bit maximal g\u00e9r\u00e9 par le collecteur de fractions et le diam\u00e8tre de tubulure de fractionnement.","breadcrumb":{"@id":"https:\/\/www.fractioncollector.info\/fr\/faq-questions-frequemment-posees-concernant-les-collecteurs-de-fractions\/debit-de-liquide-et-diametre-de-tubulure\/#breadcrumb"},"inLanguage":"fr-FR","potentialAction":[{"@type":"ReadAction","target":["https:\/\/www.fractioncollector.info\/fr\/faq-questions-frequemment-posees-concernant-les-collecteurs-de-fractions\/debit-de-liquide-et-diametre-de-tubulure\/"]}]},{"@type":"ImageObject","inLanguage":"fr-FR","@id":"https:\/\/www.fractioncollector.info\/fr\/faq-questions-frequemment-posees-concernant-les-collecteurs-de-fractions\/debit-de-liquide-et-diametre-de-tubulure\/#primaryimage","url":"https:\/\/www.fractioncollector.info\/wp-content\/uploads\/figure1.1-12-Place-the-tube-rack-on-the-fixing-mat1.jpg","contentUrl":"https:\/\/www.fractioncollector.info\/wp-content\/uploads\/figure1.1-12-Place-the-tube-rack-on-the-fixing-mat1.jpg","width":677,"height":381},{"@type":"BreadcrumbList","@id":"https:\/\/www.fractioncollector.info\/fr\/faq-questions-frequemment-posees-concernant-les-collecteurs-de-fractions\/debit-de-liquide-et-diametre-de-tubulure\/#breadcrumb","itemListElement":[{"@type":"ListItem","position":1,"name":"Home","item":"https:\/\/www.fractioncollector.info\/fr\/collecteur-de-fractions-et-echantillonneur-lambda-omnicoll\/"},{"@type":"ListItem","position":2,"name":"FAQ &#8211; Questions fr\u00e9quemment pos\u00e9es concernant les collecteurs de fractions","item":"https:\/\/www.fractioncollector.info\/fr\/faq-questions-frequemment-posees-concernant-les-collecteurs-de-fractions\/"},{"@type":"ListItem","position":3,"name":"D\u00e9bit de liquide et diam\u00e8tre de tubulure"}]},{"@type":"WebSite","@id":"https:\/\/www.fractioncollector.info\/fr\/#website","url":"https:\/\/www.fractioncollector.info\/fr\/","name":"LAMBDA OMNICOLL","description":"fraction collector &amp; auto-sampler","publisher":{"@id":"https:\/\/www.fractioncollector.info\/fr\/#organization"},"potentialAction":[{"@type":"SearchAction","target":{"@type":"EntryPoint","urlTemplate":"https:\/\/www.fractioncollector.info\/fr\/?s={search_term_string}"},"query-input":{"@type":"PropertyValueSpecification","valueRequired":true,"valueName":"search_term_string"}}],"inLanguage":"fr-FR"},{"@type":"Organization","@id":"https:\/\/www.fractioncollector.info\/fr\/#organization","name":"Instruments de laboratoire LAMBDA","url":"https:\/\/www.fractioncollector.info\/fr\/","logo":{"@type":"ImageObject","inLanguage":"fr-FR","@id":"https:\/\/www.fractioncollector.info\/fr\/#\/schema\/logo\/image\/","url":"https:\/\/www.fractioncollector.info\/wp-content\/uploads\/lambda-logo.jpg","contentUrl":"https:\/\/www.fractioncollector.info\/wp-content\/uploads\/lambda-logo.jpg","width":1599,"height":365,"caption":"Instruments de laboratoire LAMBDA"},"image":{"@id":"https:\/\/www.fractioncollector.info\/fr\/#\/schema\/logo\/image\/"},"sameAs":["https:\/\/www.facebook.com\/LambdaLaboratoryInstrumentsCzSro\/","https:\/\/x.com\/LAMBDA_Labinstr","https:\/\/www.instagram.com\/lambdainstruments\/","https:\/\/www.linkedin.com\/company\/lambda-laboratory-instruments?trk=biz-companies-cym","https:\/\/www.pinterest.com\/lambdacz\/","https:\/\/www.youtube.com\/user\/LambdaCZ"]}]}},"_links":{"self":[{"href":"https:\/\/www.fractioncollector.info\/fr\/wp-json\/wp\/v2\/pages\/4607","targetHints":{"allow":["GET"]}}],"collection":[{"href":"https:\/\/www.fractioncollector.info\/fr\/wp-json\/wp\/v2\/pages"}],"about":[{"href":"https:\/\/www.fractioncollector.info\/fr\/wp-json\/wp\/v2\/types\/page"}],"author":[{"embeddable":true,"href":"https:\/\/www.fractioncollector.info\/fr\/wp-json\/wp\/v2\/users\/2"}],"replies":[{"embeddable":true,"href":"https:\/\/www.fractioncollector.info\/fr\/wp-json\/wp\/v2\/comments?post=4607"}],"version-history":[{"count":3,"href":"https:\/\/www.fractioncollector.info\/fr\/wp-json\/wp\/v2\/pages\/4607\/revisions"}],"predecessor-version":[{"id":4611,"href":"https:\/\/www.fractioncollector.info\/fr\/wp-json\/wp\/v2\/pages\/4607\/revisions\/4611"}],"up":[{"embeddable":true,"href":"https:\/\/www.fractioncollector.info\/fr\/wp-json\/wp\/v2\/pages\/4374"}],"wp:featuredmedia":[{"embeddable":true,"href":"https:\/\/www.fractioncollector.info\/fr\/wp-json\/wp\/v2\/media\/4608"}],"wp:attachment":[{"href":"https:\/\/www.fractioncollector.info\/fr\/wp-json\/wp\/v2\/media?parent=4607"}],"curies":[{"name":"wp","href":"https:\/\/api.w.org\/{rel}","templated":true}]}}