{"id":4651,"date":"2018-05-23T17:47:26","date_gmt":"2018-05-23T15:47:26","guid":{"rendered":"https:\/\/www.fractioncollector.info\/politique-de-confidentialite\/"},"modified":"2018-05-23T17:47:26","modified_gmt":"2018-05-23T15:47:26","slug":"politique-de-confidentialite","status":"publish","type":"page","link":"https:\/\/www.fractioncollector.info\/fr\/politique-de-confidentialite\/","title":{"rendered":"Politique de confidentialit\u00e9"},"content":{"rendered":"<div id=\"comp-jhg3i7ks\" class=\"txtNew\" data-packed=\"true\">\n<h2 class=\"font_2\"><span class=\"color_14\">Politique de confidentialit\u00e9 de LAMBDA CZ s.r.o.<\/span><\/h2>\n<\/div>\n<div id=\"comp-jhg3jcul\" class=\"txtNew\" data-packed=\"true\">\n<p class=\"font_7\">Cette politique de confidentialit\u00e9 d\u00e9crit la mani\u00e8re dont vos informations personnelles sont collect\u00e9es, utilis\u00e9es et partag\u00e9es lorsque vous visitez ou effectuez un achat sur www.fractioncollector.info (<strong>le \u00ab&nbsp;Site&nbsp;\u00bb<\/strong>).<\/p>\n<\/div>\n<div id=\"comp-jhg3k6or\" class=\"txtNew\" data-packed=\"true\">\n<h3 class=\"font_5\">INFORMATIONS PERSONNELLES QUE NOUS COLLECTONS<\/h3>\n<\/div>\n<div id=\"comp-jhg3l3zn\" class=\"txtNew\" data-packed=\"true\">\n<p class=\"font_8\">Lorsque vous visitez le Site, nous collectons automatiquement certaines informations concernant votre appareil, notamment des informations sur votre navigateur Web, votre adresse&nbsp;IP, votre fuseau horaire et certains des cookies qui sont install\u00e9s sur votre appareil. De plus, lorsque vous naviguez sur le Site, nous collectons des informations sur les pages Web ou les produits individuels que vous consultez, les sites Web ou les termes de recherche qui vous ont renvoy\u00e9 au Site, ainsi que des informations sur la mani\u00e8re dont vous interagissez avec le Site. Nous d\u00e9signons ces informations collect\u00e9es automatiquement par le terme <strong>\u00ab&nbsp;Informations sur l\u2019appareil&nbsp;\u00bb.<\/strong>  <\/p>\n<p class=\"font_8\">Nous collectons les Informations sur l\u2019appareil \u00e0 l\u2019aide des technologies suivantes&nbsp;:<\/p>\n<ul>\n<li class=\"font_8\">Les \u00ab&nbsp;cookies&nbsp;\u00bb sont des fichiers de donn\u00e9es qui sont plac\u00e9s sur votre appareil ou votre ordinateur et comprennent souvent un identifiant unique anonyme. Pour plus d\u2019informations sur les cookies et sur la mani\u00e8re de les d\u00e9sactiver, consultez le site <a href=\"http:\/\/www.allaboutcookies.org\/\" target=\"_blank\" rel=\"noopener undefined noreferrer\" data-content=\"http:\/\/www.allaboutcookies.org\" data-type=\"external\">www.allaboutcookies.org<\/a>. <\/li>\n<li class=\"font_8\">Les \u00ab&nbsp;fichiers journaux&nbsp;\u00bb suivent les actions qui se produisent sur le Site et collectent des donn\u00e9es, notamment votre adresse&nbsp;IP, le type de navigateur, le fournisseur de services Internet, les pages de renvoi\/de sortie et les horodatages.<\/li>\n<li class=\"font_8\">Les \u00ab&nbsp;balises Web&nbsp;\u00bb, les \u00ab&nbsp;\u00e9tiquettes&nbsp;\u00bb et les \u00ab&nbsp;pixels&nbsp;\u00bb sont des fichiers \u00e9lectroniques utilis\u00e9s pour enregistrer des informations sur la mani\u00e8re dont vous naviguez sur le Site.<\/li>\n<\/ul>\n<p class=\"font_8\">De plus, lorsque vous effectuez un achat ou tentez d\u2019effectuer un achat via le Site, nous collectons certaines informations aupr\u00e8s de vous, notamment votre nom, votre adresse de facturation, votre adresse de livraison, vos informations de paiement (PayPal), votre adresse e-mail et votre num\u00e9ro de t\u00e9l\u00e9phone. Nous d\u00e9signons ces informations par le terme \u00ab&nbsp;Informations sur la commande&nbsp;\u00bb. <\/p>\n<p class=\"font_8\">Lorsque nous parlons d\u2019\u00ab&nbsp;Informations personnelles&nbsp;\u00bb dans la pr\u00e9sente politique de confidentialit\u00e9, nous parlons \u00e0 la fois des Informations sur l\u2019appareil et des Informations sur la commande.<\/p>\n<\/div>\n<div id=\"comp-jhg3nu5z\" class=\"txtNew\" data-packed=\"true\">\n<h3 class=\"font_5\">COMMENT UTILISONS-NOUS VOS INFORMATIONS PERSONNELLES&nbsp;?<\/h3>\n<\/div>\n<div id=\"comp-jhg3pmyc\" class=\"txtNew\" data-packed=\"true\">\n<p class=\"font_8\">Nous utilisons les Informations sur la commande que nous collectons g\u00e9n\u00e9ralement pour ex\u00e9cuter toutes les commandes pass\u00e9es via le Site (y compris le traitement de vos informations de paiement, l\u2019organisation de l\u2019exp\u00e9dition et la fourniture de factures et\/ou de confirmations de commande).<\/p>\n<p class=\"font_8\">De plus, nous utilisons ces Informations sur la commande pour&nbsp;:<\/p>\n<ul>\n<li class=\"font_8\">Communiquer avec vous&nbsp;;<\/li>\n<li class=\"font_8\">Filtrer nos commandes pour d\u00e9tecter tout risque potentiel ou toute fraude&nbsp;; et<\/li>\n<li class=\"font_8\">Lorsque cela correspond aux pr\u00e9f\u00e9rences que vous avez partag\u00e9es avec nous, vous fournir des informations ou des publicit\u00e9s relatives \u00e0 nos produits ou services.<\/li>\n<\/ul>\n<p class=\"font_8\">Nous utilisons les Informations sur l\u2019appareil que nous collectons pour nous aider \u00e0 d\u00e9tecter les risques potentiels et les fraudes (en particulier, votre adresse&nbsp;IP), et plus g\u00e9n\u00e9ralement pour am\u00e9liorer et optimiser notre Site (par exemple, en g\u00e9n\u00e9rant des analyses sur la mani\u00e8re dont nos clients naviguent et interagissent avec le Site, et pour \u00e9valuer le succ\u00e8s de nos campagnes de marketing et de publicit\u00e9).<\/p>\n<\/div>\n<div id=\"comp-jhg3uxi1\" class=\"txtNew\" data-packed=\"true\">\n<h3 class=\"font_5\">PUBLICIT\u00c9 COMPORTEMENTALE<\/h3>\n<\/div>\n<div id=\"comp-jhg3vtcj\" class=\"txtNew\" data-packed=\"true\">\n<p class=\"font_8\">Comme d\u00e9crit ci-dessus, nous utilisons vos Informations personnelles pour vous fournir des publicit\u00e9s cibl\u00e9es ou des communications marketing qui, selon nous, pourraient vous int\u00e9resser. Pour plus d\u2019informations sur le fonctionnement de la publicit\u00e9 cibl\u00e9e, vous pouvez consulter la page \u00e9ducative de la Network Advertising Initiative (\u00ab&nbsp;NAI&nbsp;\u00bb) \u00e0 l\u2019adresse <a class=\"auto-generated-link\" href=\"http:\/\/www.networkadvertising.org\/understanding-online-advertising\/how-does-it-work\" target=\"_blank\" rel=\"noopener noreferrer\" data-auto-recognition=\"true\" data-content=\"http:\/\/www.networkadvertising.org\/understanding-online-advertising\/how-does-it-work.\" data-type=\"external\">www.networkadvertising.org\/understanding-online-advertising\/how-does-it-work<\/a><span class=\"wixGuard\"> \u200b.<\/span> <\/p>\n<p class=\"font_8\">De plus, vous pouvez d\u00e9sactiver certains de ces services en visitant le portail de d\u00e9sactivation de la Digital Advertising Alliance \u00e0 l\u2019adresse <a href=\"http:\/\/optout.aboutads.info\/\" target=\"_blank\" rel=\"noopener noreferrer\">http:\/\/optout.aboutads.info\/<\/a>.<\/p>\n<\/div>\n<div id=\"comp-jhg3x4yx\" class=\"txtNew\" data-packed=\"true\">\n<h3 class=\"font_5\">VOS DROITS<\/h3>\n<\/div>\n<div id=\"comp-jhg3xv2c\" class=\"txtNew\" data-packed=\"true\">\n<p class=\"font_8\">Si vous \u00eates un r\u00e9sident europ\u00e9en, vous avez le droit d\u2019acc\u00e9der aux informations personnelles que nous d\u00e9tenons \u00e0 votre sujet et de demander \u00e0 ce que vos informations personnelles soient corrig\u00e9es, mises \u00e0 jour ou supprim\u00e9es. Si vous souhaitez exercer ce droit, veuillez nous contacter via les coordonn\u00e9es ci-dessous. <\/p>\n<p class=\"font_8\">De plus, si vous \u00eates un r\u00e9sident europ\u00e9en, nous notons que nous traitons vos informations afin d\u2019ex\u00e9cuter les contrats que nous pourrions avoir avec vous (par exemple, si vous passez une commande via le Site), ou autrement pour poursuivre nos int\u00e9r\u00eats commerciaux l\u00e9gitimes \u00e9num\u00e9r\u00e9s ci-dessus. De plus, veuillez noter que vos informations seront transf\u00e9r\u00e9es en dehors de l\u2019Europe, y compris au Canada et aux \u00c9tats-Unis. <\/p>\n<\/div>\n<div id=\"comp-jhg3s3y1\" class=\"txtNew\" data-packed=\"true\">\n<h3 class=\"font_5\">CONSERVATION DES DONN\u00c9ES<\/h3>\n<\/div>\n<div id=\"comp-jhg3t2yk\" class=\"txtNew\" data-packed=\"true\">\n<p class=\"font_7\">Lorsque vous passez une commande via le Site, nous conservons vos Informations sur la commande dans nos dossiers, sauf si et jusqu\u2019\u00e0 ce que vous nous demandiez de supprimer ces informations.<span class=\"wixGuard\">\u200b<\/span><\/p>\n<\/div>\n<div id=\"comp-jhg433tg\" class=\"txtNew\" data-packed=\"true\">\n<h3 class=\"font_5\">MODIFICATIONS<\/h3>\n<\/div>\n<div id=\"comp-jhg4450x\" class=\"txtNew\" data-packed=\"true\">\n<p class=\"font_7\">Nous pouvons mettre \u00e0 jour cette politique de confidentialit\u00e9 de temps \u00e0 autre afin de refl\u00e9ter, par exemple, les modifications apport\u00e9es \u00e0 nos pratiques ou pour d\u2019autres raisons op\u00e9rationnelles, juridiques ou r\u00e9glementaires.<\/p>\n<\/div>\n<div id=\"comp-jhg44zdg\" class=\"txtNew\" data-packed=\"true\">\n<h3 class=\"font_5\">CONTACTEZ-NOUS<\/h3>\n<\/div>\n<div id=\"comp-jhg45tjc\" class=\"txtNew\" data-packed=\"true\">\n<p class=\"font_8\">Pour plus d\u2019informations sur nos pratiques en mati\u00e8re de confidentialit\u00e9, si vous avez des questions ou si vous souhaitez d\u00e9poser une plainte, veuillez nous contacter par e-mail \u00e0 l\u2019adresse <span class=\"color_24\"><a href=\"mailto:support@lambda-instruments.com?subject=LAMBDA%20Privacy%20Policy\" target=\"_self\" rel=\"noopener noreferrer\" data-content=\"support@lambda-instruments.com\" data-type=\"mail\">support@lambda-instruments.com<\/a><\/span> ou par courrier en utilisant les coordonn\u00e9es fournies ci-dessous&nbsp;:<\/p>\n<p class=\"font_8\">Lozibky 1, Brno, 61400, R\u00e9publique tch\u00e8que<\/p>\n<\/div>\n","protected":false},"excerpt":{"rendered":"<p>Politique de confidentialit\u00e9 de LAMBDA CZ s.r.o. Cette politique de confidentialit\u00e9 d\u00e9crit la mani\u00e8re dont vos informations personnelles sont collect\u00e9es, utilis\u00e9es et partag\u00e9es lorsque vous visitez ou effectuez un achat sur www.fractioncollector.info (le \u00ab&nbsp;Site&nbsp;\u00bb). INFORMATIONS PERSONNELLES QUE NOUS COLLECTONS Lorsque vous visitez le Site, nous collectons automatiquement certaines informations concernant votre appareil, notamment des informations [&hellip;]<\/p>\n","protected":false},"author":2,"featured_media":0,"parent":0,"menu_order":0,"comment_status":"closed","ping_status":"closed","template":"","meta":{"footnotes":""},"class_list":["post-4651","page","type-page","status-publish","hentry","post"],"yoast_head":"<!-- This site is optimized with the Yoast SEO plugin v27.5 - https:\/\/yoast.com\/product\/yoast-seo-wordpress\/ -->\n<title>Politique de confidentialit\u00e9 &#8211; LAMBDA OMNICOLL | LAMBDA Laboratory Instruments<\/title>\n<meta name=\"robots\" content=\"index, follow, max-snippet:-1, max-image-preview:large, max-video-preview:-1\" \/>\n<link rel=\"canonical\" href=\"https:\/\/www.fractioncollector.info\/fr\/politique-de-confidentialite\/\" \/>\n<meta property=\"og:locale\" content=\"fr_FR\" \/>\n<meta property=\"og:type\" content=\"article\" \/>\n<meta property=\"og:title\" content=\"Politique de confidentialit\u00e9 &#8211; LAMBDA OMNICOLL | LAMBDA Laboratory Instruments\" \/>\n<meta property=\"og:description\" content=\"Politique de confidentialit\u00e9 de LAMBDA CZ s.r.o. Cette politique de confidentialit\u00e9 d\u00e9crit la mani\u00e8re dont vos informations personnelles sont collect\u00e9es, utilis\u00e9es et partag\u00e9es lorsque vous visitez ou effectuez un achat sur www.fractioncollector.info (le \u00ab&nbsp;Site&nbsp;\u00bb). INFORMATIONS PERSONNELLES QUE NOUS COLLECTONS Lorsque vous visitez le Site, nous collectons automatiquement certaines informations concernant votre appareil, notamment des informations [&hellip;]\" \/>\n<meta property=\"og:url\" content=\"https:\/\/www.fractioncollector.info\/fr\/politique-de-confidentialite\/\" \/>\n<meta property=\"og:site_name\" content=\"LAMBDA OMNICOLL | LAMBDA Laboratory Instruments\" \/>\n<meta property=\"article:publisher\" content=\"https:\/\/www.facebook.com\/LambdaLaboratoryInstrumentsCzSro\/\" \/>\n<meta name=\"twitter:card\" content=\"summary_large_image\" \/>\n<meta name=\"twitter:site\" content=\"@LAMBDA_Labinstr\" \/>\n<meta name=\"twitter:label1\" content=\"Dur\u00e9e de lecture estim\u00e9e\" \/>\n\t<meta name=\"twitter:data1\" content=\"5 minutes\" \/>\n<script type=\"application\/ld+json\" class=\"yoast-schema-graph\">{\"@context\":\"https:\\\/\\\/schema.org\",\"@graph\":[{\"@type\":\"WebPage\",\"@id\":\"https:\\\/\\\/www.fractioncollector.info\\\/fr\\\/politique-de-confidentialite\\\/\",\"url\":\"https:\\\/\\\/www.fractioncollector.info\\\/fr\\\/politique-de-confidentialite\\\/\",\"name\":\"Politique de confidentialit\u00e9 &#8211; LAMBDA OMNICOLL | LAMBDA Laboratory Instruments\",\"isPartOf\":{\"@id\":\"https:\\\/\\\/www.fractioncollector.info\\\/fr\\\/#website\"},\"datePublished\":\"2018-05-23T15:47:26+00:00\",\"breadcrumb\":{\"@id\":\"https:\\\/\\\/www.fractioncollector.info\\\/fr\\\/politique-de-confidentialite\\\/#breadcrumb\"},\"inLanguage\":\"fr-FR\",\"potentialAction\":[{\"@type\":\"ReadAction\",\"target\":[\"https:\\\/\\\/www.fractioncollector.info\\\/fr\\\/politique-de-confidentialite\\\/\"]}]},{\"@type\":\"BreadcrumbList\",\"@id\":\"https:\\\/\\\/www.fractioncollector.info\\\/fr\\\/politique-de-confidentialite\\\/#breadcrumb\",\"itemListElement\":[{\"@type\":\"ListItem\",\"position\":1,\"name\":\"Home\",\"item\":\"https:\\\/\\\/www.fractioncollector.info\\\/fr\\\/collecteur-de-fractions-et-echantillonneur-lambda-omnicoll\\\/\"},{\"@type\":\"ListItem\",\"position\":2,\"name\":\"Politique de confidentialit\u00e9\"}]},{\"@type\":\"WebSite\",\"@id\":\"https:\\\/\\\/www.fractioncollector.info\\\/fr\\\/#website\",\"url\":\"https:\\\/\\\/www.fractioncollector.info\\\/fr\\\/\",\"name\":\"LAMBDA OMNICOLL\",\"description\":\"fraction collector &amp; auto-sampler\",\"publisher\":{\"@id\":\"https:\\\/\\\/www.fractioncollector.info\\\/fr\\\/#organization\"},\"potentialAction\":[{\"@type\":\"SearchAction\",\"target\":{\"@type\":\"EntryPoint\",\"urlTemplate\":\"https:\\\/\\\/www.fractioncollector.info\\\/fr\\\/?s={search_term_string}\"},\"query-input\":{\"@type\":\"PropertyValueSpecification\",\"valueRequired\":true,\"valueName\":\"search_term_string\"}}],\"inLanguage\":\"fr-FR\"},{\"@type\":\"Organization\",\"@id\":\"https:\\\/\\\/www.fractioncollector.info\\\/fr\\\/#organization\",\"name\":\"Instruments de laboratoire LAMBDA\",\"url\":\"https:\\\/\\\/www.fractioncollector.info\\\/fr\\\/\",\"logo\":{\"@type\":\"ImageObject\",\"inLanguage\":\"fr-FR\",\"@id\":\"https:\\\/\\\/www.fractioncollector.info\\\/fr\\\/#\\\/schema\\\/logo\\\/image\\\/\",\"url\":\"https:\\\/\\\/www.fractioncollector.info\\\/wp-content\\\/uploads\\\/lambda-logo.jpg\",\"contentUrl\":\"https:\\\/\\\/www.fractioncollector.info\\\/wp-content\\\/uploads\\\/lambda-logo.jpg\",\"width\":1599,\"height\":365,\"caption\":\"Instruments de laboratoire LAMBDA\"},\"image\":{\"@id\":\"https:\\\/\\\/www.fractioncollector.info\\\/fr\\\/#\\\/schema\\\/logo\\\/image\\\/\"},\"sameAs\":[\"https:\\\/\\\/www.facebook.com\\\/LambdaLaboratoryInstrumentsCzSro\\\/\",\"https:\\\/\\\/x.com\\\/LAMBDA_Labinstr\",\"https:\\\/\\\/www.instagram.com\\\/lambdainstruments\\\/\",\"https:\\\/\\\/www.linkedin.com\\\/company\\\/lambda-laboratory-instruments?trk=biz-companies-cym\",\"https:\\\/\\\/www.pinterest.com\\\/lambdacz\\\/\",\"https:\\\/\\\/www.youtube.com\\\/user\\\/LambdaCZ\"]}]}<\/script>\n<!-- \/ Yoast SEO plugin. -->","yoast_head_json":{"title":"Politique de confidentialit\u00e9 &#8211; LAMBDA OMNICOLL | LAMBDA Laboratory Instruments","robots":{"index":"index","follow":"follow","max-snippet":"max-snippet:-1","max-image-preview":"max-image-preview:large","max-video-preview":"max-video-preview:-1"},"canonical":"https:\/\/www.fractioncollector.info\/fr\/politique-de-confidentialite\/","og_locale":"fr_FR","og_type":"article","og_title":"Politique de confidentialit\u00e9 &#8211; LAMBDA OMNICOLL | LAMBDA Laboratory Instruments","og_description":"Politique de confidentialit\u00e9 de LAMBDA CZ s.r.o. Cette politique de confidentialit\u00e9 d\u00e9crit la mani\u00e8re dont vos informations personnelles sont collect\u00e9es, utilis\u00e9es et partag\u00e9es lorsque vous visitez ou effectuez un achat sur www.fractioncollector.info (le \u00ab&nbsp;Site&nbsp;\u00bb). INFORMATIONS PERSONNELLES QUE NOUS COLLECTONS Lorsque vous visitez le Site, nous collectons automatiquement certaines informations concernant votre appareil, notamment des informations [&hellip;]","og_url":"https:\/\/www.fractioncollector.info\/fr\/politique-de-confidentialite\/","og_site_name":"LAMBDA OMNICOLL | LAMBDA Laboratory Instruments","article_publisher":"https:\/\/www.facebook.com\/LambdaLaboratoryInstrumentsCzSro\/","twitter_card":"summary_large_image","twitter_site":"@LAMBDA_Labinstr","twitter_misc":{"Dur\u00e9e de lecture estim\u00e9e":"5 minutes"},"schema":{"@context":"https:\/\/schema.org","@graph":[{"@type":"WebPage","@id":"https:\/\/www.fractioncollector.info\/fr\/politique-de-confidentialite\/","url":"https:\/\/www.fractioncollector.info\/fr\/politique-de-confidentialite\/","name":"Politique de confidentialit\u00e9 &#8211; LAMBDA OMNICOLL | LAMBDA Laboratory Instruments","isPartOf":{"@id":"https:\/\/www.fractioncollector.info\/fr\/#website"},"datePublished":"2018-05-23T15:47:26+00:00","breadcrumb":{"@id":"https:\/\/www.fractioncollector.info\/fr\/politique-de-confidentialite\/#breadcrumb"},"inLanguage":"fr-FR","potentialAction":[{"@type":"ReadAction","target":["https:\/\/www.fractioncollector.info\/fr\/politique-de-confidentialite\/"]}]},{"@type":"BreadcrumbList","@id":"https:\/\/www.fractioncollector.info\/fr\/politique-de-confidentialite\/#breadcrumb","itemListElement":[{"@type":"ListItem","position":1,"name":"Home","item":"https:\/\/www.fractioncollector.info\/fr\/collecteur-de-fractions-et-echantillonneur-lambda-omnicoll\/"},{"@type":"ListItem","position":2,"name":"Politique de confidentialit\u00e9"}]},{"@type":"WebSite","@id":"https:\/\/www.fractioncollector.info\/fr\/#website","url":"https:\/\/www.fractioncollector.info\/fr\/","name":"LAMBDA OMNICOLL","description":"fraction collector &amp; auto-sampler","publisher":{"@id":"https:\/\/www.fractioncollector.info\/fr\/#organization"},"potentialAction":[{"@type":"SearchAction","target":{"@type":"EntryPoint","urlTemplate":"https:\/\/www.fractioncollector.info\/fr\/?s={search_term_string}"},"query-input":{"@type":"PropertyValueSpecification","valueRequired":true,"valueName":"search_term_string"}}],"inLanguage":"fr-FR"},{"@type":"Organization","@id":"https:\/\/www.fractioncollector.info\/fr\/#organization","name":"Instruments de laboratoire LAMBDA","url":"https:\/\/www.fractioncollector.info\/fr\/","logo":{"@type":"ImageObject","inLanguage":"fr-FR","@id":"https:\/\/www.fractioncollector.info\/fr\/#\/schema\/logo\/image\/","url":"https:\/\/www.fractioncollector.info\/wp-content\/uploads\/lambda-logo.jpg","contentUrl":"https:\/\/www.fractioncollector.info\/wp-content\/uploads\/lambda-logo.jpg","width":1599,"height":365,"caption":"Instruments de laboratoire LAMBDA"},"image":{"@id":"https:\/\/www.fractioncollector.info\/fr\/#\/schema\/logo\/image\/"},"sameAs":["https:\/\/www.facebook.com\/LambdaLaboratoryInstrumentsCzSro\/","https:\/\/x.com\/LAMBDA_Labinstr","https:\/\/www.instagram.com\/lambdainstruments\/","https:\/\/www.linkedin.com\/company\/lambda-laboratory-instruments?trk=biz-companies-cym","https:\/\/www.pinterest.com\/lambdacz\/","https:\/\/www.youtube.com\/user\/LambdaCZ"]}]}},"_links":{"self":[{"href":"https:\/\/www.fractioncollector.info\/fr\/wp-json\/wp\/v2\/pages\/4651","targetHints":{"allow":["GET"]}}],"collection":[{"href":"https:\/\/www.fractioncollector.info\/fr\/wp-json\/wp\/v2\/pages"}],"about":[{"href":"https:\/\/www.fractioncollector.info\/fr\/wp-json\/wp\/v2\/types\/page"}],"author":[{"embeddable":true,"href":"https:\/\/www.fractioncollector.info\/fr\/wp-json\/wp\/v2\/users\/2"}],"replies":[{"embeddable":true,"href":"https:\/\/www.fractioncollector.info\/fr\/wp-json\/wp\/v2\/comments?post=4651"}],"version-history":[{"count":0,"href":"https:\/\/www.fractioncollector.info\/fr\/wp-json\/wp\/v2\/pages\/4651\/revisions"}],"wp:attachment":[{"href":"https:\/\/www.fractioncollector.info\/fr\/wp-json\/wp\/v2\/media?parent=4651"}],"curies":[{"name":"wp","href":"https:\/\/api.w.org\/{rel}","templated":true}]}}